{"id":7446,"date":"2020-05-25T17:41:05","date_gmt":"2020-05-25T14:41:05","guid":{"rendered":"https:\/\/cofetariascalaoradea.ro\/shop\/"},"modified":"2022-12-03T10:20:23","modified_gmt":"2022-12-03T08:20:23","slug":"shop","status":"publish","type":"page","link":"https:\/\/cofetariascala.11digits.eu\/en\/shop\/","title":{"rendered":"Shop"},"content":{"rendered":"<p>[et_pb_section fb_built=&#8221;1&#8243; fullwidth=&#8221;on&#8221; _builder_version=&#8221;4.4.7&#8243; hover_enabled=&#8221;0&#8243; global_colors_info=&#8221;{}&#8221; sticky_enabled=&#8221;0&#8243;][et_pb_fullwidth_image src=&#8221;https:\/\/cofetariascalaoradea.ro\/wp-content\/uploads\/2020\/05\/banner-mic-2.jpg&#8221; title_text=&#8221;banner-mic-2&#8243; _builder_version=&#8221;4.4.7&#8243; hover_enabled=&#8221;0&#8243; global_colors_info=&#8221;{}&#8221; sticky_enabled=&#8221;0&#8243;][\/et_pb_fullwidth_image][\/et_pb_section][et_pb_section fb_built=&#8221;1&#8243; _builder_version=&#8221;4.4.7&#8243; global_colors_info=&#8221;{}&#8221;][et_pb_row _builder_version=&#8221;4.4.7&#8243; global_colors_info=&#8221;{}&#8221;][et_pb_column type=&#8221;4_4&#8243; _builder_version=&#8221;4.4.7&#8243; global_colors_info=&#8221;{}&#8221;][et_pb_text _builder_version=&#8221;4.4.7&#8243; global_colors_info=&#8221;{}&#8221;]<\/p>\n<h1 style=\"text-align: center;\">Ce v\u0103 oferim?<\/h1>\n<p>[\/et_pb_text][et_pb_code _builder_version=&#8221;4.6.5&#8243; text_orientation=&#8221;center&#8221; global_colors_info=&#8221;{}&#8221;]<div class=\"woocommerce columns-4\"><ul class=\"products columns-4\">\n<li class=\"product-category product first\">\n\t<\/li>\n<li class=\"product-category product\">\n\t<\/li>\n<li class=\"product-category product\">\n\t<\/li>\n<li class=\"product-category product last\">\n\t<\/li>\n<\/ul>\n<\/div>[\/et_pb_code][\/et_pb_column][\/et_pb_row][\/et_pb_section][et_pb_section fb_built=&#8221;1&#8243; _builder_version=&#8221;4.6.5&#8243; _dynamic_attributes=&#8221;link_option_url&#8221; background_color=&#8221;#f3f3f3&#8243; custom_margin=&#8221;||||false|false&#8221; link_option_url=&#8221;@ET-DC@eyJkeW5hbWljIjp0cnVlLCJjb250ZW50IjoicG9zdF9saW5rX3VybF9wYWdlIiwic2V0dGluZ3MiOnsicG9zdF9pZCI6IjExMyJ9fQ==@&#8221; global_module=&#8221;333&#8243; saved_tabs=&#8221;all&#8221; global_colors_info=&#8221;{}&#8221;][et_pb_row _builder_version=&#8221;4.4.7&#8243; global_colors_info=&#8221;{}&#8221;][et_pb_column type=&#8221;4_4&#8243; _builder_version=&#8221;4.4.7&#8243; global_colors_info=&#8221;{}&#8221;][et_pb_code _builder_version=&#8221;4.7.4&#8243; text_orientation=&#8221;center&#8221; global_colors_info=&#8221;{}&#8221;]<form autocomplete=\"off\" name=\"wpv-filter-244\" action=\"\/en\/wp-json\/wp\/v2\/pages\/7446?wpv_view_count=244\" method=\"get\" class=\"wpv-filter-form js-wpv-filter-form js-wpv-filter-form-244 js-wpv-form-full\" data-viewnumber=\"244\" data-viewid=\"244\" data-viewhash=\"eyJuYW1lIjoidGVzdGltb25pYWxlLXNsaWRlciJ9\" data-viewwidgetid=\"0\" data-orderby=\"\" data-order=\"\" data-orderbyas=\"\" data-orderbysecond=\"\" data-ordersecond=\"\" data-parametric=\"{&quot;query&quot;:&quot;normal&quot;,&quot;id&quot;:244,&quot;view_id&quot;:244,&quot;widget_id&quot;:0,&quot;view_hash&quot;:&quot;244&quot;,&quot;action&quot;:&quot;\\\/en\\\/wp-json\\\/wp\\\/v2\\\/pages\\\/7446?wpv_view_count=244&quot;,&quot;sort&quot;:{&quot;orderby&quot;:&quot;&quot;,&quot;order&quot;:&quot;&quot;,&quot;orderby_as&quot;:&quot;&quot;,&quot;orderby_second&quot;:&quot;&quot;,&quot;order_second&quot;:&quot;&quot;},&quot;orderby&quot;:&quot;&quot;,&quot;order&quot;:&quot;&quot;,&quot;orderby_as&quot;:&quot;&quot;,&quot;orderby_second&quot;:&quot;&quot;,&quot;order_second&quot;:&quot;&quot;,&quot;ajax_form&quot;:&quot;&quot;,&quot;ajax_results&quot;:&quot;&quot;,&quot;effect&quot;:&quot;fade&quot;,&quot;prebefore&quot;:&quot;&quot;,&quot;before&quot;:&quot;&quot;,&quot;after&quot;:&quot;&quot;,&quot;attributes&quot;:[],&quot;environment&quot;:{&quot;current_post_id&quot;:7446,&quot;parent_post_id&quot;:7446,&quot;parent_term_id&quot;:0,&quot;parent_user_id&quot;:0,&quot;archive&quot;:{&quot;type&quot;:&quot;&quot;,&quot;name&quot;:&quot;&quot;,&quot;data&quot;:[]}},&quot;loop&quot;:{&quot;type&quot;:&quot;&quot;,&quot;name&quot;:&quot;&quot;,&quot;data&quot;:[],&quot;id&quot;:0}}\" data-attributes=\"[]\" data-environment=\"{&quot;current_post_id&quot;:7446,&quot;parent_post_id&quot;:7446,&quot;parent_term_id&quot;:0,&quot;parent_user_id&quot;:0,&quot;archive&quot;:{&quot;type&quot;:&quot;&quot;,&quot;name&quot;:&quot;&quot;,&quot;data&quot;:[]}}\"><input type=\"hidden\" class=\"js-wpv-dps-filter-data js-wpv-filter-data-for-this-form\" data-action=\"\/en\/wp-json\/wp\/v2\/pages\/7446?wpv_view_count=244\" data-page=\"1\" data-ajax=\"disable\" data-effect=\"fade\" data-maxpages=\"2\" data-ajaxprebefore=\"\" data-ajaxbefore=\"\" data-ajaxafter=\"\" \/><input class=\"wpv_view_count wpv_view_count-244\" type=\"hidden\" name=\"wpv_view_count\" value=\"244\" \/>\n\n<ul class=\"pagination et-pb-slider-arrows\">\n\t<li class=\"page-item\"><a class=\"wpv-filter-previous-link js-wpv-pagination-previous-link page-link  et-pb-arrow-prev\"\n\t\t\t\t\t href=\"\/en\/wp-json\/wp\/v2\/pages\/7446?wpv_view_count=244&#038;wpv_paged=2\" data-viewnumber=\"244\" data-page=\"2\"\n\t\t\t\t><span>Previous<\/span><\/a><\/li>\n\t<li class=\"page-item\"><a class=\"wpv-filter-next-link js-wpv-pagination-next-link page-link  et-pb-arrow-next\"  href=\"\/en\/wp-json\/wp\/v2\/pages\/7446?wpv_view_count=244&#038;wpv_paged=2\"\n\t\t\t\t\tdata-viewnumber=\"244\" data-page=\"2\"><span>Next<\/span><\/a><\/li>\n<\/ul>\n<\/form>\n<div id=\"wpv-view-layout-244\" class=\"js-wpv-view-layout js-wpv-layout-responsive js-wpv-view-layout-244 wpv-pagination js-wpv-layout-has-pagination wpv-pagination-preload-images js-wpv-layout-preload-images wpv-pagination-preload-pages js-wpv-layout-preload-pages\" style=\"visibility:hidden;\" data-viewnumber=\"244\" data-pagination=\"{&quot;id&quot;:244,&quot;query&quot;:&quot;normal&quot;,&quot;type&quot;:&quot;rollover&quot;,&quot;effect&quot;:&quot;fade&quot;,&quot;duration&quot;:900,&quot;speed&quot;:9,&quot;pause_on_hover&quot;:&quot;enabled&quot;,&quot;stop_rollover&quot;:&quot;true&quot;,&quot;cache_pages&quot;:&quot;enabled&quot;,&quot;preload_images&quot;:&quot;enabled&quot;,&quot;preload_pages&quot;:&quot;enabled&quot;,&quot;preload_reach&quot;:1,&quot;spinner&quot;:&quot;builtin&quot;,&quot;spinner_image&quot;:&quot;&quot;,&quot;callback_next&quot;:&quot;&quot;,&quot;manage_history&quot;:&quot;enabled&quot;,&quot;has_controls_in_form&quot;:&quot;enabled&quot;,&quot;infinite_tolerance&quot;:0,&quot;max_pages&quot;:2,&quot;page&quot;:1,&quot;base_permalink&quot;:&quot;\/en\/wp-json\/wp\/v2\/pages\/7446?wpv_view_count=244&amp;wpv_paged=WPV_PAGE_NUM&quot;,&quot;loop&quot;:{&quot;type&quot;:&quot;&quot;,&quot;name&quot;:&quot;&quot;,&quot;data&quot;:[],&quot;id&quot;:0}}\" data-permalink=\"\/en\/wp-json\/wp\/v2\/pages\/7446?wpv_view_count=244\">\n\n\t\n\t\n\t<div  style=\"padding: 0 100px;\">\n      \n        <div style=\"min-height: 265px;\"><div class=\"wp-block-image\">\n<figure class=\" tb-image tb-image-dynamic aligncenter\" data-toolset-blocks-image=\"b4efb9007b348f1b4d47f0c485955dfc\"><img decoding=\"async\" loading=\"lazy\" src=\"https:\/\/i0.wp.com\/cofetariascala.11digits.eu\/wp-content\/uploads\/2020\/05\/png.png?resize=100%2C100&#038;ssl=1\" alt=\"\" class=\"\"\/><\/figure>\n<\/div>\n\n\n<div class=\"tb-field aligncenter\" data-toolset-blocks-field=\"113a357c913a89523d21147ee37a06a2\"><em>Am avut o experien\u021ba foarte placuta cu aceasta cofet\u0103rie. Am dat comanda din alt jude\u021b pentru livrare la domiciliu in Oradea. Au fost foarte amabili, au ajutat cu toate informa\u021biile de care aveam nevoie \u0219i au ajutat cu sugestii. Mi-a pl\u0103cut ca s-a putut pl\u0103ti prin transfer bancar. Gustul tortului este foarte bun din spusele persoanei care a primit tortul. Recomand cofet\u0103ria pentru cine vrea sa surprind\u0103 pl\u0103cut \u0219i sa d\u0103ruiasc\u0103 produse gustoase \u0219i de calitate!<\/em><\/div>\n\n\n\n<h4 class=\"tb-heading\" data-toolset-blocks-heading=\"4228a087b36930cd15d8ca15733a1283\">Marta<\/h4>\n<\/div>\n\t  \n    <\/div>\n\t\n\t\n\t\n<\/div>\n[\/et_pb_code][et_pb_button button_url=&#8221;@ET-DC@eyJkeW5hbWljIjp0cnVlLCJjb250ZW50IjoicG9zdF9saW5rX3VybF9wYWdlIiwic2V0dGluZ3MiOnsicG9zdF9pZCI6IjExMyJ9fQ==@&#8221; button_text=&#8221;Testimonial&#8221; button_alignment=&#8221;center&#8221; _builder_version=&#8221;4.6.6&#8243; _dynamic_attributes=&#8221;button_url&#8221; custom_button=&#8221;on&#8221; button_text_color=&#8221;#be212e&#8221; button_bg_color=&#8221;#ffffff&#8221; button_use_icon=&#8221;off&#8221; global_colors_info=&#8221;{}&#8221; button_bg_color__hover_enabled=&#8221;on|hover&#8221; button_text_color__hover_enabled=&#8221;on|hover&#8221; button_bg_color__hover=&#8221;rgba(255,255,255,0.5)&#8221; button_bg_enable_color__hover=&#8221;on&#8221; button_border_color__hover_enabled=&#8221;on|hover&#8221; button_border_color__hover=&#8221;#be212e&#8221; button_text_color__hover=&#8221;#ffffff&#8221;][\/et_pb_button][\/et_pb_column][\/et_pb_row][\/et_pb_section]<\/p>\n","protected":false},"excerpt":{"rendered":"<p>Ce v\u0103 oferim?<div class=\"woocommerce columns-4\"><ul class=\"products columns-4\">\n<li class=\"product-category product first\">\n\t<\/li>\n<li class=\"product-category product\">\n\t<\/li>\n<li class=\"product-category product\">\n\t<\/li>\n<li class=\"product-category product last\">\n\t<\/li>\n<\/ul>\n<\/div><form autocomplete=\"off\" name=\"wpv-filter-244\" action=\"\/en\/wp-json\/wp\/v2\/pages\/7446?wpv_view_count=244\" method=\"get\" class=\"wpv-filter-form js-wpv-filter-form js-wpv-filter-form-244 js-wpv-form-full\" data-viewnumber=\"244\" data-viewid=\"244\" data-viewhash=\"eyJuYW1lIjoidGVzdGltb25pYWxlLXNsaWRlciJ9\" data-viewwidgetid=\"0\" data-orderby=\"\" data-order=\"\" data-orderbyas=\"\" data-orderbysecond=\"\" data-ordersecond=\"\" data-parametric=\"{&quot;query&quot;:&quot;normal&quot;,&quot;id&quot;:244,&quot;view_id&quot;:244,&quot;widget_id&quot;:0,&quot;view_hash&quot;:&quot;244&quot;,&quot;action&quot;:&quot;\\\/en\\\/wp-json\\\/wp\\\/v2\\\/pages\\\/7446?wpv_view_count=244&quot;,&quot;sort&quot;:{&quot;orderby&quot;:&quot;&quot;,&quot;order&quot;:&quot;&quot;,&quot;orderby_as&quot;:&quot;&quot;,&quot;orderby_second&quot;:&quot;&quot;,&quot;order_second&quot;:&quot;&quot;},&quot;orderby&quot;:&quot;&quot;,&quot;order&quot;:&quot;&quot;,&quot;orderby_as&quot;:&quot;&quot;,&quot;orderby_second&quot;:&quot;&quot;,&quot;order_second&quot;:&quot;&quot;,&quot;ajax_form&quot;:&quot;&quot;,&quot;ajax_results&quot;:&quot;&quot;,&quot;effect&quot;:&quot;fade&quot;,&quot;prebefore&quot;:&quot;&quot;,&quot;before&quot;:&quot;&quot;,&quot;after&quot;:&quot;&quot;,&quot;attributes&quot;:[],&quot;environment&quot;:{&quot;current_post_id&quot;:7446,&quot;parent_post_id&quot;:7446,&quot;parent_term_id&quot;:0,&quot;parent_user_id&quot;:0,&quot;archive&quot;:{&quot;type&quot;:&quot;&quot;,&quot;name&quot;:&quot;&quot;,&quot;data&quot;:[]}},&quot;loop&quot;:{&quot;type&quot;:&quot;&quot;,&quot;name&quot;:&quot;&quot;,&quot;data&quot;:[],&quot;id&quot;:0}}\" data-attributes=\"[]\" data-environment=\"{&quot;current_post_id&quot;:7446,&quot;parent_post_id&quot;:7446,&quot;parent_term_id&quot;:0,&quot;parent_user_id&quot;:0,&quot;archive&quot;:{&quot;type&quot;:&quot;&quot;,&quot;name&quot;:&quot;&quot;,&quot;data&quot;:[]}}\"><input type=\"hidden\" class=\"js-wpv-dps-filter-data js-wpv-filter-data-for-this-form\" data-action=\"\/en\/wp-json\/wp\/v2\/pages\/7446?wpv_view_count=244\" data-page=\"1\" data-ajax=\"disable\" data-effect=\"fade\" data-maxpages=\"2\" data-ajaxprebefore=\"\" data-ajaxbefore=\"\" data-ajaxafter=\"\" \/><input class=\"wpv_view_count wpv_view_count-244\" type=\"hidden\" name=\"wpv_view_count\" value=\"244\" \/>\n\n<ul class=\"pagination et-pb-slider-arrows\">\n\t<li class=\"page-item\"><a class=\"wpv-filter-previous-link js-wpv-pagination-previous-link page-link  et-pb-arrow-prev\"\n\t\t\t\t\t href=\"\/en\/wp-json\/wp\/v2\/pages\/7446?wpv_view_count=244&#038;wpv_paged=2\" data-viewnumber=\"244\" data-page=\"2\"\n\t\t\t\t><span>Previous<\/span><\/a><\/li>\n\t<li class=\"page-item\"><a class=\"wpv-filter-next-link js-wpv-pagination-next-link page-link  et-pb-arrow-next\"  href=\"\/en\/wp-json\/wp\/v2\/pages\/7446?wpv_view_count=244&#038;wpv_paged=2\"\n\t\t\t\t\tdata-viewnumber=\"244\" data-page=\"2\"><span>Next<\/span><\/a><\/li>\n<\/ul>\n<\/form>\n<div id=\"wpv-view-layout-244\" class=\"js-wpv-view-layout js-wpv-layout-responsive js-wpv-view-layout-244 wpv-pagination js-wpv-layout-has-pagination wpv-pagination-preload-images js-wpv-layout-preload-images wpv-pagination-preload-pages js-wpv-layout-preload-pages\" style=\"visibility:hidden;\" data-viewnumber=\"244\" data-pagination=\"{&quot;id&quot;:244,&quot;query&quot;:&quot;normal&quot;,&quot;type&quot;:&quot;rollover&quot;,&quot;effect&quot;:&quot;fade&quot;,&quot;duration&quot;:900,&quot;speed&quot;:9,&quot;pause_on_hover&quot;:&quot;enabled&quot;,&quot;stop_rollover&quot;:&quot;true&quot;,&quot;cache_pages&quot;:&quot;enabled&quot;,&quot;preload_images&quot;:&quot;enabled&quot;,&quot;preload_pages&quot;:&quot;enabled&quot;,&quot;preload_reach&quot;:1,&quot;spinner&quot;:&quot;builtin&quot;,&quot;spinner_image&quot;:&quot;&quot;,&quot;callback_next&quot;:&quot;&quot;,&quot;manage_history&quot;:&quot;enabled&quot;,&quot;has_controls_in_form&quot;:&quot;enabled&quot;,&quot;infinite_tolerance&quot;:0,&quot;max_pages&quot;:2,&quot;page&quot;:1,&quot;base_permalink&quot;:&quot;\/en\/wp-json\/wp\/v2\/pages\/7446?wpv_view_count=244&amp;wpv_paged=WPV_PAGE_NUM&quot;,&quot;loop&quot;:{&quot;type&quot;:&quot;&quot;,&quot;name&quot;:&quot;&quot;,&quot;data&quot;:[],&quot;id&quot;:0}}\" data-permalink=\"\/en\/wp-json\/wp\/v2\/pages\/7446?wpv_view_count=244\">\n\n\t\n\t\n\t<div  style=\"padding: 0 100px;\">\n      \n        <div style=\"min-height: 265px;\"><div class=\"wp-block-image\">\n<figure class=\" tb-image tb-image-dynamic aligncenter\" data-toolset-blocks-image=\"b4efb9007b348f1b4d47f0c485955dfc\"><img decoding=\"async\" loading=\"lazy\" src=\"https:\/\/i0.wp.com\/cofetariascala.11digits.eu\/wp-content\/uploads\/2020\/05\/png.png?resize=100%2C100&#038;ssl=1\" alt=\"\" class=\"\"\/><\/figure>\n<\/div>\n\n\n<div class=\"tb-field aligncenter\" data-toolset-blocks-field=\"113a357c913a89523d21147ee37a06a2\"><em>Am avut o experien\u021ba foarte placuta cu aceasta cofet\u0103rie. Am dat comanda din alt jude\u021b pentru livrare la domiciliu in Oradea. Au fost foarte amabili, au ajutat cu toate informa\u021biile de care aveam nevoie \u0219i au ajutat cu sugestii. Mi-a pl\u0103cut ca s-a putut pl\u0103ti prin transfer bancar. Gustul tortului este foarte bun din spusele persoanei care a primit tortul. Recomand cofet\u0103ria pentru cine vrea sa surprind\u0103 pl\u0103cut \u0219i sa d\u0103ruiasc\u0103 produse gustoase \u0219i de calitate!<\/em><\/div>\n\n\n\n<h4 class=\"tb-heading\" data-toolset-blocks-heading=\"4228a087b36930cd15d8ca15733a1283\">Marta<\/h4>\n<\/div>\n\t  \n    <\/div>\n\t\n\t\n\t\n<\/div>\n<\/p>\n","protected":false},"author":1,"featured_media":0,"parent":0,"menu_order":8,"comment_status":"closed","ping_status":"closed","template":"","meta":{"_et_pb_use_builder":"on","_et_pb_old_content":"","_et_gb_content_width":""},"acf":[],"yoast_head":"<!-- This site is optimized with the Yoast SEO plugin v20.9 - https:\/\/yoast.com\/wordpress\/plugins\/seo\/ -->\n<title>Shop - Cofetaria Scala Oradea<\/title>\n<meta name=\"robots\" content=\"index, follow, max-snippet:-1, max-image-preview:large, max-video-preview:-1\" \/>\n<link rel=\"canonical\" href=\"https:\/\/cofetariascala.11digits.eu\/en\/shop\/\" \/>\n<meta property=\"og:locale\" content=\"en_US\" \/>\n<meta property=\"og:type\" content=\"article\" \/>\n<meta property=\"og:title\" content=\"Shop - Cofetaria Scala Oradea\" \/>\n<meta property=\"og:description\" content=\"Ce v\u0103 oferim?\" \/>\n<meta property=\"og:url\" content=\"https:\/\/cofetariascala.11digits.eu\/en\/shop\/\" \/>\n<meta property=\"og:site_name\" content=\"Cofetaria Scala Oradea\" \/>\n<meta property=\"article:publisher\" content=\"https:\/\/www.facebook.com\/cofetariascalaoradea\" \/>\n<meta property=\"article:modified_time\" content=\"2022-12-03T08:20:23+00:00\" \/>\n<meta name=\"twitter:card\" content=\"summary_large_image\" \/>\n<meta name=\"twitter:label1\" content=\"Est. reading time\" \/>\n\t<meta name=\"twitter:data1\" content=\"2 minutes\" \/>\n<script type=\"application\/ld+json\" class=\"yoast-schema-graph\">{\"@context\":\"https:\/\/schema.org\",\"@graph\":[{\"@type\":\"WebPage\",\"@id\":\"https:\/\/cofetariascala.11digits.eu\/en\/shop\/\",\"url\":\"https:\/\/cofetariascala.11digits.eu\/en\/shop\/\",\"name\":\"Shop - Cofetaria Scala Oradea\",\"isPartOf\":{\"@id\":\"https:\/\/cofetariascala.11digits.eu\/en\/#website\"},\"datePublished\":\"2020-05-25T14:41:05+00:00\",\"dateModified\":\"2022-12-03T08:20:23+00:00\",\"breadcrumb\":{\"@id\":\"https:\/\/cofetariascala.11digits.eu\/en\/shop\/#breadcrumb\"},\"inLanguage\":\"en-US\",\"potentialAction\":[{\"@type\":\"ReadAction\",\"target\":[\"https:\/\/cofetariascala.11digits.eu\/en\/shop\/\"]}]},{\"@type\":\"BreadcrumbList\",\"@id\":\"https:\/\/cofetariascala.11digits.eu\/en\/shop\/#breadcrumb\",\"itemListElement\":[{\"@type\":\"ListItem\",\"position\":1,\"name\":\"Prima pagin\u0103\",\"item\":\"https:\/\/cofetariascala.11digits.eu\/en\/\"},{\"@type\":\"ListItem\",\"position\":2,\"name\":\"Shop\"}]},{\"@type\":\"WebSite\",\"@id\":\"https:\/\/cofetariascala.11digits.eu\/en\/#website\",\"url\":\"https:\/\/cofetariascala.11digits.eu\/en\/\",\"name\":\"Cofetaria Scala Oradea\",\"description\":\"-\",\"publisher\":{\"@id\":\"https:\/\/cofetariascala.11digits.eu\/en\/#organization\"},\"potentialAction\":[{\"@type\":\"SearchAction\",\"target\":{\"@type\":\"EntryPoint\",\"urlTemplate\":\"https:\/\/cofetariascala.11digits.eu\/en\/?s={search_term_string}\"},\"query-input\":\"required name=search_term_string\"}],\"inLanguage\":\"en-US\"},{\"@type\":\"Organization\",\"@id\":\"https:\/\/cofetariascala.11digits.eu\/en\/#organization\",\"name\":\"Cofetaria Scala Oradea\",\"url\":\"https:\/\/cofetariascala.11digits.eu\/en\/\",\"logo\":{\"@type\":\"ImageObject\",\"inLanguage\":\"en-US\",\"@id\":\"https:\/\/cofetariascala.11digits.eu\/en\/#\/schema\/logo\/image\/\",\"url\":\"https:\/\/cofetariascalaoradea.ro\/wp-content\/uploads\/2020\/05\/logo-cofetaria-scala-oradea.png\",\"contentUrl\":\"https:\/\/cofetariascalaoradea.ro\/wp-content\/uploads\/2020\/05\/logo-cofetaria-scala-oradea.png\",\"width\":300,\"height\":90,\"caption\":\"Cofetaria Scala Oradea\"},\"image\":{\"@id\":\"https:\/\/cofetariascala.11digits.eu\/en\/#\/schema\/logo\/image\/\"},\"sameAs\":[\"https:\/\/www.facebook.com\/cofetariascalaoradea\",\"https:\/\/www.instagram.com\/cofetariascalaoradea\"]}]}<\/script>\n<!-- \/ Yoast SEO plugin. -->","yoast_head_json":{"title":"Shop - Cofetaria Scala Oradea","robots":{"index":"index","follow":"follow","max-snippet":"max-snippet:-1","max-image-preview":"max-image-preview:large","max-video-preview":"max-video-preview:-1"},"canonical":"https:\/\/cofetariascala.11digits.eu\/en\/shop\/","og_locale":"en_US","og_type":"article","og_title":"Shop - Cofetaria Scala Oradea","og_description":"Ce v\u0103 oferim?","og_url":"https:\/\/cofetariascala.11digits.eu\/en\/shop\/","og_site_name":"Cofetaria Scala Oradea","article_publisher":"https:\/\/www.facebook.com\/cofetariascalaoradea","article_modified_time":"2022-12-03T08:20:23+00:00","twitter_card":"summary_large_image","twitter_misc":{"Est. reading time":"2 minutes"},"schema":{"@context":"https:\/\/schema.org","@graph":[{"@type":"WebPage","@id":"https:\/\/cofetariascala.11digits.eu\/en\/shop\/","url":"https:\/\/cofetariascala.11digits.eu\/en\/shop\/","name":"Shop - Cofetaria Scala Oradea","isPartOf":{"@id":"https:\/\/cofetariascala.11digits.eu\/en\/#website"},"datePublished":"2020-05-25T14:41:05+00:00","dateModified":"2022-12-03T08:20:23+00:00","breadcrumb":{"@id":"https:\/\/cofetariascala.11digits.eu\/en\/shop\/#breadcrumb"},"inLanguage":"en-US","potentialAction":[{"@type":"ReadAction","target":["https:\/\/cofetariascala.11digits.eu\/en\/shop\/"]}]},{"@type":"BreadcrumbList","@id":"https:\/\/cofetariascala.11digits.eu\/en\/shop\/#breadcrumb","itemListElement":[{"@type":"ListItem","position":1,"name":"Prima pagin\u0103","item":"https:\/\/cofetariascala.11digits.eu\/en\/"},{"@type":"ListItem","position":2,"name":"Shop"}]},{"@type":"WebSite","@id":"https:\/\/cofetariascala.11digits.eu\/en\/#website","url":"https:\/\/cofetariascala.11digits.eu\/en\/","name":"Cofetaria Scala Oradea","description":"-","publisher":{"@id":"https:\/\/cofetariascala.11digits.eu\/en\/#organization"},"potentialAction":[{"@type":"SearchAction","target":{"@type":"EntryPoint","urlTemplate":"https:\/\/cofetariascala.11digits.eu\/en\/?s={search_term_string}"},"query-input":"required name=search_term_string"}],"inLanguage":"en-US"},{"@type":"Organization","@id":"https:\/\/cofetariascala.11digits.eu\/en\/#organization","name":"Cofetaria Scala Oradea","url":"https:\/\/cofetariascala.11digits.eu\/en\/","logo":{"@type":"ImageObject","inLanguage":"en-US","@id":"https:\/\/cofetariascala.11digits.eu\/en\/#\/schema\/logo\/image\/","url":"https:\/\/cofetariascalaoradea.ro\/wp-content\/uploads\/2020\/05\/logo-cofetaria-scala-oradea.png","contentUrl":"https:\/\/cofetariascalaoradea.ro\/wp-content\/uploads\/2020\/05\/logo-cofetaria-scala-oradea.png","width":300,"height":90,"caption":"Cofetaria Scala Oradea"},"image":{"@id":"https:\/\/cofetariascala.11digits.eu\/en\/#\/schema\/logo\/image\/"},"sameAs":["https:\/\/www.facebook.com\/cofetariascalaoradea","https:\/\/www.instagram.com\/cofetariascalaoradea"]}]}},"_links":{"self":[{"href":"https:\/\/cofetariascala.11digits.eu\/en\/wp-json\/wp\/v2\/pages\/7446"}],"collection":[{"href":"https:\/\/cofetariascala.11digits.eu\/en\/wp-json\/wp\/v2\/pages"}],"about":[{"href":"https:\/\/cofetariascala.11digits.eu\/en\/wp-json\/wp\/v2\/types\/page"}],"author":[{"embeddable":true,"href":"https:\/\/cofetariascala.11digits.eu\/en\/wp-json\/wp\/v2\/users\/1"}],"replies":[{"embeddable":true,"href":"https:\/\/cofetariascala.11digits.eu\/en\/wp-json\/wp\/v2\/comments?post=7446"}],"version-history":[{"count":5,"href":"https:\/\/cofetariascala.11digits.eu\/en\/wp-json\/wp\/v2\/pages\/7446\/revisions"}],"predecessor-version":[{"id":7693,"href":"https:\/\/cofetariascala.11digits.eu\/en\/wp-json\/wp\/v2\/pages\/7446\/revisions\/7693"}],"wp:attachment":[{"href":"https:\/\/cofetariascala.11digits.eu\/en\/wp-json\/wp\/v2\/media?parent=7446"}],"curies":[{"name":"wp","href":"https:\/\/api.w.org\/{rel}","templated":true}]}}