{"id":7607,"date":"2020-05-25T21:20:45","date_gmt":"2020-05-25T18:20:45","guid":{"rendered":"https:\/\/cofetariascalaoradea.ro\/testimonial\/"},"modified":"2022-12-02T12:35:43","modified_gmt":"2022-12-02T10:35:43","slug":"testimonial","status":"publish","type":"page","link":"https:\/\/cofetariascala.11digits.eu\/en\/testimonial\/","title":{"rendered":"Testimonial"},"content":{"rendered":"<p>[et_pb_section fb_built=&#8221;1&#8243; fullwidth=&#8221;on&#8221; _builder_version=&#8221;4.4.7&#8243;][et_pb_fullwidth_image src=&#8221;https:\/\/cofetariascalaoradea.ro\/wp-content\/uploads\/2020\/07\/testimoniale-scala-oradea.png&#8221; title_text=&#8221;testimonials-scala-oradea&#8221; _builder_version=&#8221;4.5.1&#8243; hover_enabled=&#8221;0&#8243;][\/et_pb_fullwidth_image][\/et_pb_section][et_pb_section fb_built=&#8221;1&#8243; _builder_version=&#8221;4.4.7&#8243;][et_pb_row _builder_version=&#8221;4.4.7&#8243;][et_pb_column type=&#8221;4_4&#8243; _builder_version=&#8221;4.4.7&#8243;][et_pb_post_title meta=&#8221;off&#8221; featured_image=&#8221;off&#8221; _builder_version=&#8221;4.4.7&#8243; text_orientation=&#8221;center&#8221;][\/et_pb_post_title][et_pb_code _builder_version=&#8221;4.4.7&#8243; text_orientation=&#8221;center&#8221;]<form autocomplete=\"off\" name=\"wpv-filter-253\" action=\"\/en\/wp-json\/wp\/v2\/pages\/7607?wpv_view_count=253\" method=\"get\" class=\"wpv-filter-form js-wpv-filter-form js-wpv-filter-form-253 js-wpv-form-full\" data-viewnumber=\"253\" data-viewid=\"253\" data-viewhash=\"eyJuYW1lIjoidGVzdGltb25pYWxlLWdyaWQifQ==\" data-viewwidgetid=\"0\" data-orderby=\"\" data-order=\"\" data-orderbyas=\"\" data-orderbysecond=\"\" data-ordersecond=\"\" data-parametric=\"{&quot;query&quot;:&quot;normal&quot;,&quot;id&quot;:253,&quot;view_id&quot;:253,&quot;widget_id&quot;:0,&quot;view_hash&quot;:&quot;253&quot;,&quot;action&quot;:&quot;\\\/en\\\/wp-json\\\/wp\\\/v2\\\/pages\\\/7607?wpv_view_count=253&quot;,&quot;sort&quot;:{&quot;orderby&quot;:&quot;&quot;,&quot;order&quot;:&quot;&quot;,&quot;orderby_as&quot;:&quot;&quot;,&quot;orderby_second&quot;:&quot;&quot;,&quot;order_second&quot;:&quot;&quot;},&quot;orderby&quot;:&quot;&quot;,&quot;order&quot;:&quot;&quot;,&quot;orderby_as&quot;:&quot;&quot;,&quot;orderby_second&quot;:&quot;&quot;,&quot;order_second&quot;:&quot;&quot;,&quot;ajax_form&quot;:&quot;&quot;,&quot;ajax_results&quot;:&quot;&quot;,&quot;effect&quot;:&quot;fade&quot;,&quot;prebefore&quot;:&quot;&quot;,&quot;before&quot;:&quot;&quot;,&quot;after&quot;:&quot;&quot;,&quot;attributes&quot;:[],&quot;environment&quot;:{&quot;current_post_id&quot;:7607,&quot;parent_post_id&quot;:7607,&quot;parent_term_id&quot;:0,&quot;parent_user_id&quot;:0,&quot;archive&quot;:{&quot;type&quot;:&quot;&quot;,&quot;name&quot;:&quot;&quot;,&quot;data&quot;:[]}},&quot;loop&quot;:{&quot;type&quot;:&quot;&quot;,&quot;name&quot;:&quot;&quot;,&quot;data&quot;:[],&quot;id&quot;:0}}\" data-attributes=\"[]\" data-environment=\"{&quot;current_post_id&quot;:7607,&quot;parent_post_id&quot;:7607,&quot;parent_term_id&quot;:0,&quot;parent_user_id&quot;:0,&quot;archive&quot;:{&quot;type&quot;:&quot;&quot;,&quot;name&quot;:&quot;&quot;,&quot;data&quot;:[]}}\"><input type=\"hidden\" class=\"js-wpv-dps-filter-data js-wpv-filter-data-for-this-form\" data-action=\"\/en\/wp-json\/wp\/v2\/pages\/7607?wpv_view_count=253\" data-page=\"1\" data-ajax=\"disable\" data-effect=\"fade\" data-maxpages=\"1\" data-ajaxprebefore=\"\" data-ajaxbefore=\"\" data-ajaxafter=\"\" \/><input class=\"wpv_view_count wpv_view_count-253\" type=\"hidden\" name=\"wpv_view_count\" value=\"253\" \/>\n\n\n<\/form>\n<div id=\"wpv-view-layout-253\" class=\"js-wpv-view-layout js-wpv-layout-responsive js-wpv-view-layout-253 wpv-pagination js-wpv-layout-has-pagination wpv-pagination-preload-images js-wpv-layout-preload-images wpv-pagination-preload-pages js-wpv-layout-preload-pages\" style=\"visibility:hidden;\" data-viewnumber=\"253\" data-pagination=\"{&quot;id&quot;:253,&quot;query&quot;:&quot;normal&quot;,&quot;type&quot;:&quot;ajaxed&quot;,&quot;effect&quot;:&quot;fade&quot;,&quot;duration&quot;:500,&quot;speed&quot;:5,&quot;pause_on_hover&quot;:&quot;disabled&quot;,&quot;stop_rollover&quot;:&quot;false&quot;,&quot;cache_pages&quot;:&quot;enabled&quot;,&quot;preload_images&quot;:&quot;enabled&quot;,&quot;preload_pages&quot;:&quot;enabled&quot;,&quot;preload_reach&quot;:1,&quot;spinner&quot;:&quot;builtin&quot;,&quot;spinner_image&quot;:&quot;&quot;,&quot;callback_next&quot;:&quot;&quot;,&quot;manage_history&quot;:&quot;enabled&quot;,&quot;has_controls_in_form&quot;:&quot;enabled&quot;,&quot;infinite_tolerance&quot;:0,&quot;max_pages&quot;:1,&quot;page&quot;:1,&quot;base_permalink&quot;:&quot;\/en\/wp-json\/wp\/v2\/pages\/7607?wpv_view_count=253&amp;wpv_paged=WPV_PAGE_NUM&quot;,&quot;loop&quot;:{&quot;type&quot;:&quot;&quot;,&quot;name&quot;:&quot;&quot;,&quot;data&quot;:[],&quot;id&quot;:0}}\" data-permalink=\"\/en\/wp-json\/wp\/v2\/pages\/7607?wpv_view_count=253\">\n\n\t\n\t\n\t\n\t\t<div class=\"wp-block-image\">\n<figure class=\" tb-image tb-image-dynamic aligncenter\" data-toolset-blocks-image=\"efbb94934c7e8baba53f2e83b0d140b6\"><img decoding=\"async\" loading=\"lazy\" src=\"https:\/\/i0.wp.com\/cofetariascala.11digits.eu\/wp-content\/uploads\/2020\/05\/png.png?resize=100%2C100&#038;ssl=1\" alt=\"\" class=\"\"\/><\/figure>\n<\/div>\n\n\n<div class=\"tb-field aligncenter\" data-toolset-blocks-field=\"4fa1ce64442e4cc7d29815df8664b522\"><em>Am avut o experien\u021ba foarte placuta cu aceasta cofet\u0103rie. Am dat comanda din alt jude\u021b pentru livrare la domiciliu in Oradea. Au fost foarte amabili, au ajutat cu toate informa\u021biile de care aveam nevoie \u0219i au ajutat cu sugestii. Mi-a pl\u0103cut ca s-a putut pl\u0103ti prin transfer bancar. Gustul tortului este foarte bun din spusele persoanei care a primit tortul. Recomand cofet\u0103ria pentru cine vrea sa surprind\u0103 pl\u0103cut \u0219i sa d\u0103ruiasc\u0103 produse gustoase \u0219i de calitate!<\/em><\/div>\n\n\n\n<h4 class=\"tb-heading aligncenter\" data-toolset-blocks-heading=\"dd943d9262023a7464b9ec2178e54758\">Marta<\/h4>\n\n\n\n<p><\/p>\n\n\t\n\t\t<div class=\"wp-block-image\">\n<figure class=\" tb-image tb-image-dynamic aligncenter\" data-toolset-blocks-image=\"efbb94934c7e8baba53f2e83b0d140b6\"><img decoding=\"async\" loading=\"lazy\" src=\"https:\/\/i0.wp.com\/cofetariascala.11digits.eu\/wp-content\/uploads\/2020\/05\/png.png?resize=100%2C100&#038;ssl=1\" alt=\"\" class=\"\"\/><\/figure>\n<\/div>\n\n\n<div class=\"tb-field aligncenter\" data-toolset-blocks-field=\"4fa1ce64442e4cc7d29815df8664b522\"><em>Foarte mul\u021bumit\u0103! Recomand cu incredere! Va mul\u021bumim frumos.<\/em><\/div>\n\n\n\n<h4 class=\"tb-heading aligncenter\" data-toolset-blocks-heading=\"dd943d9262023a7464b9ec2178e54758\">Nicoleta<\/h4>\n\n\n\n<p><\/p>\n\n\t\n\t\n\t\n\t\n<\/div>\n[\/et_pb_code][\/et_pb_column][\/et_pb_row][\/et_pb_section][et_pb_section fb_built=&#8221;1&#8243; module_id=&#8221;what-you-get&#8221; _builder_version=&#8221;4.4.7&#8243; custom_margin=&#8221;||||false|false&#8221; custom_padding=&#8221;||0px||false|false&#8221; global_module=&#8221;286&#8243; saved_tabs=&#8221;all&#8221;][et_pb_row _builder_version=&#8221;4.4.7&#8243; custom_margin=&#8221;||||false|false&#8221; custom_padding=&#8221;||0px||false|false&#8221;][et_pb_column type=&#8221;4_4&#8243; _builder_version=&#8221;4.4.7&#8243;][et_pb_text _builder_version=&#8221;4.4.7&#8243; header_2_font=&#8221;|600|||||||&#8221; custom_margin=&#8221;||0px||false|false&#8221;]<\/p>\n<h2 style=\"text-align: center;\">What do we offer?<\/h2>\n<p>[\/et_pb_text][et_pb_code _builder_version=&#8221;4.4.8&#8243; text_orientation=&#8221;center&#8221; custom_margin=&#8221;||||false|false&#8221; custom_padding=&#8221;||||false|false&#8221;]<div class=\"woocommerce columns-4\"><ul class=\"products columns-4\">\n<li class=\"product-category product first\">\n\t<\/li>\n<li class=\"product-category product\">\n\t<\/li>\n<li class=\"product-category product\">\n\t<\/li>\n<\/ul>\n<\/div>[\/et_pb_code][\/et_pb_column][\/et_pb_row][\/et_pb_section]<\/p>\n","protected":false},"excerpt":{"rendered":"<p><form autocomplete=\"off\" name=\"wpv-filter-253\" action=\"\/en\/wp-json\/wp\/v2\/pages\/7607?wpv_view_count=253\" method=\"get\" class=\"wpv-filter-form js-wpv-filter-form js-wpv-filter-form-253 js-wpv-form-full\" data-viewnumber=\"253\" data-viewid=\"253\" data-viewhash=\"eyJuYW1lIjoidGVzdGltb25pYWxlLWdyaWQifQ==\" data-viewwidgetid=\"0\" data-orderby=\"\" data-order=\"\" data-orderbyas=\"\" data-orderbysecond=\"\" data-ordersecond=\"\" data-parametric=\"{&quot;query&quot;:&quot;normal&quot;,&quot;id&quot;:253,&quot;view_id&quot;:253,&quot;widget_id&quot;:0,&quot;view_hash&quot;:&quot;253&quot;,&quot;action&quot;:&quot;\\\/en\\\/wp-json\\\/wp\\\/v2\\\/pages\\\/7607?wpv_view_count=253&quot;,&quot;sort&quot;:{&quot;orderby&quot;:&quot;&quot;,&quot;order&quot;:&quot;&quot;,&quot;orderby_as&quot;:&quot;&quot;,&quot;orderby_second&quot;:&quot;&quot;,&quot;order_second&quot;:&quot;&quot;},&quot;orderby&quot;:&quot;&quot;,&quot;order&quot;:&quot;&quot;,&quot;orderby_as&quot;:&quot;&quot;,&quot;orderby_second&quot;:&quot;&quot;,&quot;order_second&quot;:&quot;&quot;,&quot;ajax_form&quot;:&quot;&quot;,&quot;ajax_results&quot;:&quot;&quot;,&quot;effect&quot;:&quot;fade&quot;,&quot;prebefore&quot;:&quot;&quot;,&quot;before&quot;:&quot;&quot;,&quot;after&quot;:&quot;&quot;,&quot;attributes&quot;:[],&quot;environment&quot;:{&quot;current_post_id&quot;:7607,&quot;parent_post_id&quot;:7607,&quot;parent_term_id&quot;:0,&quot;parent_user_id&quot;:0,&quot;archive&quot;:{&quot;type&quot;:&quot;&quot;,&quot;name&quot;:&quot;&quot;,&quot;data&quot;:[]}},&quot;loop&quot;:{&quot;type&quot;:&quot;&quot;,&quot;name&quot;:&quot;&quot;,&quot;data&quot;:[],&quot;id&quot;:0}}\" data-attributes=\"[]\" data-environment=\"{&quot;current_post_id&quot;:7607,&quot;parent_post_id&quot;:7607,&quot;parent_term_id&quot;:0,&quot;parent_user_id&quot;:0,&quot;archive&quot;:{&quot;type&quot;:&quot;&quot;,&quot;name&quot;:&quot;&quot;,&quot;data&quot;:[]}}\"><input type=\"hidden\" class=\"js-wpv-dps-filter-data js-wpv-filter-data-for-this-form\" data-action=\"\/en\/wp-json\/wp\/v2\/pages\/7607?wpv_view_count=253\" data-page=\"1\" data-ajax=\"disable\" data-effect=\"fade\" data-maxpages=\"1\" data-ajaxprebefore=\"\" data-ajaxbefore=\"\" data-ajaxafter=\"\" \/><input class=\"wpv_view_count wpv_view_count-253\" type=\"hidden\" name=\"wpv_view_count\" value=\"253\" \/>\n\n\n<\/form>\n<div id=\"wpv-view-layout-253\" class=\"js-wpv-view-layout js-wpv-layout-responsive js-wpv-view-layout-253 wpv-pagination js-wpv-layout-has-pagination wpv-pagination-preload-images js-wpv-layout-preload-images wpv-pagination-preload-pages js-wpv-layout-preload-pages\" style=\"visibility:hidden;\" data-viewnumber=\"253\" data-pagination=\"{&quot;id&quot;:253,&quot;query&quot;:&quot;normal&quot;,&quot;type&quot;:&quot;ajaxed&quot;,&quot;effect&quot;:&quot;fade&quot;,&quot;duration&quot;:500,&quot;speed&quot;:5,&quot;pause_on_hover&quot;:&quot;disabled&quot;,&quot;stop_rollover&quot;:&quot;false&quot;,&quot;cache_pages&quot;:&quot;enabled&quot;,&quot;preload_images&quot;:&quot;enabled&quot;,&quot;preload_pages&quot;:&quot;enabled&quot;,&quot;preload_reach&quot;:1,&quot;spinner&quot;:&quot;builtin&quot;,&quot;spinner_image&quot;:&quot;&quot;,&quot;callback_next&quot;:&quot;&quot;,&quot;manage_history&quot;:&quot;enabled&quot;,&quot;has_controls_in_form&quot;:&quot;enabled&quot;,&quot;infinite_tolerance&quot;:0,&quot;max_pages&quot;:1,&quot;page&quot;:1,&quot;base_permalink&quot;:&quot;\/en\/wp-json\/wp\/v2\/pages\/7607?wpv_view_count=253&amp;wpv_paged=WPV_PAGE_NUM&quot;,&quot;loop&quot;:{&quot;type&quot;:&quot;&quot;,&quot;name&quot;:&quot;&quot;,&quot;data&quot;:[],&quot;id&quot;:0}}\" data-permalink=\"\/en\/wp-json\/wp\/v2\/pages\/7607?wpv_view_count=253\">\n\n\t\n\t\n\t\n\t\t<div class=\"wp-block-image\">\n<figure class=\" tb-image tb-image-dynamic aligncenter\" data-toolset-blocks-image=\"efbb94934c7e8baba53f2e83b0d140b6\"><img decoding=\"async\" loading=\"lazy\" src=\"https:\/\/i0.wp.com\/cofetariascala.11digits.eu\/wp-content\/uploads\/2020\/05\/png.png?resize=100%2C100&#038;ssl=1\" alt=\"\" class=\"\"\/><\/figure>\n<\/div>\n\n\n<div class=\"tb-field aligncenter\" data-toolset-blocks-field=\"4fa1ce64442e4cc7d29815df8664b522\"><em>Am avut o experien\u021ba foarte placuta cu aceasta cofet\u0103rie. Am dat comanda din alt jude\u021b pentru livrare la domiciliu in Oradea. Au fost foarte amabili, au ajutat cu toate informa\u021biile de care aveam nevoie \u0219i au ajutat cu sugestii. Mi-a pl\u0103cut ca s-a putut pl\u0103ti prin transfer bancar. Gustul tortului este foarte bun din spusele persoanei care a primit tortul. Recomand cofet\u0103ria pentru cine vrea sa surprind\u0103 pl\u0103cut \u0219i sa d\u0103ruiasc\u0103 produse gustoase \u0219i de calitate!<\/em><\/div>\n\n\n\n<h4 class=\"tb-heading aligncenter\" data-toolset-blocks-heading=\"dd943d9262023a7464b9ec2178e54758\">Marta<\/h4>\n\n\n\n<p><\/p>\n\n\t\n\t\t<div class=\"wp-block-image\">\n<figure class=\" tb-image tb-image-dynamic aligncenter\" data-toolset-blocks-image=\"efbb94934c7e8baba53f2e83b0d140b6\"><img decoding=\"async\" loading=\"lazy\" src=\"https:\/\/i0.wp.com\/cofetariascala.11digits.eu\/wp-content\/uploads\/2020\/05\/png.png?resize=100%2C100&#038;ssl=1\" alt=\"\" class=\"\"\/><\/figure>\n<\/div>\n\n\n<div class=\"tb-field aligncenter\" data-toolset-blocks-field=\"4fa1ce64442e4cc7d29815df8664b522\"><em>Foarte mul\u021bumit\u0103! Recomand cu incredere! Va mul\u021bumim frumos.<\/em><\/div>\n\n\n\n<h4 class=\"tb-heading aligncenter\" data-toolset-blocks-heading=\"dd943d9262023a7464b9ec2178e54758\">Nicoleta<\/h4>\n\n\n\n<p><\/p>\n\n\t\n\t\n\t\n\t\n<\/div>\nWhat do we offer?<div class=\"woocommerce columns-4\"><ul class=\"products columns-4\">\n<li class=\"product-category product first\">\n\t<\/li>\n<li class=\"product-category product\">\n\t<\/li>\n<li class=\"product-category product\">\n\t<\/li>\n<\/ul>\n<\/div><\/p>\n","protected":false},"author":1,"featured_media":0,"parent":0,"menu_order":4,"comment_status":"closed","ping_status":"closed","template":"","meta":{"_et_pb_use_builder":"on","_et_pb_old_content":"","_et_gb_content_width":""},"acf":[],"yoast_head":"<!-- This site is optimized with the Yoast SEO plugin v20.9 - https:\/\/yoast.com\/wordpress\/plugins\/seo\/ -->\n<title>Testimonial - Cofetaria Scala Oradea<\/title>\n<meta name=\"robots\" content=\"index, follow, max-snippet:-1, max-image-preview:large, max-video-preview:-1\" \/>\n<link rel=\"canonical\" href=\"https:\/\/cofetariascala.11digits.eu\/en\/testimonial\/\" \/>\n<meta property=\"og:locale\" content=\"en_US\" \/>\n<meta property=\"og:type\" content=\"article\" \/>\n<meta property=\"og:title\" content=\"Testimonial - Cofetaria Scala Oradea\" \/>\n<meta property=\"og:description\" content=\"What do we offer?\" \/>\n<meta property=\"og:url\" content=\"https:\/\/cofetariascala.11digits.eu\/en\/testimonial\/\" \/>\n<meta property=\"og:site_name\" content=\"Cofetaria Scala Oradea\" \/>\n<meta property=\"article:publisher\" content=\"https:\/\/www.facebook.com\/cofetariascalaoradea\" \/>\n<meta property=\"article:modified_time\" content=\"2022-12-02T10:35:43+00:00\" \/>\n<meta name=\"twitter:card\" content=\"summary_large_image\" \/>\n<meta name=\"twitter:label1\" content=\"Est. reading time\" \/>\n\t<meta name=\"twitter:data1\" content=\"1 minute\" \/>\n<script type=\"application\/ld+json\" class=\"yoast-schema-graph\">{\"@context\":\"https:\/\/schema.org\",\"@graph\":[{\"@type\":\"WebPage\",\"@id\":\"https:\/\/cofetariascala.11digits.eu\/en\/testimonial\/\",\"url\":\"https:\/\/cofetariascala.11digits.eu\/en\/testimonial\/\",\"name\":\"Testimonial - Cofetaria Scala Oradea\",\"isPartOf\":{\"@id\":\"https:\/\/cofetariascala.11digits.eu\/en\/#website\"},\"datePublished\":\"2020-05-25T18:20:45+00:00\",\"dateModified\":\"2022-12-02T10:35:43+00:00\",\"breadcrumb\":{\"@id\":\"https:\/\/cofetariascala.11digits.eu\/en\/testimonial\/#breadcrumb\"},\"inLanguage\":\"en-US\",\"potentialAction\":[{\"@type\":\"ReadAction\",\"target\":[\"https:\/\/cofetariascala.11digits.eu\/en\/testimonial\/\"]}]},{\"@type\":\"BreadcrumbList\",\"@id\":\"https:\/\/cofetariascala.11digits.eu\/en\/testimonial\/#breadcrumb\",\"itemListElement\":[{\"@type\":\"ListItem\",\"position\":1,\"name\":\"Prima pagin\u0103\",\"item\":\"https:\/\/cofetariascala.11digits.eu\/en\/\"},{\"@type\":\"ListItem\",\"position\":2,\"name\":\"Testimonial\"}]},{\"@type\":\"WebSite\",\"@id\":\"https:\/\/cofetariascala.11digits.eu\/en\/#website\",\"url\":\"https:\/\/cofetariascala.11digits.eu\/en\/\",\"name\":\"Cofetaria Scala Oradea\",\"description\":\"-\",\"publisher\":{\"@id\":\"https:\/\/cofetariascala.11digits.eu\/en\/#organization\"},\"potentialAction\":[{\"@type\":\"SearchAction\",\"target\":{\"@type\":\"EntryPoint\",\"urlTemplate\":\"https:\/\/cofetariascala.11digits.eu\/en\/?s={search_term_string}\"},\"query-input\":\"required name=search_term_string\"}],\"inLanguage\":\"en-US\"},{\"@type\":\"Organization\",\"@id\":\"https:\/\/cofetariascala.11digits.eu\/en\/#organization\",\"name\":\"Cofetaria Scala Oradea\",\"url\":\"https:\/\/cofetariascala.11digits.eu\/en\/\",\"logo\":{\"@type\":\"ImageObject\",\"inLanguage\":\"en-US\",\"@id\":\"https:\/\/cofetariascala.11digits.eu\/en\/#\/schema\/logo\/image\/\",\"url\":\"https:\/\/cofetariascalaoradea.ro\/wp-content\/uploads\/2020\/05\/logo-cofetaria-scala-oradea.png\",\"contentUrl\":\"https:\/\/cofetariascalaoradea.ro\/wp-content\/uploads\/2020\/05\/logo-cofetaria-scala-oradea.png\",\"width\":300,\"height\":90,\"caption\":\"Cofetaria Scala Oradea\"},\"image\":{\"@id\":\"https:\/\/cofetariascala.11digits.eu\/en\/#\/schema\/logo\/image\/\"},\"sameAs\":[\"https:\/\/www.facebook.com\/cofetariascalaoradea\",\"https:\/\/www.instagram.com\/cofetariascalaoradea\"]}]}<\/script>\n<!-- \/ Yoast SEO plugin. -->","yoast_head_json":{"title":"Testimonial - Cofetaria Scala Oradea","robots":{"index":"index","follow":"follow","max-snippet":"max-snippet:-1","max-image-preview":"max-image-preview:large","max-video-preview":"max-video-preview:-1"},"canonical":"https:\/\/cofetariascala.11digits.eu\/en\/testimonial\/","og_locale":"en_US","og_type":"article","og_title":"Testimonial - Cofetaria Scala Oradea","og_description":"What do we offer?","og_url":"https:\/\/cofetariascala.11digits.eu\/en\/testimonial\/","og_site_name":"Cofetaria Scala Oradea","article_publisher":"https:\/\/www.facebook.com\/cofetariascalaoradea","article_modified_time":"2022-12-02T10:35:43+00:00","twitter_card":"summary_large_image","twitter_misc":{"Est. reading time":"1 minute"},"schema":{"@context":"https:\/\/schema.org","@graph":[{"@type":"WebPage","@id":"https:\/\/cofetariascala.11digits.eu\/en\/testimonial\/","url":"https:\/\/cofetariascala.11digits.eu\/en\/testimonial\/","name":"Testimonial - Cofetaria Scala Oradea","isPartOf":{"@id":"https:\/\/cofetariascala.11digits.eu\/en\/#website"},"datePublished":"2020-05-25T18:20:45+00:00","dateModified":"2022-12-02T10:35:43+00:00","breadcrumb":{"@id":"https:\/\/cofetariascala.11digits.eu\/en\/testimonial\/#breadcrumb"},"inLanguage":"en-US","potentialAction":[{"@type":"ReadAction","target":["https:\/\/cofetariascala.11digits.eu\/en\/testimonial\/"]}]},{"@type":"BreadcrumbList","@id":"https:\/\/cofetariascala.11digits.eu\/en\/testimonial\/#breadcrumb","itemListElement":[{"@type":"ListItem","position":1,"name":"Prima pagin\u0103","item":"https:\/\/cofetariascala.11digits.eu\/en\/"},{"@type":"ListItem","position":2,"name":"Testimonial"}]},{"@type":"WebSite","@id":"https:\/\/cofetariascala.11digits.eu\/en\/#website","url":"https:\/\/cofetariascala.11digits.eu\/en\/","name":"Cofetaria Scala Oradea","description":"-","publisher":{"@id":"https:\/\/cofetariascala.11digits.eu\/en\/#organization"},"potentialAction":[{"@type":"SearchAction","target":{"@type":"EntryPoint","urlTemplate":"https:\/\/cofetariascala.11digits.eu\/en\/?s={search_term_string}"},"query-input":"required name=search_term_string"}],"inLanguage":"en-US"},{"@type":"Organization","@id":"https:\/\/cofetariascala.11digits.eu\/en\/#organization","name":"Cofetaria Scala Oradea","url":"https:\/\/cofetariascala.11digits.eu\/en\/","logo":{"@type":"ImageObject","inLanguage":"en-US","@id":"https:\/\/cofetariascala.11digits.eu\/en\/#\/schema\/logo\/image\/","url":"https:\/\/cofetariascalaoradea.ro\/wp-content\/uploads\/2020\/05\/logo-cofetaria-scala-oradea.png","contentUrl":"https:\/\/cofetariascalaoradea.ro\/wp-content\/uploads\/2020\/05\/logo-cofetaria-scala-oradea.png","width":300,"height":90,"caption":"Cofetaria Scala Oradea"},"image":{"@id":"https:\/\/cofetariascala.11digits.eu\/en\/#\/schema\/logo\/image\/"},"sameAs":["https:\/\/www.facebook.com\/cofetariascalaoradea","https:\/\/www.instagram.com\/cofetariascalaoradea"]}]}},"_links":{"self":[{"href":"https:\/\/cofetariascala.11digits.eu\/en\/wp-json\/wp\/v2\/pages\/7607"}],"collection":[{"href":"https:\/\/cofetariascala.11digits.eu\/en\/wp-json\/wp\/v2\/pages"}],"about":[{"href":"https:\/\/cofetariascala.11digits.eu\/en\/wp-json\/wp\/v2\/types\/page"}],"author":[{"embeddable":true,"href":"https:\/\/cofetariascala.11digits.eu\/en\/wp-json\/wp\/v2\/users\/1"}],"replies":[{"embeddable":true,"href":"https:\/\/cofetariascala.11digits.eu\/en\/wp-json\/wp\/v2\/comments?post=7607"}],"version-history":[{"count":2,"href":"https:\/\/cofetariascala.11digits.eu\/en\/wp-json\/wp\/v2\/pages\/7607\/revisions"}],"predecessor-version":[{"id":7646,"href":"https:\/\/cofetariascala.11digits.eu\/en\/wp-json\/wp\/v2\/pages\/7607\/revisions\/7646"}],"wp:attachment":[{"href":"https:\/\/cofetariascala.11digits.eu\/en\/wp-json\/wp\/v2\/media?parent=7607"}],"curies":[{"name":"wp","href":"https:\/\/api.w.org\/{rel}","templated":true}]}}