{"id":7439,"date":"2020-05-25T20:19:32","date_gmt":"2020-05-25T17:19:32","guid":{"rendered":"https:\/\/cofetariascalaoradea.ro\/terminos-y-condiciones\/"},"modified":"2022-12-02T12:30:35","modified_gmt":"2022-12-02T10:30:35","slug":"terminos-y-condiciones","status":"publish","type":"page","link":"https:\/\/cofetariascala.11digits.eu\/es\/terminos-y-condiciones\/","title":{"rendered":"T\u00e9rminos y condiciones"},"content":{"rendered":"<p>[et_pb_section fb_built=\u00bb1&#8243; _builder_version=\u00bb4.4.7&#8243;][et_pb_row _builder_version=\u00bb4.4.7&#8243;][et_pb_column type=\u00bb4_4&#8243; _builder_version=\u00bb4.4.7&#8243;][et_pb_text _builder_version=\u00bb4.6.6&#8243; hover_enabled=\u00bb0&#8243; content_last_edited=\u00bboff|desktop\u00bb sticky_enabled=\u00bb0&#8243;]<\/p>\n<h1 style=\"text-align: center;\">T\u00e9rminos y condiciones<\/h1>\n<p>SCALA DANIA SRL vende alimentos en l\u00ednea cf. arte. 9 %. 4 del GEO 99\/2000.<\/p>\n<p>El uso de este sitio implica la aceptaci\u00f3n de la pol\u00edtica de privacidad y de los t\u00e9rminos y condiciones que figuran a continuaci\u00f3n.<\/p>\n<p>Le rogamos que lea atentamente las condiciones de uso establecidas en esta p\u00e1gina antes de utilizar cualquier material, informaci\u00f3n, producto o servicio a trav\u00e9s de www.cofetariascalaoradea.ro. Al acceder a <a href=\"http:\/\/www.cofetariascalaoradea.ro\">www.cofetariascalaoradea.ro<\/a>, usted se compromete a aceptar, sin limitaciones ni reservas, todos estos t\u00e9rminos y condiciones de uso. Si no acepta estas condiciones, abandone www.cofetariascalaoradea.ro. Al utilizar, ver, transmitir, retener, almacenar y\/o usar el Sitio, los servicios o caracter\u00edsticas ofrecidas en o por el Sitio, o el contenido del Sitio, de cualquier manera, usted acepta cada uno de los t\u00e9rminos y condiciones establecidos a continuaci\u00f3n, y renuncia a cualquier derecho a reclamar ambig\u00fcedad o error en este Acuerdo.<\/p>\n<h4><strong><b>Datos de identificaci\u00f3n del propietario del sitio<\/b><\/strong><\/h4>\n<p>Propietario del dominio <em><br \/>\n  <a href=\"http:\/\/www.cofetariascalaoradea.ro\"><br \/>\n    <u>cofetariascalaoradea.ro<\/u><br \/>\n  <\/a><br \/>\n<\/em> y el contenido del sitio web <em><br \/>\n  <a href=\"http:\/\/www.cofetariascalaoradea.ro\"><br \/>\n    <u>www.cofetariascalaoradea.ro<\/u><br \/>\n  <\/a><br \/>\n<\/em> (en adelante, el \u00absitio web\u00bb) es:<\/p>\n<p><em><strong><br \/>\n  <b>SCALA DANIA SRL<br \/><\/b><br \/>\n<\/strong><strong><br \/>\n  <b>Sede central:<\/b><br \/>\n<\/strong><strong><b> <\/b><\/strong>Str. Meziadului, nr.14, Oradea, Bihor, Ruman\u00eda<\/em><br \/><em><strong><br \/>\n  <b>CUI: <\/b><br \/>\n<\/strong>RO 33613346<\/em><br \/><em><strong><b>No. inreg. ONRC:  <\/b><\/strong>J5\/1425\/2014<\/em><br \/><em><strong><br \/>\n  <b>Tel\u00e9fono: <\/b><br \/>\n<\/strong>0359 459 730 \/ 0747 453 828<\/em><br \/><em><strong><br \/>\n  <b>Correo electr\u00f3nico: <\/b><br \/>\n<\/strong>contact@cofetariascala.ro<\/em><\/p>\n<h4><strong>Derechos de autor de la informaci\u00f3n publicada en el sitio web<\/strong><\/h4>\n<p>Todo el contenido del sitio web <em>cofetariascalaoradea.ro<\/em> -im\u00e1genes, textos, gr\u00e1ficos, s\u00edmbolos, gr\u00e1ficos web, correos electr\u00f3nicos, scripts, programas y otros datos- es propiedad de la empresa y de sus proveedores y est\u00e1 protegido por la Ley de protecci\u00f3n de los derechos de autor (ley n\u00ba 8\/1996) y por las leyes de propiedad intelectual e industrial. El uso, sin el consentimiento de la empresa, de cualquiera de los elementos mencionados anteriormente es sancionado por la ley. De acuerdo con la ley de derechos de autor, si observa una infracci\u00f3n de determinados derechos intelectuales, p\u00f3ngase en contacto con nosotros en office@cofetariascalaoradea.ro.<\/p>\n<p>Este Sitio, incluyendo cada uno de sus m\u00f3dulos, es propiedad registrada de Confiter\u00eda SCALA. Este sitio web y el contenido presentado en este sitio web no puede ser copiado, reproducido, republicado, cargado, publicado, modificado, transmitido o distribuido sin el permiso de SCALA DANIA SRL. El uso no autorizado de este sitio y\/o de los materiales contenidos en \u00e9l puede infringir las leyes de derechos de autor, marcas registradas, propiedad intelectual u otras. Deber\u00e1 conservar todos los avisos de derechos de autor y marcas comerciales, as\u00ed como cualquier otro aviso de propiedad, contenidos en los materiales. Queda prohibido el uso de estos materiales en cualquier otro sitio web o en cualquier otra red inform\u00e1tica.<\/p>\n<p>A menos que se indique lo contrario, todos los nombres, logotipos, marcas comerciales, marcas de servicio, nombres comerciales son propiedad de SCALA DANIA SRL y no pueden ser utilizados por nadie para ning\u00fan prop\u00f3sito sin nuestro consentimiento previo por escrito.<\/p>\n<h4><strong>Definiciones:<\/strong><\/h4>\n<p>\u00abPasteler\u00eda COFETARIA SCALA\u00bb: el lugar de venta de los productos COFETARIA SCALA, los lugares fijos, incluidos los espacios de venta tipo isla situados en los centros comerciales.<\/p>\n<p>\u00abProductos de CONFECCIONER\u00cdA SCALA\u00bb: se trata de tartas y pasteles de alta costura, tartas, eclairs, pastas choux, productos de temporada, producidos en nuestro propio laboratorio.<\/p>\n<p>El sitio web www.cofetariascalaoradea.ro es propiedad de SCALA DANIA SRL y todo el contenido del sitio web est\u00e1 protegido por la Ley de Protecci\u00f3n de los Derechos de Autor.<\/p>\n<p>Al utilizar www.cofetariascalaoradea.ro , usted acepta los t\u00e9rminos y condiciones establecidos a continuaci\u00f3n.<\/p>\n<p>COFETARIA SCALA se reserva el derecho de modificar los t\u00e9rminos y condiciones en cualquier momento sin previo aviso, por lo que le rogamos que revise peri\u00f3dicamente estos t\u00e9rminos para comprobar si se han producido cambios. El uso continuado del Sitio despu\u00e9s de cualquier cambio en este Acuerdo significar\u00e1 que usted acepta dichos cambios.<\/p>\n<p><em><strong>Las im\u00e1genes son s\u00f3lo a efectos de presentaci\u00f3n.<\/strong><\/em><\/p>\n<p>Los productos de la tienda online se venden seg\u00fan disponibilidad. No se podr\u00e1 reclamar ninguna compensaci\u00f3n si el pedido no puede ser atendido por razones justificadas (por ejemplo: falta de producto en stock, posibles errores de exposici\u00f3n, etc.). En estos casos, SCALA OFFICE notificar\u00e1 al cliente sobre los problemas lo antes posible y el pago ser\u00e1 reembolsado en su totalidad en un plazo de 5 d\u00edas laborables.<\/p>\n<p>La vida \u00fatil de los productos de confiter\u00eda de COFETARIA SCALA es de 48 horas.<\/p>\n<p>Los productos de COFETARIA SCALA se elaboran respetando todas las condiciones higi\u00e9nicas y sanitarias exigidas por la ley.<\/p>\n<p>Los productos COFETARIA SCALA pueden contener ingredientes o trazas de ingredientes con efecto alerg\u00e9nico: gluten, huevos y derivados, leche y derivados, cacahuetes y derivados, frutos secos, cereales que contienen trigo y derivados. Debido al proceso de producci\u00f3n, no podemos excluir la presencia de al\u00e9rgenos en ninguno de nuestros productos.<\/p>\n<h4><strong>Realizaci\u00f3n y aceptaci\u00f3n de pedidos<\/strong><\/h4>\n<p>Los pedidos se realizan exclusivamente a trav\u00e9s de la tienda online. Puedes seleccionar dos formas de recibir tu pedido, bien por entrega o bien recogi\u00e9ndolo en una de las pasteler\u00edas de COFETARIA SCALA.<\/p>\n<p>Al realizar el pedido, el cliente acepta autom\u00e1ticamente las disposiciones de estas condiciones.<\/p>\n<h4><strong>M\u00e9todos de pago<\/strong><\/h4>\n<p>El pago se realiza exclusivamente en l\u00ednea mediante tarjeta bancaria, tanto si opta por la opci\u00f3n de entrega como si elige recoger su pedido en nuestras pasteler\u00edas. La plataforma de pago es <strong>mobilpay.ro<\/strong><\/p>\n<h4><strong>Procesamiento de pedidos<\/strong><\/h4>\n<p>El tiempo m\u00ednimo de tramitaci\u00f3n del pedido es de 24 horas.<\/p>\n<h4><strong>Entrega y recepci\u00f3n de productos<\/strong><\/h4>\n<p>Las entregas se realizan con m\u00e1quinas especiales de transporte refrigerado, que est\u00e1n autorizadas por las instituciones de control autorizadas.<\/p>\n<p>La entrega cuesta 10 lei para la zona A (hasta 10 km de nuestro punto de entrega en Oradea, calle Meziadului 14); 50 lei para la zona B (hasta 25 km de nuestro punto de entrega en Oradea, calle Meziadului 14) y es gratuita si el valor de su pedido supera los 300 lei. Para pedidos inferiores a 50 lei, le invitamos a realizar su pedido con recogida en cualquiera de las pasteler\u00edas de SCALA COFETARIA.<\/p>\n<p>Las entregas se realizan diariamente, entre las 10:00 y las 17:00, en el intervalo que usted desee. selecci\u00f3nelo al hacer su pedido. El repartidor de Confiter\u00eda SCALA realizar\u00e1 un intento de entrega dentro de la franja horaria seleccionada. Si no se le encuentra en la direcci\u00f3n indicada o no responde a 2 llamadas telef\u00f3nicas y 1 sms, la entrega se har\u00e1 en la SCALA COFETARIA on str. Meziadului, nr.14, Oradea, que luego le invitamos a recoger personalmente en nuestro local. Esto se anunciar\u00e1 mediante un mensaje de texto. En la situaci\u00f3n anterior, NO se reembolsar\u00e1 la tasa de transporte, si la hubiera, cuyo importe cubre el desplazamiento inicial del conductor.<\/p>\n<p>Su pedido se mantendr\u00e1 en nuestra tienda estrictamente dentro del periodo de validez de los productos. En caso de no presentarse a recoger los productos, el pedido ser\u00e1 cancelado y su valor NO ser\u00e1 reembolsable.<\/p>\n<p>Si ha seleccionado la entrega en un momento en el que nuestras capacidades de transporte ya est\u00e1n completas, un operador de Confiter\u00eda SCALA se pondr\u00e1 en contacto con usted para reprogramar la entrega en otra franja horaria, la m\u00e1s cercana disponible.<\/p>\n<p>Si no est\u00e1 de acuerdo con la reprogramaci\u00f3n, el pedido se cancelar\u00e1 y el dinero se devolver\u00e1 \u00edntegramente a su cuenta en un plazo de 5 d\u00edas laborables.<\/p>\n<p>En el caso de d\u00edas\/periodos con un n\u00famero muy elevado de pedidos, as\u00ed como aquellos en los que el tr\u00e1fico o las condiciones meteorol\u00f3gicas dificulten el proceso de entrega, SCALA COFETARIA se reserva el derecho de ampliar los plazos de entrega. La empresa no se responsabiliza de los retrasos que escapan a su control o a sus posibilidades.<\/p>\n<p>La recogida personal de los productos pedidos en l\u00ednea es gratuita, independientemente del importe del pedido. En este caso no se cobran gastos de tramitaci\u00f3n.<\/p>\n<p>Su firma en los documentos legales que acompa\u00f1an a su pedido representa su aceptaci\u00f3n. y el cumplimiento de las \u00f3rdenes. Por favor, compruebe la conformidad del pedido antes de firmarlo. Las reclamaciones posteriores no pueden ser tenidas en cuenta.<\/p>\n<h4><strong>Devoluci\u00f3n de productos<\/strong><\/h4>\n<p>De acuerdo con la legislaci\u00f3n vigente, los productos alimenticios adquiridos NO pueden ser devueltos ni sustituidos.<\/p>\n<p>[\/et_pb_text][\/et_pb_column][\/et_pb_row][\/et_pb_section]<\/p>\n","protected":false},"excerpt":{"rendered":"<p>T\u00e9rminos y condiciones SCALA DANIA SRL vende alimentos en l\u00ednea cf. arte. 9 %. 4 del GEO 99\/2000. El uso de este sitio implica la aceptaci\u00f3n de la pol\u00edtica de privacidad y de los t\u00e9rminos y condiciones que figuran a continuaci\u00f3n. Le rogamos que lea atentamente las condiciones de uso establecidas en esta p\u00e1gina antes [&hellip;]<\/p>\n","protected":false},"author":1,"featured_media":0,"parent":0,"menu_order":11,"comment_status":"closed","ping_status":"closed","template":"","meta":{"_et_pb_use_builder":"on","_et_pb_old_content":"","_et_gb_content_width":""},"acf":[],"yoast_head":"<!-- This site is optimized with the Yoast SEO plugin v20.9 - https:\/\/yoast.com\/wordpress\/plugins\/seo\/ -->\n<title>T\u00e9rminos y condiciones - Cofetaria Scala Oradea<\/title>\n<meta name=\"robots\" content=\"index, follow, max-snippet:-1, max-image-preview:large, max-video-preview:-1\" \/>\n<link rel=\"canonical\" href=\"https:\/\/cofetariascala.11digits.eu\/es\/terminos-y-condiciones\/\" \/>\n<meta property=\"og:locale\" content=\"es_ES\" \/>\n<meta property=\"og:type\" content=\"article\" \/>\n<meta property=\"og:title\" content=\"T\u00e9rminos y condiciones - Cofetaria Scala Oradea\" \/>\n<meta property=\"og:description\" content=\"T\u00e9rminos y condiciones SCALA DANIA SRL vende alimentos en l\u00ednea cf. arte. 9 %. 4 del GEO 99\/2000. El uso de este sitio implica la aceptaci\u00f3n de la pol\u00edtica de privacidad y de los t\u00e9rminos y condiciones que figuran a continuaci\u00f3n. Le rogamos que lea atentamente las condiciones de uso establecidas en esta p\u00e1gina antes [&hellip;]\" \/>\n<meta property=\"og:url\" content=\"https:\/\/cofetariascala.11digits.eu\/es\/terminos-y-condiciones\/\" \/>\n<meta property=\"og:site_name\" content=\"Cofetaria Scala Oradea\" \/>\n<meta property=\"article:publisher\" content=\"https:\/\/www.facebook.com\/cofetariascalaoradea\" \/>\n<meta property=\"article:modified_time\" content=\"2022-12-02T10:30:35+00:00\" \/>\n<meta name=\"twitter:card\" content=\"summary_large_image\" \/>\n<meta name=\"twitter:label1\" content=\"Tiempo de lectura\" \/>\n\t<meta name=\"twitter:data1\" content=\"7 minutos\" \/>\n<script type=\"application\/ld+json\" class=\"yoast-schema-graph\">{\"@context\":\"https:\/\/schema.org\",\"@graph\":[{\"@type\":\"WebPage\",\"@id\":\"https:\/\/cofetariascala.11digits.eu\/es\/terminos-y-condiciones\/\",\"url\":\"https:\/\/cofetariascala.11digits.eu\/es\/terminos-y-condiciones\/\",\"name\":\"T\u00e9rminos y condiciones - Cofetaria Scala Oradea\",\"isPartOf\":{\"@id\":\"https:\/\/cofetariascala.11digits.eu\/es\/#website\"},\"datePublished\":\"2020-05-25T17:19:32+00:00\",\"dateModified\":\"2022-12-02T10:30:35+00:00\",\"breadcrumb\":{\"@id\":\"https:\/\/cofetariascala.11digits.eu\/es\/terminos-y-condiciones\/#breadcrumb\"},\"inLanguage\":\"es\",\"potentialAction\":[{\"@type\":\"ReadAction\",\"target\":[\"https:\/\/cofetariascala.11digits.eu\/es\/terminos-y-condiciones\/\"]}]},{\"@type\":\"BreadcrumbList\",\"@id\":\"https:\/\/cofetariascala.11digits.eu\/es\/terminos-y-condiciones\/#breadcrumb\",\"itemListElement\":[{\"@type\":\"ListItem\",\"position\":1,\"name\":\"Prima pagin\u0103\",\"item\":\"https:\/\/cofetariascala.11digits.eu\/es\/\"},{\"@type\":\"ListItem\",\"position\":2,\"name\":\"T\u00e9rminos y condiciones\"}]},{\"@type\":\"WebSite\",\"@id\":\"https:\/\/cofetariascala.11digits.eu\/es\/#website\",\"url\":\"https:\/\/cofetariascala.11digits.eu\/es\/\",\"name\":\"Cofetaria Scala Oradea\",\"description\":\"-\",\"publisher\":{\"@id\":\"https:\/\/cofetariascala.11digits.eu\/es\/#organization\"},\"potentialAction\":[{\"@type\":\"SearchAction\",\"target\":{\"@type\":\"EntryPoint\",\"urlTemplate\":\"https:\/\/cofetariascala.11digits.eu\/es\/?s={search_term_string}\"},\"query-input\":\"required name=search_term_string\"}],\"inLanguage\":\"es\"},{\"@type\":\"Organization\",\"@id\":\"https:\/\/cofetariascala.11digits.eu\/es\/#organization\",\"name\":\"Cofetaria Scala Oradea\",\"url\":\"https:\/\/cofetariascala.11digits.eu\/es\/\",\"logo\":{\"@type\":\"ImageObject\",\"inLanguage\":\"es\",\"@id\":\"https:\/\/cofetariascala.11digits.eu\/es\/#\/schema\/logo\/image\/\",\"url\":\"https:\/\/cofetariascalaoradea.ro\/wp-content\/uploads\/2020\/05\/logo-cofetaria-scala-oradea.png\",\"contentUrl\":\"https:\/\/cofetariascalaoradea.ro\/wp-content\/uploads\/2020\/05\/logo-cofetaria-scala-oradea.png\",\"width\":300,\"height\":90,\"caption\":\"Cofetaria Scala Oradea\"},\"image\":{\"@id\":\"https:\/\/cofetariascala.11digits.eu\/es\/#\/schema\/logo\/image\/\"},\"sameAs\":[\"https:\/\/www.facebook.com\/cofetariascalaoradea\",\"https:\/\/www.instagram.com\/cofetariascalaoradea\"]}]}<\/script>\n<!-- \/ Yoast SEO plugin. -->","yoast_head_json":{"title":"T\u00e9rminos y condiciones - Cofetaria Scala Oradea","robots":{"index":"index","follow":"follow","max-snippet":"max-snippet:-1","max-image-preview":"max-image-preview:large","max-video-preview":"max-video-preview:-1"},"canonical":"https:\/\/cofetariascala.11digits.eu\/es\/terminos-y-condiciones\/","og_locale":"es_ES","og_type":"article","og_title":"T\u00e9rminos y condiciones - Cofetaria Scala Oradea","og_description":"T\u00e9rminos y condiciones SCALA DANIA SRL vende alimentos en l\u00ednea cf. arte. 9 %. 4 del GEO 99\/2000. El uso de este sitio implica la aceptaci\u00f3n de la pol\u00edtica de privacidad y de los t\u00e9rminos y condiciones que figuran a continuaci\u00f3n. Le rogamos que lea atentamente las condiciones de uso establecidas en esta p\u00e1gina antes [&hellip;]","og_url":"https:\/\/cofetariascala.11digits.eu\/es\/terminos-y-condiciones\/","og_site_name":"Cofetaria Scala Oradea","article_publisher":"https:\/\/www.facebook.com\/cofetariascalaoradea","article_modified_time":"2022-12-02T10:30:35+00:00","twitter_card":"summary_large_image","twitter_misc":{"Tiempo de lectura":"7 minutos"},"schema":{"@context":"https:\/\/schema.org","@graph":[{"@type":"WebPage","@id":"https:\/\/cofetariascala.11digits.eu\/es\/terminos-y-condiciones\/","url":"https:\/\/cofetariascala.11digits.eu\/es\/terminos-y-condiciones\/","name":"T\u00e9rminos y condiciones - Cofetaria Scala Oradea","isPartOf":{"@id":"https:\/\/cofetariascala.11digits.eu\/es\/#website"},"datePublished":"2020-05-25T17:19:32+00:00","dateModified":"2022-12-02T10:30:35+00:00","breadcrumb":{"@id":"https:\/\/cofetariascala.11digits.eu\/es\/terminos-y-condiciones\/#breadcrumb"},"inLanguage":"es","potentialAction":[{"@type":"ReadAction","target":["https:\/\/cofetariascala.11digits.eu\/es\/terminos-y-condiciones\/"]}]},{"@type":"BreadcrumbList","@id":"https:\/\/cofetariascala.11digits.eu\/es\/terminos-y-condiciones\/#breadcrumb","itemListElement":[{"@type":"ListItem","position":1,"name":"Prima pagin\u0103","item":"https:\/\/cofetariascala.11digits.eu\/es\/"},{"@type":"ListItem","position":2,"name":"T\u00e9rminos y condiciones"}]},{"@type":"WebSite","@id":"https:\/\/cofetariascala.11digits.eu\/es\/#website","url":"https:\/\/cofetariascala.11digits.eu\/es\/","name":"Cofetaria Scala Oradea","description":"-","publisher":{"@id":"https:\/\/cofetariascala.11digits.eu\/es\/#organization"},"potentialAction":[{"@type":"SearchAction","target":{"@type":"EntryPoint","urlTemplate":"https:\/\/cofetariascala.11digits.eu\/es\/?s={search_term_string}"},"query-input":"required name=search_term_string"}],"inLanguage":"es"},{"@type":"Organization","@id":"https:\/\/cofetariascala.11digits.eu\/es\/#organization","name":"Cofetaria Scala Oradea","url":"https:\/\/cofetariascala.11digits.eu\/es\/","logo":{"@type":"ImageObject","inLanguage":"es","@id":"https:\/\/cofetariascala.11digits.eu\/es\/#\/schema\/logo\/image\/","url":"https:\/\/cofetariascalaoradea.ro\/wp-content\/uploads\/2020\/05\/logo-cofetaria-scala-oradea.png","contentUrl":"https:\/\/cofetariascalaoradea.ro\/wp-content\/uploads\/2020\/05\/logo-cofetaria-scala-oradea.png","width":300,"height":90,"caption":"Cofetaria Scala Oradea"},"image":{"@id":"https:\/\/cofetariascala.11digits.eu\/es\/#\/schema\/logo\/image\/"},"sameAs":["https:\/\/www.facebook.com\/cofetariascalaoradea","https:\/\/www.instagram.com\/cofetariascalaoradea"]}]}},"_links":{"self":[{"href":"https:\/\/cofetariascala.11digits.eu\/es\/wp-json\/wp\/v2\/pages\/7439"}],"collection":[{"href":"https:\/\/cofetariascala.11digits.eu\/es\/wp-json\/wp\/v2\/pages"}],"about":[{"href":"https:\/\/cofetariascala.11digits.eu\/es\/wp-json\/wp\/v2\/types\/page"}],"author":[{"embeddable":true,"href":"https:\/\/cofetariascala.11digits.eu\/es\/wp-json\/wp\/v2\/users\/1"}],"replies":[{"embeddable":true,"href":"https:\/\/cofetariascala.11digits.eu\/es\/wp-json\/wp\/v2\/comments?post=7439"}],"version-history":[{"count":3,"href":"https:\/\/cofetariascala.11digits.eu\/es\/wp-json\/wp\/v2\/pages\/7439\/revisions"}],"predecessor-version":[{"id":7442,"href":"https:\/\/cofetariascala.11digits.eu\/es\/wp-json\/wp\/v2\/pages\/7439\/revisions\/7442"}],"wp:attachment":[{"href":"https:\/\/cofetariascala.11digits.eu\/es\/wp-json\/wp\/v2\/media?parent=7439"}],"curies":[{"name":"wp","href":"https:\/\/api.w.org\/{rel}","templated":true}]}}