{"id":7496,"date":"2020-05-25T20:19:45","date_gmt":"2020-05-25T17:19:45","guid":{"rendered":"https:\/\/cofetariascalaoradea.ro\/como-puedo-comprar\/"},"modified":"2022-12-02T12:30:54","modified_gmt":"2022-12-02T10:30:54","slug":"como-puedo-comprar","status":"publish","type":"page","link":"https:\/\/cofetariascala.11digits.eu\/es\/como-puedo-comprar\/","title":{"rendered":"\u00bfC\u00f3mo puedo comprar"},"content":{"rendered":"<p>[et_pb_section fb_built=\u00bb1&#8243; _builder_version=\u00bb4.4.7&#8243;][et_pb_row _builder_version=\u00bb4.4.7&#8243;][et_pb_column type=\u00bb4_4&#8243; _builder_version=\u00bb4.4.7&#8243;][et_pb_post_title meta=\u00bboff\u00bb featured_image=\u00bboff\u00bb _builder_version=\u00bb4.4.7&#8243; text_orientation=\u00bbcenter\u00bb][\/et_pb_post_title][et_pb_text _builder_version=\u00bb4.5.1&#8243; hover_enabled=\u00bb0&#8243;]<\/p>\n<h4><strong>Comprar sin cuenta<\/strong><\/h4>\n<p>Por el momento, puede comprar en nuestro sitio web sin crear una cuenta. Una vez que haya terminado de colocar los productos en la cesta, tendr\u00e1 que introducir sus datos.<\/p>\n<h4><strong>Cesta de la compra<\/strong><\/h4>\n<p>Para comprar productos a trav\u00e9s de la cesta de la compra tendr\u00e1 que hacer las selecciones adecuadas para cada producto, y luego utilizar el bot\u00f3n \u00abA\u00f1adir a la cesta\u00bb. . Para completar su pedido, debe acceder a su cesta de la compra, rellenar sus datos y enviar su pedido.<br \/>Los pedidos con env\u00edo pueden ser entregados dentro de las horas disponibles en el momento del registro del pedido.<\/p>\n<h4><strong>Desde tu m\u00f3vil<\/strong><\/h4>\n<p>Los productos disponibles en este sitio tambi\u00e9n se pueden comprar en el m\u00f3vil.<\/p>\n<h4><strong>Pago de productos<\/strong><\/h4>\n<p>El pago se realiza exclusivamente en l\u00ednea mediante tarjeta bancaria, tanto si opta por la opci\u00f3n de entrega como si elige recoger su pedido en nuestras pasteler\u00edas. La plataforma de pago es <strong>mobilpay.ro<\/strong><\/p>\n<h4><strong>Entrega<\/strong><\/h4>\n<p>La recogida personal en la panader\u00eda de los productos pedidos en l\u00ednea es gratuita,<\/p>\n<p>Este sitio est\u00e1 destinado a la informaci\u00f3n sobre la gama de productos ofrecidos y a la realizaci\u00f3n de pedidos en l\u00ednea.<\/p>\n<p>Las entregas se realizan con m\u00e1quinas especiales de transporte refrigerado, que est\u00e1n autorizadas por las instituciones de control autorizadas.<\/p>\n<p>La entrega cuesta 10 lei para la zona A (hasta 10 km de nuestro punto de entrega en Oradea, calle Meziadului 14); 50 lei para la zona B (hasta 25 km de nuestro punto de entrega en Oradea, calle Meziadului 14) y es gratuita si el valor de su pedido supera los 300 lei. Para pedidos inferiores a 50 lei, le invitamos a realizar su pedido con recogida en cualquiera de las tiendas de SCALA Confectionery.<\/p>\n<p>Las entregas se realizan diariamente, entre las 10:00 y las 17:00, en el intervalo que usted desee. selecci\u00f3nelo al hacer su pedido. El repartidor de Confiter\u00eda SCALA realizar\u00e1 un intento de entrega dentro de la franja horaria seleccionada. Si no se le encuentra en la direcci\u00f3n indicada o no responde a 2 llamadas telef\u00f3nicas y 1 sms, la entrega se har\u00e1 en la SCALA COFETARIA on str. Meziadului, nr.14, Oradea, que luego le invitamos a recoger personalmente en nuestro local. Esto se anunciar\u00e1 mediante un mensaje de texto. En la situaci\u00f3n anterior, NO se reembolsar\u00e1 la tasa de transporte, si la hubiera, cuyo importe cubre el desplazamiento inicial del conductor.<\/p>\n<p>Su pedido se mantendr\u00e1 en nuestra tienda estrictamente dentro del periodo de validez de los productos. En caso de no presentarse a recoger los productos, el pedido ser\u00e1 cancelado y su valor NO ser\u00e1 reembolsable.<\/p>\n<p>Si ha seleccionado la entrega en un momento en el que nuestras capacidades de transporte ya est\u00e1n completas, un operador de Confiter\u00eda SCALA se pondr\u00e1 en contacto con usted para reprogramar la entrega en otra franja horaria, la m\u00e1s cercana disponible.<\/p>\n<p>Si no est\u00e1 de acuerdo con la reprogramaci\u00f3n, el pedido se cancelar\u00e1 y el dinero se devolver\u00e1 \u00edntegramente a su cuenta en un plazo de 5 d\u00edas laborables.<\/p>\n<p>En el caso de d\u00edas\/periodos con un n\u00famero muy elevado de pedidos, as\u00ed como aquellos en los que el tr\u00e1fico o las condiciones meteorol\u00f3gicas dificulten el proceso de entrega, SCALA COFETARIA se reserva el derecho de ampliar los plazos de entrega. La empresa no se responsabiliza de los retrasos que escapan a su control o a sus posibilidades.<\/p>\n<p>La recogida personal de los productos pedidos en l\u00ednea es gratuita, independientemente del importe del pedido. En este caso no se cobran gastos de tramitaci\u00f3n.<\/p>\n<p>Su firma en los documentos legales que acompa\u00f1an a su pedido representa su aceptaci\u00f3n. y el cumplimiento de las \u00f3rdenes. Por favor, compruebe la conformidad del pedido antes de firmarlo. Las reclamaciones posteriores no pueden ser tenidas en cuenta.<\/p>\n<h4><strong>Devoluci\u00f3n de productos<\/strong><\/h4>\n<p>De acuerdo con la legislaci\u00f3n vigente, los productos alimenticios adquiridos NO pueden ser devueltos ni sustituidos.<\/p>\n<p><strong>Para pedidos y m\u00e1s informaci\u00f3n, puede ponerse en contacto con nosotros en el n\u00famero de tel\u00e9fono 0747.453.828\/0359.459.730 o por correo electr\u00f3nico en <em>cofetariascalaiosia@gmail.com.<\/em><\/strong><\/p>\n<p>[\/et_pb_text][\/et_pb_column][\/et_pb_row][\/et_pb_section]<\/p>\n","protected":false},"excerpt":{"rendered":"<p>Comprar sin cuenta Por el momento, puede comprar en nuestro sitio web sin crear una cuenta. Una vez que haya terminado de colocar los productos en la cesta, tendr\u00e1 que introducir sus datos. Cesta de la compra Para comprar productos a trav\u00e9s de la cesta de la compra tendr\u00e1 que hacer las selecciones adecuadas para [&hellip;]<\/p>\n","protected":false},"author":1,"featured_media":0,"parent":0,"menu_order":14,"comment_status":"closed","ping_status":"closed","template":"","meta":{"_et_pb_use_builder":"on","_et_pb_old_content":"","_et_gb_content_width":""},"acf":[],"yoast_head":"<!-- This site is optimized with the Yoast SEO plugin v20.9 - https:\/\/yoast.com\/wordpress\/plugins\/seo\/ -->\n<title>\u00bfC\u00f3mo puedo comprar - Cofetaria Scala Oradea<\/title>\n<meta name=\"robots\" content=\"index, follow, max-snippet:-1, max-image-preview:large, max-video-preview:-1\" \/>\n<link rel=\"canonical\" href=\"https:\/\/cofetariascala.11digits.eu\/es\/como-puedo-comprar\/\" \/>\n<meta property=\"og:locale\" content=\"es_ES\" \/>\n<meta property=\"og:type\" content=\"article\" \/>\n<meta property=\"og:title\" content=\"\u00bfC\u00f3mo puedo comprar - Cofetaria Scala Oradea\" \/>\n<meta property=\"og:description\" content=\"Comprar sin cuenta Por el momento, puede comprar en nuestro sitio web sin crear una cuenta. Una vez que haya terminado de colocar los productos en la cesta, tendr\u00e1 que introducir sus datos. Cesta de la compra Para comprar productos a trav\u00e9s de la cesta de la compra tendr\u00e1 que hacer las selecciones adecuadas para [&hellip;]\" \/>\n<meta property=\"og:url\" content=\"https:\/\/cofetariascala.11digits.eu\/es\/como-puedo-comprar\/\" \/>\n<meta property=\"og:site_name\" content=\"Cofetaria Scala Oradea\" \/>\n<meta property=\"article:publisher\" content=\"https:\/\/www.facebook.com\/cofetariascalaoradea\" \/>\n<meta property=\"article:modified_time\" content=\"2022-12-02T10:30:54+00:00\" \/>\n<meta name=\"twitter:card\" content=\"summary_large_image\" \/>\n<meta name=\"twitter:label1\" content=\"Tiempo de lectura\" \/>\n\t<meta name=\"twitter:data1\" content=\"4 minutos\" \/>\n<script type=\"application\/ld+json\" class=\"yoast-schema-graph\">{\"@context\":\"https:\/\/schema.org\",\"@graph\":[{\"@type\":\"WebPage\",\"@id\":\"https:\/\/cofetariascala.11digits.eu\/es\/como-puedo-comprar\/\",\"url\":\"https:\/\/cofetariascala.11digits.eu\/es\/como-puedo-comprar\/\",\"name\":\"\u00bfC\u00f3mo puedo comprar - Cofetaria Scala Oradea\",\"isPartOf\":{\"@id\":\"https:\/\/cofetariascala.11digits.eu\/es\/#website\"},\"datePublished\":\"2020-05-25T17:19:45+00:00\",\"dateModified\":\"2022-12-02T10:30:54+00:00\",\"breadcrumb\":{\"@id\":\"https:\/\/cofetariascala.11digits.eu\/es\/como-puedo-comprar\/#breadcrumb\"},\"inLanguage\":\"es\",\"potentialAction\":[{\"@type\":\"ReadAction\",\"target\":[\"https:\/\/cofetariascala.11digits.eu\/es\/como-puedo-comprar\/\"]}]},{\"@type\":\"BreadcrumbList\",\"@id\":\"https:\/\/cofetariascala.11digits.eu\/es\/como-puedo-comprar\/#breadcrumb\",\"itemListElement\":[{\"@type\":\"ListItem\",\"position\":1,\"name\":\"Prima pagin\u0103\",\"item\":\"https:\/\/cofetariascala.11digits.eu\/es\/\"},{\"@type\":\"ListItem\",\"position\":2,\"name\":\"\u00bfC\u00f3mo puedo comprar\"}]},{\"@type\":\"WebSite\",\"@id\":\"https:\/\/cofetariascala.11digits.eu\/es\/#website\",\"url\":\"https:\/\/cofetariascala.11digits.eu\/es\/\",\"name\":\"Cofetaria Scala Oradea\",\"description\":\"-\",\"publisher\":{\"@id\":\"https:\/\/cofetariascala.11digits.eu\/es\/#organization\"},\"potentialAction\":[{\"@type\":\"SearchAction\",\"target\":{\"@type\":\"EntryPoint\",\"urlTemplate\":\"https:\/\/cofetariascala.11digits.eu\/es\/?s={search_term_string}\"},\"query-input\":\"required name=search_term_string\"}],\"inLanguage\":\"es\"},{\"@type\":\"Organization\",\"@id\":\"https:\/\/cofetariascala.11digits.eu\/es\/#organization\",\"name\":\"Cofetaria Scala Oradea\",\"url\":\"https:\/\/cofetariascala.11digits.eu\/es\/\",\"logo\":{\"@type\":\"ImageObject\",\"inLanguage\":\"es\",\"@id\":\"https:\/\/cofetariascala.11digits.eu\/es\/#\/schema\/logo\/image\/\",\"url\":\"https:\/\/cofetariascalaoradea.ro\/wp-content\/uploads\/2020\/05\/logo-cofetaria-scala-oradea.png\",\"contentUrl\":\"https:\/\/cofetariascalaoradea.ro\/wp-content\/uploads\/2020\/05\/logo-cofetaria-scala-oradea.png\",\"width\":300,\"height\":90,\"caption\":\"Cofetaria Scala Oradea\"},\"image\":{\"@id\":\"https:\/\/cofetariascala.11digits.eu\/es\/#\/schema\/logo\/image\/\"},\"sameAs\":[\"https:\/\/www.facebook.com\/cofetariascalaoradea\",\"https:\/\/www.instagram.com\/cofetariascalaoradea\"]}]}<\/script>\n<!-- \/ Yoast SEO plugin. -->","yoast_head_json":{"title":"\u00bfC\u00f3mo puedo comprar - Cofetaria Scala Oradea","robots":{"index":"index","follow":"follow","max-snippet":"max-snippet:-1","max-image-preview":"max-image-preview:large","max-video-preview":"max-video-preview:-1"},"canonical":"https:\/\/cofetariascala.11digits.eu\/es\/como-puedo-comprar\/","og_locale":"es_ES","og_type":"article","og_title":"\u00bfC\u00f3mo puedo comprar - Cofetaria Scala Oradea","og_description":"Comprar sin cuenta Por el momento, puede comprar en nuestro sitio web sin crear una cuenta. Una vez que haya terminado de colocar los productos en la cesta, tendr\u00e1 que introducir sus datos. Cesta de la compra Para comprar productos a trav\u00e9s de la cesta de la compra tendr\u00e1 que hacer las selecciones adecuadas para [&hellip;]","og_url":"https:\/\/cofetariascala.11digits.eu\/es\/como-puedo-comprar\/","og_site_name":"Cofetaria Scala Oradea","article_publisher":"https:\/\/www.facebook.com\/cofetariascalaoradea","article_modified_time":"2022-12-02T10:30:54+00:00","twitter_card":"summary_large_image","twitter_misc":{"Tiempo de lectura":"4 minutos"},"schema":{"@context":"https:\/\/schema.org","@graph":[{"@type":"WebPage","@id":"https:\/\/cofetariascala.11digits.eu\/es\/como-puedo-comprar\/","url":"https:\/\/cofetariascala.11digits.eu\/es\/como-puedo-comprar\/","name":"\u00bfC\u00f3mo puedo comprar - Cofetaria Scala Oradea","isPartOf":{"@id":"https:\/\/cofetariascala.11digits.eu\/es\/#website"},"datePublished":"2020-05-25T17:19:45+00:00","dateModified":"2022-12-02T10:30:54+00:00","breadcrumb":{"@id":"https:\/\/cofetariascala.11digits.eu\/es\/como-puedo-comprar\/#breadcrumb"},"inLanguage":"es","potentialAction":[{"@type":"ReadAction","target":["https:\/\/cofetariascala.11digits.eu\/es\/como-puedo-comprar\/"]}]},{"@type":"BreadcrumbList","@id":"https:\/\/cofetariascala.11digits.eu\/es\/como-puedo-comprar\/#breadcrumb","itemListElement":[{"@type":"ListItem","position":1,"name":"Prima pagin\u0103","item":"https:\/\/cofetariascala.11digits.eu\/es\/"},{"@type":"ListItem","position":2,"name":"\u00bfC\u00f3mo puedo comprar"}]},{"@type":"WebSite","@id":"https:\/\/cofetariascala.11digits.eu\/es\/#website","url":"https:\/\/cofetariascala.11digits.eu\/es\/","name":"Cofetaria Scala Oradea","description":"-","publisher":{"@id":"https:\/\/cofetariascala.11digits.eu\/es\/#organization"},"potentialAction":[{"@type":"SearchAction","target":{"@type":"EntryPoint","urlTemplate":"https:\/\/cofetariascala.11digits.eu\/es\/?s={search_term_string}"},"query-input":"required name=search_term_string"}],"inLanguage":"es"},{"@type":"Organization","@id":"https:\/\/cofetariascala.11digits.eu\/es\/#organization","name":"Cofetaria Scala Oradea","url":"https:\/\/cofetariascala.11digits.eu\/es\/","logo":{"@type":"ImageObject","inLanguage":"es","@id":"https:\/\/cofetariascala.11digits.eu\/es\/#\/schema\/logo\/image\/","url":"https:\/\/cofetariascalaoradea.ro\/wp-content\/uploads\/2020\/05\/logo-cofetaria-scala-oradea.png","contentUrl":"https:\/\/cofetariascalaoradea.ro\/wp-content\/uploads\/2020\/05\/logo-cofetaria-scala-oradea.png","width":300,"height":90,"caption":"Cofetaria Scala Oradea"},"image":{"@id":"https:\/\/cofetariascala.11digits.eu\/es\/#\/schema\/logo\/image\/"},"sameAs":["https:\/\/www.facebook.com\/cofetariascalaoradea","https:\/\/www.instagram.com\/cofetariascalaoradea"]}]}},"_links":{"self":[{"href":"https:\/\/cofetariascala.11digits.eu\/es\/wp-json\/wp\/v2\/pages\/7496"}],"collection":[{"href":"https:\/\/cofetariascala.11digits.eu\/es\/wp-json\/wp\/v2\/pages"}],"about":[{"href":"https:\/\/cofetariascala.11digits.eu\/es\/wp-json\/wp\/v2\/types\/page"}],"author":[{"embeddable":true,"href":"https:\/\/cofetariascala.11digits.eu\/es\/wp-json\/wp\/v2\/users\/1"}],"replies":[{"embeddable":true,"href":"https:\/\/cofetariascala.11digits.eu\/es\/wp-json\/wp\/v2\/comments?post=7496"}],"version-history":[{"count":2,"href":"https:\/\/cofetariascala.11digits.eu\/es\/wp-json\/wp\/v2\/pages\/7496\/revisions"}],"predecessor-version":[{"id":7498,"href":"https:\/\/cofetariascala.11digits.eu\/es\/wp-json\/wp\/v2\/pages\/7496\/revisions\/7498"}],"wp:attachment":[{"href":"https:\/\/cofetariascala.11digits.eu\/es\/wp-json\/wp\/v2\/media?parent=7496"}],"curies":[{"name":"wp","href":"https:\/\/api.w.org\/{rel}","templated":true}]}}