{"id":7599,"date":"2020-05-25T20:20:51","date_gmt":"2020-05-25T17:20:51","guid":{"rendered":"https:\/\/cofetariascalaoradea.ro\/garantia\/"},"modified":"2022-12-02T12:35:43","modified_gmt":"2022-12-02T10:35:43","slug":"garantia","status":"publish","type":"page","link":"https:\/\/cofetariascala.11digits.eu\/es\/garantia\/","title":{"rendered":"Garant\u00eda"},"content":{"rendered":"<p>[et_pb_section fb_built=\u00bb1&#8243; _builder_version=\u00bb4.4.7&#8243;][et_pb_row _builder_version=\u00bb4.4.7&#8243;][et_pb_column type=\u00bb4_4&#8243; _builder_version=\u00bb4.4.7&#8243;][et_pb_post_title meta=\u00bboff\u00bb featured_image=\u00bboff\u00bb _builder_version=\u00bb4.4.7&#8243; text_orientation=\u00bbcenter\u00bb][\/et_pb_post_title][et_pb_text _builder_version=\u00bb4.5.1&#8243; hover_enabled=\u00bb0&#8243;]<\/p>\n<h4><strong>Devoluci\u00f3n de productos<\/strong><\/h4>\n<p><strong>De acuerdo con la legislaci\u00f3n vigente, los productos alimenticios adquiridos NO pueden ser devueltos ni sustituidos.<\/strong><\/p>\n<p>Para pedidos y m\u00e1s informaci\u00f3n, puede ponerse en contacto con nosotros en el n\u00famero de tel\u00e9fono 0747.453.828\/0359.459.730 o por correo electr\u00f3nico en <em>cofetariascalaiosia@gmail.com.<\/em><\/p>\n<p>[\/et_pb_text][\/et_pb_column][\/et_pb_row][\/et_pb_section]<\/p>\n","protected":false},"excerpt":{"rendered":"<p>Devoluci\u00f3n de productos De acuerdo con la legislaci\u00f3n vigente, los productos alimenticios adquiridos NO pueden ser devueltos ni sustituidos. Para pedidos y m\u00e1s informaci\u00f3n, puede ponerse en contacto con nosotros en el n\u00famero de tel\u00e9fono 0747.453.828\/0359.459.730 o por correo electr\u00f3nico en cofetariascalaiosia@gmail.com.<\/p>\n","protected":false},"author":1,"featured_media":0,"parent":0,"menu_order":12,"comment_status":"closed","ping_status":"closed","template":"","meta":{"_et_pb_use_builder":"on","_et_pb_old_content":"","_et_gb_content_width":""},"acf":[],"yoast_head":"<!-- This site is optimized with the Yoast SEO plugin v20.9 - https:\/\/yoast.com\/wordpress\/plugins\/seo\/ -->\n<title>Garant\u00eda - Cofetaria Scala Oradea<\/title>\n<meta name=\"robots\" content=\"index, follow, max-snippet:-1, max-image-preview:large, max-video-preview:-1\" \/>\n<link rel=\"canonical\" href=\"https:\/\/cofetariascala.11digits.eu\/es\/garantia\/\" \/>\n<meta property=\"og:locale\" content=\"es_ES\" \/>\n<meta property=\"og:type\" content=\"article\" \/>\n<meta property=\"og:title\" content=\"Garant\u00eda - Cofetaria Scala Oradea\" \/>\n<meta property=\"og:description\" content=\"Devoluci\u00f3n de productos De acuerdo con la legislaci\u00f3n vigente, los productos alimenticios adquiridos NO pueden ser devueltos ni sustituidos. Para pedidos y m\u00e1s informaci\u00f3n, puede ponerse en contacto con nosotros en el n\u00famero de tel\u00e9fono 0747.453.828\/0359.459.730 o por correo electr\u00f3nico en cofetariascalaiosia@gmail.com.\" \/>\n<meta property=\"og:url\" content=\"https:\/\/cofetariascala.11digits.eu\/es\/garantia\/\" \/>\n<meta property=\"og:site_name\" content=\"Cofetaria Scala Oradea\" \/>\n<meta property=\"article:publisher\" content=\"https:\/\/www.facebook.com\/cofetariascalaoradea\" \/>\n<meta property=\"article:modified_time\" content=\"2022-12-02T10:35:43+00:00\" \/>\n<meta name=\"twitter:card\" content=\"summary_large_image\" \/>\n<meta name=\"twitter:label1\" content=\"Tiempo de lectura\" \/>\n\t<meta name=\"twitter:data1\" content=\"1 minuto\" \/>\n<script type=\"application\/ld+json\" class=\"yoast-schema-graph\">{\"@context\":\"https:\/\/schema.org\",\"@graph\":[{\"@type\":\"WebPage\",\"@id\":\"https:\/\/cofetariascala.11digits.eu\/es\/garantia\/\",\"url\":\"https:\/\/cofetariascala.11digits.eu\/es\/garantia\/\",\"name\":\"Garant\u00eda - Cofetaria Scala Oradea\",\"isPartOf\":{\"@id\":\"https:\/\/cofetariascala.11digits.eu\/es\/#website\"},\"datePublished\":\"2020-05-25T17:20:51+00:00\",\"dateModified\":\"2022-12-02T10:35:43+00:00\",\"breadcrumb\":{\"@id\":\"https:\/\/cofetariascala.11digits.eu\/es\/garantia\/#breadcrumb\"},\"inLanguage\":\"es\",\"potentialAction\":[{\"@type\":\"ReadAction\",\"target\":[\"https:\/\/cofetariascala.11digits.eu\/es\/garantia\/\"]}]},{\"@type\":\"BreadcrumbList\",\"@id\":\"https:\/\/cofetariascala.11digits.eu\/es\/garantia\/#breadcrumb\",\"itemListElement\":[{\"@type\":\"ListItem\",\"position\":1,\"name\":\"Prima pagin\u0103\",\"item\":\"https:\/\/cofetariascala.11digits.eu\/es\/\"},{\"@type\":\"ListItem\",\"position\":2,\"name\":\"Garant\u00eda\"}]},{\"@type\":\"WebSite\",\"@id\":\"https:\/\/cofetariascala.11digits.eu\/es\/#website\",\"url\":\"https:\/\/cofetariascala.11digits.eu\/es\/\",\"name\":\"Cofetaria Scala Oradea\",\"description\":\"-\",\"publisher\":{\"@id\":\"https:\/\/cofetariascala.11digits.eu\/es\/#organization\"},\"potentialAction\":[{\"@type\":\"SearchAction\",\"target\":{\"@type\":\"EntryPoint\",\"urlTemplate\":\"https:\/\/cofetariascala.11digits.eu\/es\/?s={search_term_string}\"},\"query-input\":\"required name=search_term_string\"}],\"inLanguage\":\"es\"},{\"@type\":\"Organization\",\"@id\":\"https:\/\/cofetariascala.11digits.eu\/es\/#organization\",\"name\":\"Cofetaria Scala Oradea\",\"url\":\"https:\/\/cofetariascala.11digits.eu\/es\/\",\"logo\":{\"@type\":\"ImageObject\",\"inLanguage\":\"es\",\"@id\":\"https:\/\/cofetariascala.11digits.eu\/es\/#\/schema\/logo\/image\/\",\"url\":\"https:\/\/cofetariascalaoradea.ro\/wp-content\/uploads\/2020\/05\/logo-cofetaria-scala-oradea.png\",\"contentUrl\":\"https:\/\/cofetariascalaoradea.ro\/wp-content\/uploads\/2020\/05\/logo-cofetaria-scala-oradea.png\",\"width\":300,\"height\":90,\"caption\":\"Cofetaria Scala Oradea\"},\"image\":{\"@id\":\"https:\/\/cofetariascala.11digits.eu\/es\/#\/schema\/logo\/image\/\"},\"sameAs\":[\"https:\/\/www.facebook.com\/cofetariascalaoradea\",\"https:\/\/www.instagram.com\/cofetariascalaoradea\"]}]}<\/script>\n<!-- \/ Yoast SEO plugin. -->","yoast_head_json":{"title":"Garant\u00eda - Cofetaria Scala Oradea","robots":{"index":"index","follow":"follow","max-snippet":"max-snippet:-1","max-image-preview":"max-image-preview:large","max-video-preview":"max-video-preview:-1"},"canonical":"https:\/\/cofetariascala.11digits.eu\/es\/garantia\/","og_locale":"es_ES","og_type":"article","og_title":"Garant\u00eda - Cofetaria Scala Oradea","og_description":"Devoluci\u00f3n de productos De acuerdo con la legislaci\u00f3n vigente, los productos alimenticios adquiridos NO pueden ser devueltos ni sustituidos. Para pedidos y m\u00e1s informaci\u00f3n, puede ponerse en contacto con nosotros en el n\u00famero de tel\u00e9fono 0747.453.828\/0359.459.730 o por correo electr\u00f3nico en cofetariascalaiosia@gmail.com.","og_url":"https:\/\/cofetariascala.11digits.eu\/es\/garantia\/","og_site_name":"Cofetaria Scala Oradea","article_publisher":"https:\/\/www.facebook.com\/cofetariascalaoradea","article_modified_time":"2022-12-02T10:35:43+00:00","twitter_card":"summary_large_image","twitter_misc":{"Tiempo de lectura":"1 minuto"},"schema":{"@context":"https:\/\/schema.org","@graph":[{"@type":"WebPage","@id":"https:\/\/cofetariascala.11digits.eu\/es\/garantia\/","url":"https:\/\/cofetariascala.11digits.eu\/es\/garantia\/","name":"Garant\u00eda - Cofetaria Scala Oradea","isPartOf":{"@id":"https:\/\/cofetariascala.11digits.eu\/es\/#website"},"datePublished":"2020-05-25T17:20:51+00:00","dateModified":"2022-12-02T10:35:43+00:00","breadcrumb":{"@id":"https:\/\/cofetariascala.11digits.eu\/es\/garantia\/#breadcrumb"},"inLanguage":"es","potentialAction":[{"@type":"ReadAction","target":["https:\/\/cofetariascala.11digits.eu\/es\/garantia\/"]}]},{"@type":"BreadcrumbList","@id":"https:\/\/cofetariascala.11digits.eu\/es\/garantia\/#breadcrumb","itemListElement":[{"@type":"ListItem","position":1,"name":"Prima pagin\u0103","item":"https:\/\/cofetariascala.11digits.eu\/es\/"},{"@type":"ListItem","position":2,"name":"Garant\u00eda"}]},{"@type":"WebSite","@id":"https:\/\/cofetariascala.11digits.eu\/es\/#website","url":"https:\/\/cofetariascala.11digits.eu\/es\/","name":"Cofetaria Scala Oradea","description":"-","publisher":{"@id":"https:\/\/cofetariascala.11digits.eu\/es\/#organization"},"potentialAction":[{"@type":"SearchAction","target":{"@type":"EntryPoint","urlTemplate":"https:\/\/cofetariascala.11digits.eu\/es\/?s={search_term_string}"},"query-input":"required name=search_term_string"}],"inLanguage":"es"},{"@type":"Organization","@id":"https:\/\/cofetariascala.11digits.eu\/es\/#organization","name":"Cofetaria Scala Oradea","url":"https:\/\/cofetariascala.11digits.eu\/es\/","logo":{"@type":"ImageObject","inLanguage":"es","@id":"https:\/\/cofetariascala.11digits.eu\/es\/#\/schema\/logo\/image\/","url":"https:\/\/cofetariascalaoradea.ro\/wp-content\/uploads\/2020\/05\/logo-cofetaria-scala-oradea.png","contentUrl":"https:\/\/cofetariascalaoradea.ro\/wp-content\/uploads\/2020\/05\/logo-cofetaria-scala-oradea.png","width":300,"height":90,"caption":"Cofetaria Scala Oradea"},"image":{"@id":"https:\/\/cofetariascala.11digits.eu\/es\/#\/schema\/logo\/image\/"},"sameAs":["https:\/\/www.facebook.com\/cofetariascalaoradea","https:\/\/www.instagram.com\/cofetariascalaoradea"]}]}},"_links":{"self":[{"href":"https:\/\/cofetariascala.11digits.eu\/es\/wp-json\/wp\/v2\/pages\/7599"}],"collection":[{"href":"https:\/\/cofetariascala.11digits.eu\/es\/wp-json\/wp\/v2\/pages"}],"about":[{"href":"https:\/\/cofetariascala.11digits.eu\/es\/wp-json\/wp\/v2\/types\/page"}],"author":[{"embeddable":true,"href":"https:\/\/cofetariascala.11digits.eu\/es\/wp-json\/wp\/v2\/users\/1"}],"replies":[{"embeddable":true,"href":"https:\/\/cofetariascala.11digits.eu\/es\/wp-json\/wp\/v2\/comments?post=7599"}],"version-history":[{"count":2,"href":"https:\/\/cofetariascala.11digits.eu\/es\/wp-json\/wp\/v2\/pages\/7599\/revisions"}],"predecessor-version":[{"id":7616,"href":"https:\/\/cofetariascala.11digits.eu\/es\/wp-json\/wp\/v2\/pages\/7599\/revisions\/7616"}],"wp:attachment":[{"href":"https:\/\/cofetariascala.11digits.eu\/es\/wp-json\/wp\/v2\/media?parent=7599"}],"curies":[{"name":"wp","href":"https:\/\/api.w.org\/{rel}","templated":true}]}}