{"id":7603,"date":"2020-05-25T20:34:32","date_gmt":"2020-05-25T17:34:32","guid":{"rendered":"https:\/\/cofetariascalaoradea.ro\/nuestra-historia\/"},"modified":"2022-12-02T12:35:43","modified_gmt":"2022-12-02T10:35:43","slug":"nuestra-historia","status":"publish","type":"page","link":"https:\/\/cofetariascala.11digits.eu\/es\/nuestra-historia\/","title":{"rendered":"Nuestra historia"},"content":{"rendered":"<p>[et_pb_section fb_built=\u00bb1&#8243; fullwidth=\u00bbon\u00bb _builder_version=\u00bb4.4.7&#8243;][et_pb_fullwidth_image src=\u00bbhttps:\/\/cofetariascalaoradea.ro\/wp-content\/uploads\/2020\/09\/Cofetaria-006.jpg\u00bb title_text=\u00bbPasteler\u00eda-006&#8243; _builder_version=\u00bb4.5.1&#8243; hover_enabled=\u00bb0&#8243;][\/et_pb_fullwidth_image][\/et_pb_section][et_pb_section fb_built=\u00bb1&#8243; module_id=\u00bbsobre nosotros\u00bb _builder_version=\u00bb4.4.7&#8243;][et_pb_row _builder_version=\u00bb4.4.7&#8243;][et_pb_column type=\u00bb4_4&#8243; _builder_version=\u00bb4.4.7&#8243;][et_pb_text _builder_version=\u00bb4.5.1&#8243; custom_margin=\u00bb||0px||false|false\u00bb custom_padding=\u00bb||||false|false\u00bb]<\/p>\n<h1 style=\"text-align: center;\">Nuestra historia<\/h1>\n<p>[\/et_pb_text][et_pb_menu menu_id=\u00bb21&#8243; menu_style=\u00bbcentered\u00bb active_link_color=\u00bb#be212e\u00bb _builder_version=\u00bb4.4.7&#8243; menu_font=\u00bb|||on|||||\u00bb menu_text_color=\u00bb#394663&#8243;][\/et_pb_menu][et_pb_text _builder_version=\u00bb4.5.1&#8243; header_2_font=\u00bb||||||||\u00bb header_3_font=\u00bb|600||||on|||\u00bb header_3_font_size=\u00bb18px\u00bb]<\/p>\n<p>Inaugurada el 7 de noviembre de 1990, la confiter\u00eda SCALA es una de las primeras confiter\u00edas que se pusieron en marcha en Oradea, en un lugar c\u00e9ntrico del bulevar Decebal, una zona muy concurrida desde entonces.<\/p>\n<p><em>Reconocida por sus productos tradicionales, sus recetas originales y sus dulces como en casa, la pasteler\u00eda produce en sus propios laboratorios todos los dulces necesarios para los acontecimientos importantes de nuestra vida, a saber: tartas y galletas para bodas, bautizos, cumplea\u00f1os u otros eventos privados o corporativos.<\/em><\/p>\n<p>Estamos orgullosos de mencionar que en 2015 nos convertimos en socios de Carrefour Market, y en 2020 a\u00f1adimos a nuestra lista de socios a Carrefour Market, Mega Image y La Doi Pasi, as\u00ed como a otras tiendas locales.<\/p>\n<p>Debido a los comentarios positivos de los clientes satisfechos con la calidad de los productos, en 2016 decidimos construir un nuevo y moderno local, adaptado a las nuevas tendencias, pero tambi\u00e9n a otras categor\u00edas de clientes como antes. Como resultado, en febrero de 2018 se inaugur\u00f3 la Confiter\u00eda SCALA Iosia.<\/p>\n<p>Ofrecemos a nuestros clientes productos tradicionales como la Amandina, el Eclerul o la Savarina, todos ellos elaborados con materias primas de la m\u00e1xima calidad, pero tambi\u00e9n productos diversificados para todos los gustos y preferencias de clientes de todas las edades.<\/p>\n<p>Intentamos ofrecer a todo el mundo surtidos diversificados de tartas, pasteles, tartas, mini tartas, pasteles o baigli, as\u00ed como asistencia para cualquier tipo de pedido personalizado.<\/p>\n<p>Dado que el lema de Confiter\u00eda SCALA es \u00abEl sabor de los dulces recuerdos\u00bb, nuestro objetivo es mejorar constantemente la calidad de nuestros productos y diversificar al m\u00e1ximo la gama de productos para satisfacer los gustos m\u00e1s exigentes, de modo que podamos ofrecer realmente s\u00f3lo dulces recuerdos.<\/p>\n<p>&nbsp;<\/p>\n<p>&nbsp;<\/p>\n<p>[\/et_pb_text][et_pb_button button_url=\u00bb#contacto\u00bb button_text=\u00bbContacto con nosotros\u00bb button_alignment=\u00bbcenter\u00bb _builder_version=\u00bb4.4.7&#8243;][\/et_pb_button][\/et_pb_column][\/et_pb_row][\/et_pb_section][et_pb_section fb_built=\u00bb1&#8243; module_id=\u00bbgaler\u00eda\u00bb _builder_version=\u00bb4.4.7&#8243; background_color=\u00bb#f3f3f3&#8243;][et_pb_row _builder_version=\u00bb4.4.7&#8243; width=\u00bb98%\u00bb max_width=\u00bb2560px\u00bb module_alignment=\u00bbcenter\u00bb][et_pb_column type=\u00bb4_4&#8243; _builder_version=\u00bb4.4.7&#8243;][et_pb_gallery gallery_ids=\u00bb6583,6586,6589,6592,6595,6598,6601,6604,6607,6610,6613,6616,6619&#8243; gallery_orderby=\u00bbrand\u00bb posts_number=\u00bb12&#8243; show_title_and_caption=\u00bboff\u00bb show_pagination=\u00bboff\u00bb _builder_version=\u00bb4.5.1&#8243;][\/et_pb_gallery][\/et_pb_column][\/et_pb_row][\/et_pb_section][et_pb_section fb_built=\u00bb1&#8243; module_id=\u00bbsocios\u00bb _builder_version=\u00bb4.4.7&#8243; background_color=\u00bb#f3f3f3&#8243;][et_pb_row _builder_version=\u00bb4.4.7&#8243;][et_pb_column type=\u00bb4_4&#8243; _builder_version=\u00bb4.4.7&#8243;][et_pb_text _builder_version=\u00bb4.4.7&#8243; header_2_font=\u00bb|600|||||||\u00bb]<\/p>\n<h2 style=\"text-align: center;\">SOCIOS<\/h2>\n<p>[\/et_pb_text][et_pb_code _builder_version=\u00bb4.5.1&#8243;]\n\n\n<div id=\"wpv-view-layout-400\" class=\"js-wpv-view-layout js-wpv-layout-responsive js-wpv-view-layout-400\" data-viewnumber=\"400\" data-pagination=\"{&quot;id&quot;:400,&quot;query&quot;:&quot;normal&quot;,&quot;type&quot;:&quot;disabled&quot;,&quot;effect&quot;:&quot;fade&quot;,&quot;duration&quot;:500,&quot;speed&quot;:5,&quot;pause_on_hover&quot;:&quot;disabled&quot;,&quot;stop_rollover&quot;:&quot;false&quot;,&quot;cache_pages&quot;:&quot;enabled&quot;,&quot;preload_images&quot;:&quot;enabled&quot;,&quot;preload_pages&quot;:&quot;enabled&quot;,&quot;preload_reach&quot;:1,&quot;spinner&quot;:&quot;builtin&quot;,&quot;spinner_image&quot;:&quot;https:\/\/cofetariascalaoradea.ro\/wp-content\/plugins\/wp-views\/embedded\/res\/img\/ajax-loader.gif&quot;,&quot;callback_next&quot;:&quot;&quot;,&quot;manage_history&quot;:&quot;enabled&quot;,&quot;has_controls_in_form&quot;:&quot;disabled&quot;,&quot;infinite_tolerance&quot;:&quot;0&quot;,&quot;max_pages&quot;:0,&quot;page&quot;:1,&quot;base_permalink&quot;:&quot;\/es\/wp-json\/wp\/v2\/pages\/7603?wpv_view_count=400&amp;wpv_paged=WPV_PAGE_NUM&quot;,&quot;loop&quot;:{&quot;type&quot;:&quot;&quot;,&quot;name&quot;:&quot;&quot;,&quot;data&quot;:[],&quot;id&quot;:0}}\" data-permalink=\"\/es\/wp-json\/wp\/v2\/pages\/7603?wpv_view_count=400\">\n\n\t\n\t<div class=\"parteneri\">\n\t\n\t\n      <div class=\"partener\">\n<div class=\"wp-block-toolset-blocks-container tb-container\" data-toolset-blocks-container=\"ed3832aa6201cbec5b1e5b902dc067e2\"><div class=\"wp-block-image\">\n<figure class=\" tb-image tb-image-dynamic aligncenter\" data-toolset-blocks-image=\"ac19cb1e8fd7a556de407fffa7bd6dd8\"><img decoding=\"async\" loading=\"lazy\" src=\"https:\/\/i0.wp.com\/cofetariascala.11digits.eu\/wp-content\/uploads\/2020\/05\/partener-2-1.png?fit=378%2C84&#038;ssl=1\" alt=\"\" class=\"\"\/><\/figure>\n<\/div><\/div>\n<\/div>\n\t\n      <div class=\"partener\">\n<div class=\"wp-block-toolset-blocks-container tb-container\" data-toolset-blocks-container=\"ed3832aa6201cbec5b1e5b902dc067e2\"><div class=\"wp-block-image\">\n<figure class=\" tb-image tb-image-dynamic aligncenter\" data-toolset-blocks-image=\"ac19cb1e8fd7a556de407fffa7bd6dd8\"><img decoding=\"async\" loading=\"lazy\" src=\"https:\/\/i0.wp.com\/cofetariascala.11digits.eu\/wp-content\/uploads\/2020\/05\/partener-1-1.png?fit=202%2C84&#038;ssl=1\" alt=\"\" class=\"\"\/><\/figure>\n<\/div><\/div>\n<\/div>\n\t\n      <div class=\"partener\">\n<div class=\"wp-block-toolset-blocks-container tb-container\" data-toolset-blocks-container=\"ed3832aa6201cbec5b1e5b902dc067e2\"><div class=\"wp-block-image\">\n<figure class=\" tb-image tb-image-dynamic aligncenter\" data-toolset-blocks-image=\"ac19cb1e8fd7a556de407fffa7bd6dd8\"><img decoding=\"async\" loading=\"lazy\" src=\"https:\/\/i0.wp.com\/cofetariascala.11digits.eu\/wp-content\/uploads\/2020\/05\/partener-1.png?fit=432%2C84&#038;ssl=1\" alt=\"\" class=\"\"\/><\/figure>\n<\/div><\/div>\n<\/div>\n\t\n      <div class=\"partener\">\n<div class=\"wp-block-toolset-blocks-container tb-container\" data-toolset-blocks-container=\"ed3832aa6201cbec5b1e5b902dc067e2\"><div class=\"wp-block-image\">\n<figure class=\" tb-image tb-image-dynamic aligncenter\" data-toolset-blocks-image=\"ac19cb1e8fd7a556de407fffa7bd6dd8\"><img decoding=\"async\" loading=\"lazy\" src=\"https:\/\/i0.wp.com\/cofetariascala.11digits.eu\/wp-content\/uploads\/2020\/05\/partener-3-1.png?fit=84%2C84&#038;ssl=1\" alt=\"\" class=\"\"\/><\/figure>\n<\/div><\/div>\n<\/div>\n\t\n\t\n\t<\/div>  \n\t\n\t\n<\/div>\n[\/et_pb_code][\/et_pb_column][\/et_pb_row][\/et_pb_section][et_pb_section fb_built=\u00bb1&#8243; module_id=\u00bblo que obtienes\u00bb _builder_version=\u00bb4.4.7&#8243; custom_margin=\u00bb||||false|false\u00bb custom_padding=\u00bb||0px||false|false\u00bb link_option_url=\u00bb\/magazin\/\u00bb global_module=\u00bb286&#8243; saved_tabs=\u00bball\u00bb][et_pb_row _builder_version=\u00bb4.4.7&#8243; custom_margin=\u00bb||||false|false\u00bb custom_padding=\u00bb||0px||false|false\u00bb][et_pb_column type=\u00bb4_4&#8243; _builder_version=\u00bb4.4.7&#8243;][et_pb_text _builder_version=\u00bb4.4.7&#8243; header_2_font=\u00bb|600|||||||\u00bb custom_margin=\u00bb||0px||false|false\u00bb]<\/p>\n<h2 style=\"text-align: center;\">\u00bfQu\u00e9 ofrecemos?<\/h2>\n<p>[\/et_pb_text][et_pb_code _builder_version=\u00bb4.4.8&#8243; text_orientation=\u00bbcenter\u00bb custom_margin=\u00bb||||false|false\u00bb custom_padding=\u00bb||||false|false\u00bb]<div class=\"woocommerce columns-4\"><ul class=\"products columns-4\">\n<li class=\"product-category product first\">\n\t<\/li>\n<li class=\"product-category product\">\n\t<\/li>\n<li class=\"product-category product\">\n\t<\/li>\n<\/ul>\n<\/div>[\/et_pb_code][\/et_pb_column][\/et_pb_row][\/et_pb_section]<\/p>\n","protected":false},"excerpt":{"rendered":"<p>Nuestra historiaInaugurada el 7 de noviembre de 1990, la confiter\u00eda SCALA es una de las primeras confiter\u00edas que se pusieron en marcha en Oradea, en un lugar c\u00e9ntrico del bulevar Decebal, una zona muy concurrida desde entonces. Reconocida por sus productos tradicionales, sus recetas originales y sus dulces como en casa, la pasteler\u00eda produce en [&hellip;]<\/p>\n","protected":false},"author":1,"featured_media":0,"parent":0,"menu_order":2,"comment_status":"closed","ping_status":"closed","template":"","meta":{"_et_pb_use_builder":"on","_et_pb_old_content":"","_et_gb_content_width":""},"acf":[],"yoast_head":"<!-- This site is optimized with the Yoast SEO plugin v20.9 - https:\/\/yoast.com\/wordpress\/plugins\/seo\/ -->\n<title>Nuestra historia - Cofetaria Scala Oradea<\/title>\n<meta name=\"robots\" content=\"index, follow, max-snippet:-1, max-image-preview:large, max-video-preview:-1\" \/>\n<link rel=\"canonical\" href=\"https:\/\/cofetariascala.11digits.eu\/es\/nuestra-historia\/\" \/>\n<meta property=\"og:locale\" content=\"es_ES\" \/>\n<meta property=\"og:type\" content=\"article\" \/>\n<meta property=\"og:title\" content=\"Nuestra historia - Cofetaria Scala Oradea\" \/>\n<meta property=\"og:description\" content=\"Nuestra historiaInaugurada el 7 de noviembre de 1990, la confiter\u00eda SCALA es una de las primeras confiter\u00edas que se pusieron en marcha en Oradea, en un lugar c\u00e9ntrico del bulevar Decebal, una zona muy concurrida desde entonces. Reconocida por sus productos tradicionales, sus recetas originales y sus dulces como en casa, la pasteler\u00eda produce en [&hellip;]\" \/>\n<meta property=\"og:url\" content=\"https:\/\/cofetariascala.11digits.eu\/es\/nuestra-historia\/\" \/>\n<meta property=\"og:site_name\" content=\"Cofetaria Scala Oradea\" \/>\n<meta property=\"article:publisher\" content=\"https:\/\/www.facebook.com\/cofetariascalaoradea\" \/>\n<meta property=\"article:modified_time\" content=\"2022-12-02T10:35:43+00:00\" \/>\n<meta name=\"twitter:card\" content=\"summary_large_image\" \/>\n<meta name=\"twitter:label1\" content=\"Tiempo de lectura\" \/>\n\t<meta name=\"twitter:data1\" content=\"3 minutos\" \/>\n<script type=\"application\/ld+json\" class=\"yoast-schema-graph\">{\"@context\":\"https:\/\/schema.org\",\"@graph\":[{\"@type\":\"WebPage\",\"@id\":\"https:\/\/cofetariascala.11digits.eu\/es\/nuestra-historia\/\",\"url\":\"https:\/\/cofetariascala.11digits.eu\/es\/nuestra-historia\/\",\"name\":\"Nuestra historia - Cofetaria Scala Oradea\",\"isPartOf\":{\"@id\":\"https:\/\/cofetariascala.11digits.eu\/es\/#website\"},\"datePublished\":\"2020-05-25T17:34:32+00:00\",\"dateModified\":\"2022-12-02T10:35:43+00:00\",\"breadcrumb\":{\"@id\":\"https:\/\/cofetariascala.11digits.eu\/es\/nuestra-historia\/#breadcrumb\"},\"inLanguage\":\"es\",\"potentialAction\":[{\"@type\":\"ReadAction\",\"target\":[\"https:\/\/cofetariascala.11digits.eu\/es\/nuestra-historia\/\"]}]},{\"@type\":\"BreadcrumbList\",\"@id\":\"https:\/\/cofetariascala.11digits.eu\/es\/nuestra-historia\/#breadcrumb\",\"itemListElement\":[{\"@type\":\"ListItem\",\"position\":1,\"name\":\"Prima pagin\u0103\",\"item\":\"https:\/\/cofetariascala.11digits.eu\/es\/\"},{\"@type\":\"ListItem\",\"position\":2,\"name\":\"Nuestra historia\"}]},{\"@type\":\"WebSite\",\"@id\":\"https:\/\/cofetariascala.11digits.eu\/es\/#website\",\"url\":\"https:\/\/cofetariascala.11digits.eu\/es\/\",\"name\":\"Cofetaria Scala Oradea\",\"description\":\"-\",\"publisher\":{\"@id\":\"https:\/\/cofetariascala.11digits.eu\/es\/#organization\"},\"potentialAction\":[{\"@type\":\"SearchAction\",\"target\":{\"@type\":\"EntryPoint\",\"urlTemplate\":\"https:\/\/cofetariascala.11digits.eu\/es\/?s={search_term_string}\"},\"query-input\":\"required name=search_term_string\"}],\"inLanguage\":\"es\"},{\"@type\":\"Organization\",\"@id\":\"https:\/\/cofetariascala.11digits.eu\/es\/#organization\",\"name\":\"Cofetaria Scala Oradea\",\"url\":\"https:\/\/cofetariascala.11digits.eu\/es\/\",\"logo\":{\"@type\":\"ImageObject\",\"inLanguage\":\"es\",\"@id\":\"https:\/\/cofetariascala.11digits.eu\/es\/#\/schema\/logo\/image\/\",\"url\":\"https:\/\/cofetariascalaoradea.ro\/wp-content\/uploads\/2020\/05\/logo-cofetaria-scala-oradea.png\",\"contentUrl\":\"https:\/\/cofetariascalaoradea.ro\/wp-content\/uploads\/2020\/05\/logo-cofetaria-scala-oradea.png\",\"width\":300,\"height\":90,\"caption\":\"Cofetaria Scala Oradea\"},\"image\":{\"@id\":\"https:\/\/cofetariascala.11digits.eu\/es\/#\/schema\/logo\/image\/\"},\"sameAs\":[\"https:\/\/www.facebook.com\/cofetariascalaoradea\",\"https:\/\/www.instagram.com\/cofetariascalaoradea\"]}]}<\/script>\n<!-- \/ Yoast SEO plugin. -->","yoast_head_json":{"title":"Nuestra historia - Cofetaria Scala Oradea","robots":{"index":"index","follow":"follow","max-snippet":"max-snippet:-1","max-image-preview":"max-image-preview:large","max-video-preview":"max-video-preview:-1"},"canonical":"https:\/\/cofetariascala.11digits.eu\/es\/nuestra-historia\/","og_locale":"es_ES","og_type":"article","og_title":"Nuestra historia - Cofetaria Scala Oradea","og_description":"Nuestra historiaInaugurada el 7 de noviembre de 1990, la confiter\u00eda SCALA es una de las primeras confiter\u00edas que se pusieron en marcha en Oradea, en un lugar c\u00e9ntrico del bulevar Decebal, una zona muy concurrida desde entonces. Reconocida por sus productos tradicionales, sus recetas originales y sus dulces como en casa, la pasteler\u00eda produce en [&hellip;]","og_url":"https:\/\/cofetariascala.11digits.eu\/es\/nuestra-historia\/","og_site_name":"Cofetaria Scala Oradea","article_publisher":"https:\/\/www.facebook.com\/cofetariascalaoradea","article_modified_time":"2022-12-02T10:35:43+00:00","twitter_card":"summary_large_image","twitter_misc":{"Tiempo de lectura":"3 minutos"},"schema":{"@context":"https:\/\/schema.org","@graph":[{"@type":"WebPage","@id":"https:\/\/cofetariascala.11digits.eu\/es\/nuestra-historia\/","url":"https:\/\/cofetariascala.11digits.eu\/es\/nuestra-historia\/","name":"Nuestra historia - Cofetaria Scala Oradea","isPartOf":{"@id":"https:\/\/cofetariascala.11digits.eu\/es\/#website"},"datePublished":"2020-05-25T17:34:32+00:00","dateModified":"2022-12-02T10:35:43+00:00","breadcrumb":{"@id":"https:\/\/cofetariascala.11digits.eu\/es\/nuestra-historia\/#breadcrumb"},"inLanguage":"es","potentialAction":[{"@type":"ReadAction","target":["https:\/\/cofetariascala.11digits.eu\/es\/nuestra-historia\/"]}]},{"@type":"BreadcrumbList","@id":"https:\/\/cofetariascala.11digits.eu\/es\/nuestra-historia\/#breadcrumb","itemListElement":[{"@type":"ListItem","position":1,"name":"Prima pagin\u0103","item":"https:\/\/cofetariascala.11digits.eu\/es\/"},{"@type":"ListItem","position":2,"name":"Nuestra historia"}]},{"@type":"WebSite","@id":"https:\/\/cofetariascala.11digits.eu\/es\/#website","url":"https:\/\/cofetariascala.11digits.eu\/es\/","name":"Cofetaria Scala Oradea","description":"-","publisher":{"@id":"https:\/\/cofetariascala.11digits.eu\/es\/#organization"},"potentialAction":[{"@type":"SearchAction","target":{"@type":"EntryPoint","urlTemplate":"https:\/\/cofetariascala.11digits.eu\/es\/?s={search_term_string}"},"query-input":"required name=search_term_string"}],"inLanguage":"es"},{"@type":"Organization","@id":"https:\/\/cofetariascala.11digits.eu\/es\/#organization","name":"Cofetaria Scala Oradea","url":"https:\/\/cofetariascala.11digits.eu\/es\/","logo":{"@type":"ImageObject","inLanguage":"es","@id":"https:\/\/cofetariascala.11digits.eu\/es\/#\/schema\/logo\/image\/","url":"https:\/\/cofetariascalaoradea.ro\/wp-content\/uploads\/2020\/05\/logo-cofetaria-scala-oradea.png","contentUrl":"https:\/\/cofetariascalaoradea.ro\/wp-content\/uploads\/2020\/05\/logo-cofetaria-scala-oradea.png","width":300,"height":90,"caption":"Cofetaria Scala Oradea"},"image":{"@id":"https:\/\/cofetariascala.11digits.eu\/es\/#\/schema\/logo\/image\/"},"sameAs":["https:\/\/www.facebook.com\/cofetariascalaoradea","https:\/\/www.instagram.com\/cofetariascalaoradea"]}]}},"_links":{"self":[{"href":"https:\/\/cofetariascala.11digits.eu\/es\/wp-json\/wp\/v2\/pages\/7603"}],"collection":[{"href":"https:\/\/cofetariascala.11digits.eu\/es\/wp-json\/wp\/v2\/pages"}],"about":[{"href":"https:\/\/cofetariascala.11digits.eu\/es\/wp-json\/wp\/v2\/types\/page"}],"author":[{"embeddable":true,"href":"https:\/\/cofetariascala.11digits.eu\/es\/wp-json\/wp\/v2\/users\/1"}],"replies":[{"embeddable":true,"href":"https:\/\/cofetariascala.11digits.eu\/es\/wp-json\/wp\/v2\/comments?post=7603"}],"version-history":[{"count":3,"href":"https:\/\/cofetariascala.11digits.eu\/es\/wp-json\/wp\/v2\/pages\/7603\/revisions"}],"predecessor-version":[{"id":7649,"href":"https:\/\/cofetariascala.11digits.eu\/es\/wp-json\/wp\/v2\/pages\/7603\/revisions\/7649"}],"wp:attachment":[{"href":"https:\/\/cofetariascala.11digits.eu\/es\/wp-json\/wp\/v2\/media?parent=7603"}],"curies":[{"name":"wp","href":"https:\/\/api.w.org\/{rel}","templated":true}]}}