{"id":7532,"date":"2020-05-25T20:19:32","date_gmt":"2020-05-25T17:19:32","guid":{"rendered":"https:\/\/cofetariascalaoradea.ro\/feltetelek-es-kikotesek\/"},"modified":"2022-12-02T12:35:43","modified_gmt":"2022-12-02T10:35:43","slug":"feltetelek-es-kikotesek","status":"publish","type":"page","link":"https:\/\/cofetariascala.11digits.eu\/hu\/feltetelek-es-kikotesek\/","title":{"rendered":"Felt\u00e9telek \u00e9s kik\u00f6t\u00e9sek"},"content":{"rendered":"<p>[et_pb_section fb_built=&#8221;1&#8243; _builder_version=&#8221;4.4.7&#8243;][et_pb_row _builder_version=&#8221;4.4.7&#8243;][et_pb_column type=&#8221;4_4&#8243; _builder_version=&#8221;4.4.7&#8243;][et_pb_text _builder_version=&#8221;4.6.6&#8243; hover_enabled=&#8221;0&#8243; content_last_edited=&#8221;off|desktop&#8221; sticky_enabled=&#8221;0&#8243;]<\/p>\n<h1 style=\"text-align: center;\">Felt\u00e9telek \u00e9s kik\u00f6t\u00e9sek<\/h1>\n<p>A SCALA DANIA SRL online \u00e9lelmiszereket \u00e9rt\u00e9kes\u00edt cf. art. 9 sz\u00e1zal\u00e9k. A GEO 99\/2000. sz. dokumentum 4. pontja.<\/p>\n<p>Az oldal haszn\u00e1lata az adatv\u00e9delmi ir\u00e1nyelvek \u00e9s az al\u00e1bbi felt\u00e9telek elfogad\u00e1s\u00e1t jelenti.<\/p>\n<p>K\u00e9rj\u00fck, hogy a www.cofetariascalaoradea.ro weboldalon kereszt\u00fcl el\u00e9rhet\u0151 anyagok, inform\u00e1ci\u00f3k, term\u00e9kek vagy szolg\u00e1ltat\u00e1sok haszn\u00e1lata el\u0151tt figyelmesen olvassa el az ezen az oldalon meghat\u00e1rozott felhaszn\u00e1l\u00e1si felt\u00e9teleket. A www.cofeta <a href=\"http:\/\/www.cofetariascalaoradea.ro\">riascalaoradea.ro<\/a> oldalra val\u00f3 bel\u00e9p\u00e9ssel \u00d6n elfogadja, korl\u00e1toz\u00e1s \u00e9s korl\u00e1toz\u00e1s n\u00e9lk\u00fcl, a jelen felhaszn\u00e1l\u00e1si felt\u00e9teleket. Ha nem fogadja el ezeket a felt\u00e9teleket, k\u00e9rj\u00fck, hagyja el a www.cofetariascalaoradea.ro oldalt. A Webhely, a Webhelyen vagy a Webhelyen k\u00edn\u00e1lt szolg\u00e1ltat\u00e1sok vagy funkci\u00f3k, illetve a Webhely tartalma b\u00e1rmilyen m\u00f3don t\u00f6rt\u00e9n\u0151 haszn\u00e1lat\u00e1val, megtekint\u00e9s\u00e9vel, tov\u00e1bb\u00edt\u00e1s\u00e1val, meg\u0151rz\u00e9s\u00e9vel, t\u00e1rol\u00e1s\u00e1val \u00e9s\/vagy haszn\u00e1lat\u00e1val \u00d6n elfogadja az al\u00e1bbiakban meghat\u00e1rozott valamennyi felt\u00e9telt, \u00e9s lemond a jelen Meg\u00e1llapod\u00e1sban foglalt k\u00e9t\u00e9rtelm\u0171s\u00e9gre vagy hib\u00e1ra val\u00f3 hivatkoz\u00e1s jog\u00e1r\u00f3l.<\/p>\n<h4><strong><b>A webhely tulajdonos\u00e1nak azonos\u00edt\u00f3 adatai<\/b><\/strong><\/h4>\n<p>Domain tulajdonosa <em><br \/>\n  <a href=\"http:\/\/www.cofetariascalaoradea.ro\"><br \/>\n    <u>cofetariascalaoradea.ro<\/u><br \/>\n  <\/a><br \/>\n<\/em> \u00e9s a weboldal tartalma <em><br \/>\n  <a href=\"http:\/\/www.cofetariascalaoradea.ro\"><br \/>\n    <u>www.cofetariascalaoradea.ro<\/u><br \/>\n  <\/a><br \/>\n<\/em> (a tov\u00e1bbiakban a &#8222;weboldal&#8221;):<\/p>\n<p><em><strong><br \/>\n  <b>SCALA SCALA DANIA SRL<br \/><\/b><br \/>\n<\/strong><strong><br \/>\n  <b>Sz\u00e9khely:<\/b><br \/>\n<\/strong><strong><b> <\/b><\/strong>Str. Meziadului, nr.14, Oradea, Bihar, Rom\u00e1nia<\/em><br \/><em><strong><br \/>\n  <b>CUI: <\/b><br \/>\n<\/strong>RO 33613346<\/em><br \/><em><strong><b>No. inreg. ONRC:  <\/b><\/strong>J5\/1425\/2014<\/em><br \/><em><strong><br \/>\n  <b>Telefon: <\/b><br \/>\n<\/strong>0359 459 730 \/ 0747 453 828<\/em><br \/><em><strong><br \/>\n  <b>E-mail: <\/b><br \/>\n<\/strong>contact@cofetariascala.ro<\/em><\/p>\n<h4><strong>A honlapon k\u00f6zz\u00e9tett inform\u00e1ci\u00f3k szerz\u0151i joga<\/strong><\/h4>\n<p>A <em>cofetariascalaoradea.<\/em> ro weboldal teljes tartalma &#8211; k\u00e9pek, sz\u00f6vegek, grafik\u00e1k, szimb\u00f3lumok, webgrafik\u00e1k, e-mailek, szkriptek, programok \u00e9s egy\u00e9b adatok &#8211; a T\u00e1rsas\u00e1g \u00e9s besz\u00e1ll\u00edt\u00f3i tulajdon\u00e1t k\u00e9pezik, \u00e9s a szerz\u0151i jogok v\u00e9delm\u00e9r\u0151l sz\u00f3l\u00f3 t\u00f6rv\u00e9ny (8\/1996. sz. t\u00f6rv\u00e9ny), valamint a szellemi \u00e9s ipari tulajdonr\u00f3l sz\u00f3l\u00f3 t\u00f6rv\u00e9nyek \u00e1ltal v\u00e9dettek. A fent felsorolt elemek b\u00e1rmelyik\u00e9nek a T\u00e1rsas\u00e1g hozz\u00e1j\u00e1rul\u00e1sa n\u00e9lk\u00fcli felhaszn\u00e1l\u00e1sa a t\u00f6rv\u00e9ny szerint b\u00fcntetend\u0151. A szerz\u0151i jogi t\u00f6rv\u00e9nyek \u00e9rtelm\u00e9ben, ha bizonyos szellemi jogok megs\u00e9rt\u00e9s\u00e9t \u00e9szleli, k\u00e9rj\u00fck, l\u00e9pjen kapcsolatba vel\u00fcnk a office@cofetariascalaoradea.ro c\u00edmen.<\/p>\n<p>Ez az oldal, bele\u00e9rtve minden egyes modulj\u00e1t, a SCALA Cukr\u00e1szda bejegyzett tulajdon\u00e1t k\u00e9pezi. Ez a weboldal \u00e9s a weboldalon bemutatott tartalom nem m\u00e1solhat\u00f3, reproduk\u00e1lhat\u00f3, \u00fajra k\u00f6zz\u00e9tehet\u0151, felt\u00f6lthet\u0151, k\u00f6zz\u00e9tehet\u0151, m\u00f3dos\u00edthat\u00f3, tov\u00e1bb\u00edthat\u00f3 vagy terjeszthet\u0151 a SCALA DANIA SRL enged\u00e9lye n\u00e9lk\u00fcl. Az oldal \u00e9s\/vagy az oldalon tal\u00e1lhat\u00f3 anyagok jogosulatlan haszn\u00e1lata s\u00e9rtheti a szerz\u0151i jogokat, a v\u00e9djegyeket, a szellemi tulajdonjogokat \u00e9s egy\u00e9b t\u00f6rv\u00e9nyeket. Meg kell \u0151riznie az anyagokban tal\u00e1lhat\u00f3 szerz\u0151i jogi \u00e9s v\u00e9djegybejelent\u00e9seket, bele\u00e9rtve minden m\u00e1s tulajdonosi bejelent\u00e9st is. Ezen anyagok haszn\u00e1lata b\u00e1rmely m\u00e1s weboldalon vagy m\u00e1s sz\u00e1m\u00edt\u00f3g\u00e9pes h\u00e1l\u00f3zatban tilos.<\/p>\n<p>Elt\u00e9r\u0151 rendelkez\u00e9s hi\u00e1ny\u00e1ban minden n\u00e9v, log\u00f3, v\u00e9djegy, szolg\u00e1ltat\u00e1si v\u00e9djegy, kereskedelmi n\u00e9v a SCALA DANIA SRL tulajdon\u00e1t k\u00e9pezi, \u00e9s el\u0151zetes \u00edr\u00e1sbeli hozz\u00e1j\u00e1rul\u00e1sunk n\u00e9lk\u00fcl senki sem haszn\u00e1lhatja fel semmilyen c\u00e9lra.<\/p>\n<h4><strong>Meghat\u00e1roz\u00e1sok:<\/strong><\/h4>\n<p>&#8222;COFETARIA SCALA cukr\u00e1szda&#8221;: az a hely, ahol a COFETARIA SCALA term\u00e9keket \u00e1rus\u00edtj\u00e1k, \u00e1lland\u00f3 helysz\u00ednek, bele\u00e9rtve a bev\u00e1s\u00e1rl\u00f3k\u00f6zpontokban tal\u00e1lhat\u00f3 szigetszer\u0171 \u00fczlethelyis\u00e9geket is.<\/p>\n<p>&#8222;SCALA CONFECTIONERY term\u00e9kek&#8221;: a saj\u00e1t laborat\u00f3riumunkban el\u0151\u00e1ll\u00edtott, magas sz\u00ednvonal\u00fa s\u00fctem\u00e9nyek, tort\u00e1k, eclair, choux, szezon\u00e1lis term\u00e9kek.<\/p>\n<p>A www.cofetariascalaoradea.ro weboldal a SCALA DANIA SRL tulajdona, \u00e9s a weboldal teljes tartalma a szerz\u0151i jogv\u00e9delemr\u0151l sz\u00f3l\u00f3 t\u00f6rv\u00e9ny v\u00e9delme alatt \u00e1ll.<\/p>\n<p>A www.cofetariascalaoradea.ro haszn\u00e1lat\u00e1val \u00d6n elfogadja az al\u00e1bbi felt\u00e9teleket.<\/p>\n<p>A COFETARIA SCALA fenntartja a jogot, hogy a felt\u00e9teleket b\u00e1rmikor, el\u0151zetes \u00e9rtes\u00edt\u00e9s n\u00e9lk\u00fcl m\u00f3dos\u00edtsa, ez\u00e9rt k\u00e9rj\u00fck, rendszeresen ellen\u0151rizze a felt\u00e9teleket a v\u00e1ltoz\u00e1sok miatt. Ha a jelen Meg\u00e1llapod\u00e1s b\u00e1rmely m\u00f3dos\u00edt\u00e1s\u00e1t k\u00f6vet\u0151en tov\u00e1bbra is haszn\u00e1lja a Webhelyet, az azt jelenti, hogy \u00d6n elfogadja a m\u00f3dos\u00edt\u00e1sokat.<\/p>\n<p><em><strong>A k\u00e9pek csak bemutat\u00e1si c\u00e9lokat szolg\u00e1lnak.<\/strong><\/em><\/p>\n<p>Az online \u00e1ruh\u00e1zban tal\u00e1lhat\u00f3 term\u00e9kek a rendelkez\u00e9sre \u00e1ll\u00e1s f\u00fcggv\u00e9ny\u00e9ben ker\u00fclnek \u00e9rt\u00e9kes\u00edt\u00e9sre. Nem ig\u00e9nyelhet\u0151 k\u00e1rt\u00e9r\u00edt\u00e9s, ha a megrendel\u00e9st indokolt okokb\u00f3l nem lehet teljes\u00edteni (pl.: a term\u00e9k k\u00e9szlethi\u00e1nya, esetleges megjelen\u00edt\u00e9si hiba stb.). Ezekben az esetekben a SCALA OFFICE a lehet\u0151 leghamarabb \u00e9rtes\u00edti a v\u00e1s\u00e1rl\u00f3t a probl\u00e9m\u00e1r\u00f3l, \u00e9s a kifizetett \u00f6sszeget 5 munkanapon bel\u00fcl teljes eg\u00e9sz\u00e9ben visszat\u00e9r\u00edti.<\/p>\n<p>A COFETARIA SCALA cukr\u00e1szati term\u00e9kek eltarthat\u00f3s\u00e1gi ideje 48 \u00f3ra.<\/p>\n<p>A COFETARIA SCALA term\u00e9kek a t\u00f6rv\u00e9ny \u00e1ltal el\u0151\u00edrt higi\u00e9niai \u00e9s eg\u00e9szs\u00e9g\u00fcgyi felt\u00e9telek betart\u00e1s\u00e1val k\u00e9sz\u00fclnek.<\/p>\n<p>A COFETARIA SCALA term\u00e9kek allerg\u00e9n hat\u00e1s\u00fa \u00f6sszetev\u0151ket vagy azok nyomait tartalmazhatj\u00e1k: glut\u00e9n, toj\u00e1s \u00e9s toj\u00e1ssz\u00e1rmaz\u00e9kok, tej \u00e9s tejterm\u00e9kek, f\u00f6ldimogyor\u00f3 \u00e9s mogyor\u00f3sz\u00e1rmaz\u00e9kok, di\u00f3f\u00e9l\u00e9k, b\u00faz\u00e1t tartalmaz\u00f3 gabonaf\u00e9l\u00e9k \u00e9s b\u00fazasz\u00e1rmaz\u00e9kok. A gy\u00e1rt\u00e1si folyamat miatt nem tudjuk kiz\u00e1rni az allerg\u00e9nek jelenl\u00e9t\u00e9t egyik term\u00e9k\u00fcnkben sem.<\/p>\n<h4><strong>Megrendel\u00e9s lead\u00e1sa \u00e9s elfogad\u00e1sa<\/strong><\/h4>\n<p>A megrendel\u00e9seket kiz\u00e1r\u00f3lag az online shopon kereszt\u00fcl lehet leadni. K\u00e9tf\u00e9le m\u00f3don veheti \u00e1t rendel\u00e9s\u00e9t: kisz\u00e1ll\u00edt\u00e1ssal vagy a COFETARIA SCALA cukr\u00e1szd\u00e1k egyik\u00e9ben t\u00f6rt\u00e9n\u0151 \u00e1tv\u00e9tellel.<\/p>\n<p>A megrendel\u00e9s lead\u00e1s\u00e1val a v\u00e1s\u00e1rl\u00f3 automatikusan elfogadja a jelen \u00e1ltal\u00e1nos szerz\u0151d\u00e9si felt\u00e9teleket.<\/p>\n<h4><strong>Fizet\u00e9si m\u00f3dok<\/strong><\/h4>\n<p>A fizet\u00e9s kiz\u00e1r\u00f3lag online, bankk\u00e1rty\u00e1val t\u00f6rt\u00e9nik, f\u00fcggetlen\u00fcl att\u00f3l, hogy a kisz\u00e1ll\u00edt\u00e1si opci\u00f3t v\u00e1lasztja, vagy \u00fagy d\u00f6nt, hogy \u00e1tveszi a rendel\u00e9s\u00e9t a cukr\u00e1szd\u00e1nkban. A fizet\u00e9si platform a <strong>mobilpay.ro<\/strong><\/p>\n<h4><strong>Megrendel\u00e9s feldolgoz\u00e1sa<\/strong><\/h4>\n<p>A megrendel\u00e9s minim\u00e1lis feldolgoz\u00e1si ideje 24 \u00f3ra.<\/p>\n<h4><strong>A term\u00e9kek sz\u00e1ll\u00edt\u00e1sa \u00e9s \u00e1tv\u00e9tele<\/strong><\/h4>\n<p>A sz\u00e1ll\u00edt\u00e1sok speci\u00e1lis h\u0171t\u0151kocsikkal t\u00f6rt\u00e9nnek, amelyeket az enged\u00e9lyezett ellen\u0151rz\u0151 int\u00e9zm\u00e9nyek enged\u00e9lyeztek.<\/p>\n<p>A sz\u00e1ll\u00edt\u00e1si k\u00f6lts\u00e9g 10 lej az A z\u00f3n\u00e1ban (a Nagyv\u00e1rad, Meziadului utca 14. sz\u00e1m alatti k\u00e9zbes\u00edt\u00e9si pontunkt\u00f3l sz\u00e1m\u00edtott 10 km t\u00e1vols\u00e1gig); 50 lej a B z\u00f3n\u00e1ban (a Nagyv\u00e1rad, Meziadului utca 14. sz\u00e1m alatti k\u00e9zbes\u00edt\u00e9si pontunkt\u00f3l sz\u00e1m\u00edtott 25 km t\u00e1vols\u00e1gig) \u00e9s ingyenes, ha a rendel\u00e9s \u00e9rt\u00e9ke meghaladja a 300 lejt. 50 lej alatti rendel\u00e9s eset\u00e9n k\u00e9rj\u00fck, adja le rendel\u00e9s\u00e9t \u00e1tv\u00e9tellel b\u00e1rmelyik SCALA COFETARIA cukr\u00e1szd\u00e1ban.<\/p>\n<p>A sz\u00e1ll\u00edt\u00e1sok naponta 10:00-17:00 k\u00f6z\u00f6tt t\u00f6rt\u00e9nnek, az \u00d6n \u00e1ltal v\u00e1lasztott id\u0151pontban. v\u00e1lassza ki a megrendel\u00e9s lead\u00e1sakor. A SCALA Cukr\u00e1szda k\u00e9zbes\u00edt\u0151je egy k\u00e9zbes\u00edt\u00e9si k\u00eds\u00e9rletet tesz a kiv\u00e1lasztott id\u0151intervallumon bel\u00fcl. Ha nem tal\u00e1lj\u00e1k a megadott c\u00edmen, vagy nem v\u00e1laszol 2 telefonh\u00edv\u00e1sra \u00e9s 1 sms-re, a sz\u00e1ll\u00edt\u00e1s a SCALA COFETARIA-ra t\u00f6rt\u00e9nik str. Meziadului, nr.14, Oradea (Nagyv\u00e1rad), amelyet azt\u00e1n megh\u00edvjuk \u00d6nt, hogy szem\u00e9lyesen vegye \u00e1t a telephely\u00fcnk\u00f6n. Ezt SMS-ben jelentj\u00fck be. A fenti helyzetben a sz\u00e1ll\u00edt\u00e1si d\u00edjat, ha van ilyen, NEM t\u00e9r\u00edtik vissza, az \u00f6sszeg a j\u00e1rm\u0171vezet\u0151 kezdeti utaz\u00e1s\u00e1t fedezi.<\/p>\n<p>Az \u00d6n megrendel\u00e9s\u00e9t szigor\u00faan a term\u00e9kek \u00e9rv\u00e9nyess\u00e9gi idej\u00e9n bel\u00fcl tartjuk meg \u00fczlet\u00fcnkben. Amennyiben nem jelenik meg a term\u00e9kek \u00e1tv\u00e9tel\u00e9re, a megrendel\u00e9s t\u00f6rl\u00e9sre ker\u00fcl, \u00e9s annak \u00e9rt\u00e9ke NEM ker\u00fcl visszat\u00e9r\u00edt\u00e9sre.<\/p>\n<p>Ha olyan id\u0151pontban v\u00e1lasztotta a kisz\u00e1ll\u00edt\u00e1st, amikor sz\u00e1ll\u00edt\u00e1si kapacit\u00e1sunk m\u00e1r teljesen foglalt, a SCALA Cukr\u00e1szda munkat\u00e1rsa felveszi \u00d6nnel a kapcsolatot, hogy egy m\u00e1sik, a legk\u00f6zelebbi szabad id\u0151pontra \u00fctemezze \u00e1t a kisz\u00e1ll\u00edt\u00e1st.<\/p>\n<p>Ha nem \u00e9rt egyet az \u00e1t\u00fctemez\u00e9ssel, a megrendel\u00e9st t\u00f6r\u00f6lj\u00fck, \u00e9s a p\u00e9nzt 5 munkanapon bel\u00fcl teljes eg\u00e9sz\u00e9ben visszautaljuk a sz\u00e1ml\u00e1j\u00e1ra.<\/p>\n<p>Az olyan napok\/id\u0151szakok eset\u00e9ben, amikor nagyon sok megrendel\u00e9s \u00e9rkezik, valamint amikor a forgalmi vagy id\u0151j\u00e1r\u00e1si k\u00f6r\u00fclm\u00e9nyek akad\u00e1lyozz\u00e1k a sz\u00e1ll\u00edt\u00e1si folyamatot, a SCALA COFETARIA fenntartja a jogot a sz\u00e1ll\u00edt\u00e1si id\u0151 meghosszabb\u00edt\u00e1s\u00e1ra. Az ilyen k\u00e9sedelmek\u00e9rt, amelyek a v\u00e1llalat ellen\u0151rz\u00e9si k\u00f6r\u00e9n vagy lehet\u0151s\u00e9gein k\u00edv\u00fcl esnek, a v\u00e1llalat nem tehet\u0151 felel\u0151ss\u00e9.<\/p>\n<p>Az online megrendelt term\u00e9kek szem\u00e9lyes \u00e1tv\u00e9tele a rendel\u00e9s \u00f6sszeg\u00e9t\u0151l f\u00fcggetlen\u00fcl ingyenes. Ebben az esetben nem sz\u00e1m\u00edtanak fel feldolgoz\u00e1si d\u00edjat.<\/p>\n<p>Az \u00d6n al\u00e1\u00edr\u00e1sa a megrendel\u00e9s\u00e9t k\u00eds\u00e9r\u0151 jogi dokumentumokon az \u00d6n elfogad\u00e1s\u00e1t jelenti. \u00e9s a parancsok betart\u00e1sa. K\u00e9rj\u00fck, al\u00e1\u00edr\u00e1s el\u0151tt ellen\u0151rizze a megrendel\u00e9s megfelel\u0151s\u00e9g\u00e9t. K\u00e9s\u0151bbi panaszok nem vehet\u0151k figyelembe.<\/p>\n<h4><strong>A term\u00e9kek visszak\u00fcld\u00e9se<\/strong><\/h4>\n<p>A hat\u00e1lyos jogszab\u00e1lyok szerint a megv\u00e1s\u00e1rolt \u00e9lelmiszereket NEM lehet visszavinni vagy kicser\u00e9lni.<\/p>\n<p>[\/et_pb_text][\/et_pb_column][\/et_pb_row][\/et_pb_section]<\/p>\n","protected":false},"excerpt":{"rendered":"<p>Felt\u00e9telek \u00e9s kik\u00f6t\u00e9sek A SCALA DANIA SRL online \u00e9lelmiszereket \u00e9rt\u00e9kes\u00edt cf. art. 9 sz\u00e1zal\u00e9k. A GEO 99\/2000. sz. dokumentum 4. pontja. Az oldal haszn\u00e1lata az adatv\u00e9delmi ir\u00e1nyelvek \u00e9s az al\u00e1bbi felt\u00e9telek elfogad\u00e1s\u00e1t jelenti. K\u00e9rj\u00fck, hogy a www.cofetariascalaoradea.ro weboldalon kereszt\u00fcl el\u00e9rhet\u0151 anyagok, inform\u00e1ci\u00f3k, term\u00e9kek vagy szolg\u00e1ltat\u00e1sok haszn\u00e1lata el\u0151tt figyelmesen olvassa el az ezen az oldalon meghat\u00e1rozott [&hellip;]<\/p>\n","protected":false},"author":1,"featured_media":0,"parent":0,"menu_order":11,"comment_status":"closed","ping_status":"closed","template":"","meta":{"_et_pb_use_builder":"on","_et_pb_old_content":"","_et_gb_content_width":""},"acf":[],"yoast_head":"<!-- This site is optimized with the Yoast SEO plugin v20.9 - https:\/\/yoast.com\/wordpress\/plugins\/seo\/ -->\n<title>Felt\u00e9telek \u00e9s kik\u00f6t\u00e9sek - Cofetaria Scala Oradea<\/title>\n<meta name=\"robots\" content=\"index, follow, max-snippet:-1, max-image-preview:large, max-video-preview:-1\" \/>\n<link rel=\"canonical\" href=\"https:\/\/cofetariascala.11digits.eu\/hu\/feltetelek-es-kikotesek\/\" \/>\n<meta property=\"og:locale\" content=\"hu_HU\" \/>\n<meta property=\"og:type\" content=\"article\" \/>\n<meta property=\"og:title\" content=\"Felt\u00e9telek \u00e9s kik\u00f6t\u00e9sek - Cofetaria Scala Oradea\" \/>\n<meta property=\"og:description\" content=\"Felt\u00e9telek \u00e9s kik\u00f6t\u00e9sek A SCALA DANIA SRL online \u00e9lelmiszereket \u00e9rt\u00e9kes\u00edt cf. art. 9 sz\u00e1zal\u00e9k. A GEO 99\/2000. sz. dokumentum 4. pontja. Az oldal haszn\u00e1lata az adatv\u00e9delmi ir\u00e1nyelvek \u00e9s az al\u00e1bbi felt\u00e9telek elfogad\u00e1s\u00e1t jelenti. K\u00e9rj\u00fck, hogy a www.cofetariascalaoradea.ro weboldalon kereszt\u00fcl el\u00e9rhet\u0151 anyagok, inform\u00e1ci\u00f3k, term\u00e9kek vagy szolg\u00e1ltat\u00e1sok haszn\u00e1lata el\u0151tt figyelmesen olvassa el az ezen az oldalon meghat\u00e1rozott [&hellip;]\" \/>\n<meta property=\"og:url\" content=\"https:\/\/cofetariascala.11digits.eu\/hu\/feltetelek-es-kikotesek\/\" \/>\n<meta property=\"og:site_name\" content=\"Cofetaria Scala Oradea\" \/>\n<meta property=\"article:publisher\" content=\"https:\/\/www.facebook.com\/cofetariascalaoradea\" \/>\n<meta property=\"article:modified_time\" content=\"2022-12-02T10:35:43+00:00\" \/>\n<meta name=\"twitter:card\" content=\"summary_large_image\" \/>\n<meta name=\"twitter:label1\" content=\"Becs\u00fclt olvas\u00e1si id\u0151\" \/>\n\t<meta name=\"twitter:data1\" content=\"9 perc\" \/>\n<script type=\"application\/ld+json\" class=\"yoast-schema-graph\">{\"@context\":\"https:\/\/schema.org\",\"@graph\":[{\"@type\":\"WebPage\",\"@id\":\"https:\/\/cofetariascala.11digits.eu\/hu\/feltetelek-es-kikotesek\/\",\"url\":\"https:\/\/cofetariascala.11digits.eu\/hu\/feltetelek-es-kikotesek\/\",\"name\":\"Felt\u00e9telek \u00e9s kik\u00f6t\u00e9sek - Cofetaria Scala Oradea\",\"isPartOf\":{\"@id\":\"https:\/\/cofetariascala.11digits.eu\/hu\/#website\"},\"datePublished\":\"2020-05-25T17:19:32+00:00\",\"dateModified\":\"2022-12-02T10:35:43+00:00\",\"breadcrumb\":{\"@id\":\"https:\/\/cofetariascala.11digits.eu\/hu\/feltetelek-es-kikotesek\/#breadcrumb\"},\"inLanguage\":\"hu\",\"potentialAction\":[{\"@type\":\"ReadAction\",\"target\":[\"https:\/\/cofetariascala.11digits.eu\/hu\/feltetelek-es-kikotesek\/\"]}]},{\"@type\":\"BreadcrumbList\",\"@id\":\"https:\/\/cofetariascala.11digits.eu\/hu\/feltetelek-es-kikotesek\/#breadcrumb\",\"itemListElement\":[{\"@type\":\"ListItem\",\"position\":1,\"name\":\"Prima pagin\u0103\",\"item\":\"https:\/\/cofetariascala.11digits.eu\/hu\/\"},{\"@type\":\"ListItem\",\"position\":2,\"name\":\"Felt\u00e9telek \u00e9s kik\u00f6t\u00e9sek\"}]},{\"@type\":\"WebSite\",\"@id\":\"https:\/\/cofetariascala.11digits.eu\/hu\/#website\",\"url\":\"https:\/\/cofetariascala.11digits.eu\/hu\/\",\"name\":\"Cofetaria Scala Oradea\",\"description\":\"-\",\"publisher\":{\"@id\":\"https:\/\/cofetariascala.11digits.eu\/hu\/#organization\"},\"potentialAction\":[{\"@type\":\"SearchAction\",\"target\":{\"@type\":\"EntryPoint\",\"urlTemplate\":\"https:\/\/cofetariascala.11digits.eu\/hu\/?s={search_term_string}\"},\"query-input\":\"required name=search_term_string\"}],\"inLanguage\":\"hu\"},{\"@type\":\"Organization\",\"@id\":\"https:\/\/cofetariascala.11digits.eu\/hu\/#organization\",\"name\":\"Cofetaria Scala Oradea\",\"url\":\"https:\/\/cofetariascala.11digits.eu\/hu\/\",\"logo\":{\"@type\":\"ImageObject\",\"inLanguage\":\"hu\",\"@id\":\"https:\/\/cofetariascala.11digits.eu\/hu\/#\/schema\/logo\/image\/\",\"url\":\"https:\/\/cofetariascalaoradea.ro\/wp-content\/uploads\/2020\/05\/logo-cofetaria-scala-oradea.png\",\"contentUrl\":\"https:\/\/cofetariascalaoradea.ro\/wp-content\/uploads\/2020\/05\/logo-cofetaria-scala-oradea.png\",\"width\":300,\"height\":90,\"caption\":\"Cofetaria Scala Oradea\"},\"image\":{\"@id\":\"https:\/\/cofetariascala.11digits.eu\/hu\/#\/schema\/logo\/image\/\"},\"sameAs\":[\"https:\/\/www.facebook.com\/cofetariascalaoradea\",\"https:\/\/www.instagram.com\/cofetariascalaoradea\"]}]}<\/script>\n<!-- \/ Yoast SEO plugin. -->","yoast_head_json":{"title":"Felt\u00e9telek \u00e9s kik\u00f6t\u00e9sek - Cofetaria Scala Oradea","robots":{"index":"index","follow":"follow","max-snippet":"max-snippet:-1","max-image-preview":"max-image-preview:large","max-video-preview":"max-video-preview:-1"},"canonical":"https:\/\/cofetariascala.11digits.eu\/hu\/feltetelek-es-kikotesek\/","og_locale":"hu_HU","og_type":"article","og_title":"Felt\u00e9telek \u00e9s kik\u00f6t\u00e9sek - Cofetaria Scala Oradea","og_description":"Felt\u00e9telek \u00e9s kik\u00f6t\u00e9sek A SCALA DANIA SRL online \u00e9lelmiszereket \u00e9rt\u00e9kes\u00edt cf. art. 9 sz\u00e1zal\u00e9k. A GEO 99\/2000. sz. dokumentum 4. pontja. Az oldal haszn\u00e1lata az adatv\u00e9delmi ir\u00e1nyelvek \u00e9s az al\u00e1bbi felt\u00e9telek elfogad\u00e1s\u00e1t jelenti. K\u00e9rj\u00fck, hogy a www.cofetariascalaoradea.ro weboldalon kereszt\u00fcl el\u00e9rhet\u0151 anyagok, inform\u00e1ci\u00f3k, term\u00e9kek vagy szolg\u00e1ltat\u00e1sok haszn\u00e1lata el\u0151tt figyelmesen olvassa el az ezen az oldalon meghat\u00e1rozott [&hellip;]","og_url":"https:\/\/cofetariascala.11digits.eu\/hu\/feltetelek-es-kikotesek\/","og_site_name":"Cofetaria Scala Oradea","article_publisher":"https:\/\/www.facebook.com\/cofetariascalaoradea","article_modified_time":"2022-12-02T10:35:43+00:00","twitter_card":"summary_large_image","twitter_misc":{"Becs\u00fclt olvas\u00e1si id\u0151":"9 perc"},"schema":{"@context":"https:\/\/schema.org","@graph":[{"@type":"WebPage","@id":"https:\/\/cofetariascala.11digits.eu\/hu\/feltetelek-es-kikotesek\/","url":"https:\/\/cofetariascala.11digits.eu\/hu\/feltetelek-es-kikotesek\/","name":"Felt\u00e9telek \u00e9s kik\u00f6t\u00e9sek - Cofetaria Scala Oradea","isPartOf":{"@id":"https:\/\/cofetariascala.11digits.eu\/hu\/#website"},"datePublished":"2020-05-25T17:19:32+00:00","dateModified":"2022-12-02T10:35:43+00:00","breadcrumb":{"@id":"https:\/\/cofetariascala.11digits.eu\/hu\/feltetelek-es-kikotesek\/#breadcrumb"},"inLanguage":"hu","potentialAction":[{"@type":"ReadAction","target":["https:\/\/cofetariascala.11digits.eu\/hu\/feltetelek-es-kikotesek\/"]}]},{"@type":"BreadcrumbList","@id":"https:\/\/cofetariascala.11digits.eu\/hu\/feltetelek-es-kikotesek\/#breadcrumb","itemListElement":[{"@type":"ListItem","position":1,"name":"Prima pagin\u0103","item":"https:\/\/cofetariascala.11digits.eu\/hu\/"},{"@type":"ListItem","position":2,"name":"Felt\u00e9telek \u00e9s kik\u00f6t\u00e9sek"}]},{"@type":"WebSite","@id":"https:\/\/cofetariascala.11digits.eu\/hu\/#website","url":"https:\/\/cofetariascala.11digits.eu\/hu\/","name":"Cofetaria Scala Oradea","description":"-","publisher":{"@id":"https:\/\/cofetariascala.11digits.eu\/hu\/#organization"},"potentialAction":[{"@type":"SearchAction","target":{"@type":"EntryPoint","urlTemplate":"https:\/\/cofetariascala.11digits.eu\/hu\/?s={search_term_string}"},"query-input":"required name=search_term_string"}],"inLanguage":"hu"},{"@type":"Organization","@id":"https:\/\/cofetariascala.11digits.eu\/hu\/#organization","name":"Cofetaria Scala Oradea","url":"https:\/\/cofetariascala.11digits.eu\/hu\/","logo":{"@type":"ImageObject","inLanguage":"hu","@id":"https:\/\/cofetariascala.11digits.eu\/hu\/#\/schema\/logo\/image\/","url":"https:\/\/cofetariascalaoradea.ro\/wp-content\/uploads\/2020\/05\/logo-cofetaria-scala-oradea.png","contentUrl":"https:\/\/cofetariascalaoradea.ro\/wp-content\/uploads\/2020\/05\/logo-cofetaria-scala-oradea.png","width":300,"height":90,"caption":"Cofetaria Scala Oradea"},"image":{"@id":"https:\/\/cofetariascala.11digits.eu\/hu\/#\/schema\/logo\/image\/"},"sameAs":["https:\/\/www.facebook.com\/cofetariascalaoradea","https:\/\/www.instagram.com\/cofetariascalaoradea"]}]}},"_links":{"self":[{"href":"https:\/\/cofetariascala.11digits.eu\/hu\/wp-json\/wp\/v2\/pages\/7532"}],"collection":[{"href":"https:\/\/cofetariascala.11digits.eu\/hu\/wp-json\/wp\/v2\/pages"}],"about":[{"href":"https:\/\/cofetariascala.11digits.eu\/hu\/wp-json\/wp\/v2\/types\/page"}],"author":[{"embeddable":true,"href":"https:\/\/cofetariascala.11digits.eu\/hu\/wp-json\/wp\/v2\/users\/1"}],"replies":[{"embeddable":true,"href":"https:\/\/cofetariascala.11digits.eu\/hu\/wp-json\/wp\/v2\/comments?post=7532"}],"version-history":[{"count":11,"href":"https:\/\/cofetariascala.11digits.eu\/hu\/wp-json\/wp\/v2\/pages\/7532\/revisions"}],"predecessor-version":[{"id":7631,"href":"https:\/\/cofetariascala.11digits.eu\/hu\/wp-json\/wp\/v2\/pages\/7532\/revisions\/7631"}],"wp:attachment":[{"href":"https:\/\/cofetariascala.11digits.eu\/hu\/wp-json\/wp\/v2\/media?parent=7532"}],"curies":[{"name":"wp","href":"https:\/\/api.w.org\/{rel}","templated":true}]}}