{"id":7578,"date":"2020-05-25T21:17:15","date_gmt":"2020-05-25T18:17:15","guid":{"rendered":"https:\/\/cofetariascalaoradea.ro\/esemenyek\/"},"modified":"2022-12-02T12:35:43","modified_gmt":"2022-12-02T10:35:43","slug":"esemenyek","status":"publish","type":"page","link":"https:\/\/cofetariascala.11digits.eu\/hu\/esemenyek\/","title":{"rendered":"Esem\u00e9nyek"},"content":{"rendered":"<p>[et_pb_section fb_built=&#8221;1&#8243; fullwidth=&#8221;on&#8221; _builder_version=&#8221;4.4.7&#8243;][et_pb_fullwidth_image src=&#8221;https:\/\/cofetariascalaoradea.ro\/wp-content\/uploads\/2020\/07\/cofetaria-scala-oradea-evenimente.jpg&#8221; title_text=&#8221;cafeteria-scala-oradea-esem\u00e9nyek&#8221; _builder_version=&#8221;4.4.9&#8243;][\/et_pb_fullwidth_image][\/et_pb_section][et_pb_section fb_built=&#8221;1&#8243; _builder_version=&#8221;4.4.7&#8243;][et_pb_row _builder_version=&#8221;4.4.7&#8243; custom_margin=&#8221;||||false|false&#8221; custom_padding=&#8221;||0px||false|false&#8221;][et_pb_column type=&#8221;4_4&#8243; _builder_version=&#8221;4.4.7&#8243;][et_pb_post_title meta=&#8221;off&#8221; featured_image=&#8221;off&#8221; _builder_version=&#8221;4.4.7&#8243; text_orientation=&#8221;center&#8221;][\/et_pb_post_title][\/et_pb_column][\/et_pb_row][et_pb_row make_equal=&#8221;on&#8221; _builder_version=&#8221;4.4.7&#8243;][et_pb_column type=&#8221;4_4&#8243; _builder_version=&#8221;4.4.7&#8243; custom_css_main_element=&#8221;margin: auto;\t&#8222;][et_pb_text _builder_version=&#8221;4.5.1&#8243; text_font_size=&#8221;15px&#8221; text_line_height=&#8221;2.2em&#8221; header_2_font_size=&#8221;18px&#8221; header_2_line_height=&#8221;1.7em&#8221; custom_margin=&#8221;||20px||false|false&#8221; hover_enabled=&#8221;0&#8243;]<\/p>\n<p style=\"text-align: center;\">Legal\u00e1bb 30 \u00e9ve k\u00e9sz\u00edt\u00fcnk szeretettel \u00e9s a r\u00e9szletekre odafigyelve tort\u00e1kat \u00e9s s\u00fctem\u00e9nyeket az \u00d6n \u00e9let\u00e9nek k\u00fcl\u00f6nleges esem\u00e9nyeihez. Annak \u00e9rdek\u00e9ben, hogy mindig alkalmazkodni tudjunk az \u00faj ig\u00e9nyekhez, egy \u00faj, egyedi laborat\u00f3riumot hoztunk l\u00e9tre egy speci\u00e1lis csapattal, amelyre sz\u00fcks\u00e9ge van a felejthetetlen \u00e9des pillanatok megteremt\u00e9s\u00e9hez.<\/p>\n<p style=\"text-align: center;\">Ak\u00e1r mag\u00e1npartit, ak\u00e1r keresztel\u0151t, esk\u00fcv\u0151t vagy c\u00e9ges rendezv\u00e9nyt szervez, portf\u00f3li\u00f3nkban megtal\u00e1lja a k\u00fcl\u00f6nleges term\u00e9keket, amelyekre sz\u00fcks\u00e9ge van: a mini tort\u00e1kt\u00f3l a cukr\u00e1szd\u00e1ig, a tort\u00e1kon, maketteken \u00e1t az \u00f6sszes \u00e9dess\u00e9gig, amelyre az esem\u00e9nyhez sz\u00fcks\u00e9ge van.<\/p>\n<h2 style=\"text-align: center;\"><strong>Szolg\u00e1ltat\u00e1sok<\/strong>:<\/h2>\n<p style=\"text-align: center;\">Az \u00e9dess\u00e9gb\u00e1r berendez\u00e9se \u00e9s fel\u00e1ll\u00edt\u00e1sa speci\u00e1lis ed\u00e9nyekkel \u00e9s b\u00fatorokkal.<\/p>\n<p style=\"text-align: center;\">Ingyenes k\u00f6zleked\u00e9s Nagyv\u00e1radon \u00e9s a f\u0151v\u00e1ros ter\u00fclet\u00e9n 15 km-es k\u00f6rzetben.  <em>*(az eml\u00edtett ter\u00fcleten k\u00edv\u00fcli k\u00f6zleked\u00e9s 2 lej\/km\/busz)<\/em><\/p>\n<p style=\"text-align: center;\">Szak\u00e9rt\u0151 csapatunk az \u00d6n rendelkez\u00e9s\u00e9re \u00e1ll, hogy kiv\u00e1lassza a megfelel\u0151 \u00e9dess\u00e9get az \u00d6n rendezv\u00e9ny\u00e9hez.<\/p>\n<p>[\/et_pb_text][\/et_pb_column][\/et_pb_row][\/et_pb_section][et_pb_section fb_built=&#8221;1&#8243; module_id=&#8221;gal\u00e9ria&#8221; _builder_version=&#8221;4.4.7&#8243; background_color=&#8221;#f3f3f3&#8243; locked=&#8221;off&#8221;][et_pb_row _builder_version=&#8221;4.4.7&#8243; width=&#8221;98%&#8221; max_width=&#8221;2560px&#8221; module_alignment=&#8221;center&#8221;][et_pb_column type=&#8221;4_4&#8243; _builder_version=&#8221;4.4.7&#8243;][et_pb_gallery gallery_ids=&#8221;6399,6402,6405,6408,6411,6414,6417,6420,6423,6426,6429,6432&#8243; posts_number=&#8221;12&#8243; show_title_and_caption=&#8221;off&#8221; show_pagination=&#8221;off&#8221; _builder_version=&#8221;4.4.9&#8243;][\/et_pb_gallery][\/et_pb_column][\/et_pb_row][\/et_pb_section][et_pb_section fb_built=&#8221;1&#8243; _builder_version=&#8221;4.4.7&#8243;][et_pb_row _builder_version=&#8221;4.4.7&#8243;][et_pb_column type=&#8221;4_4&#8243; _builder_version=&#8221;4.4.7&#8243;][et_pb_text _builder_version=&#8221;4.4.7&#8243;]<\/p>\n<h2 style=\"text-align: center;\">ESEM\u00c9NYEK KAPCSOLATFELV\u00c9TELI \u0170RLAP<\/h2>\n<p style=\"text-align: center;\"><em>K\u00e9rj\u00fck, t\u00f6ltse ki az \u0171rlapot, \u00e9s mi a lehet\u0151 leghamarabb felvessz\u00fck \u00d6nnel a kapcsolatot!<\/em><\/p>\n<p>[\/et_pb_text][et_pb_code _builder_version=&#8221;4.4.7&#8243; text_orientation=&#8221;center&#8221; max_width=&#8221;700px&#8221; module_alignment=&#8221;center&#8221;][\/et_pb_code][\/et_pb_column][\/et_pb_row][\/et_pb_section]<\/p>\n","protected":false},"excerpt":{"rendered":"<p>Legal\u00e1bb 30 \u00e9ve k\u00e9sz\u00edt\u00fcnk szeretettel \u00e9s a r\u00e9szletekre odafigyelve tort\u00e1kat \u00e9s s\u00fctem\u00e9nyeket az \u00d6n \u00e9let\u00e9nek k\u00fcl\u00f6nleges esem\u00e9nyeihez. Annak \u00e9rdek\u00e9ben, hogy mindig alkalmazkodni tudjunk az \u00faj ig\u00e9nyekhez, egy \u00faj, egyedi laborat\u00f3riumot hoztunk l\u00e9tre egy speci\u00e1lis csapattal, amelyre sz\u00fcks\u00e9ge van a felejthetetlen \u00e9des pillanatok megteremt\u00e9s\u00e9hez. Ak\u00e1r mag\u00e1npartit, ak\u00e1r keresztel\u0151t, esk\u00fcv\u0151t vagy c\u00e9ges rendezv\u00e9nyt szervez, portf\u00f3li\u00f3nkban megtal\u00e1lja a [&hellip;]<\/p>\n","protected":false},"author":1,"featured_media":0,"parent":0,"menu_order":3,"comment_status":"closed","ping_status":"closed","template":"","meta":{"_et_pb_use_builder":"on","_et_pb_old_content":"","_et_gb_content_width":""},"acf":[],"yoast_head":"<!-- This site is optimized with the Yoast SEO plugin v20.9 - https:\/\/yoast.com\/wordpress\/plugins\/seo\/ -->\n<title>Esem\u00e9nyek - Cofetaria Scala Oradea<\/title>\n<meta name=\"robots\" content=\"index, follow, max-snippet:-1, max-image-preview:large, max-video-preview:-1\" \/>\n<link rel=\"canonical\" href=\"https:\/\/cofetariascala.11digits.eu\/hu\/esemenyek\/\" \/>\n<meta property=\"og:locale\" content=\"hu_HU\" \/>\n<meta property=\"og:type\" content=\"article\" \/>\n<meta property=\"og:title\" content=\"Esem\u00e9nyek - Cofetaria Scala Oradea\" \/>\n<meta property=\"og:description\" content=\"Legal\u00e1bb 30 \u00e9ve k\u00e9sz\u00edt\u00fcnk szeretettel \u00e9s a r\u00e9szletekre odafigyelve tort\u00e1kat \u00e9s s\u00fctem\u00e9nyeket az \u00d6n \u00e9let\u00e9nek k\u00fcl\u00f6nleges esem\u00e9nyeihez. Annak \u00e9rdek\u00e9ben, hogy mindig alkalmazkodni tudjunk az \u00faj ig\u00e9nyekhez, egy \u00faj, egyedi laborat\u00f3riumot hoztunk l\u00e9tre egy speci\u00e1lis csapattal, amelyre sz\u00fcks\u00e9ge van a felejthetetlen \u00e9des pillanatok megteremt\u00e9s\u00e9hez. Ak\u00e1r mag\u00e1npartit, ak\u00e1r keresztel\u0151t, esk\u00fcv\u0151t vagy c\u00e9ges rendezv\u00e9nyt szervez, portf\u00f3li\u00f3nkban megtal\u00e1lja a [&hellip;]\" \/>\n<meta property=\"og:url\" content=\"https:\/\/cofetariascala.11digits.eu\/hu\/esemenyek\/\" \/>\n<meta property=\"og:site_name\" content=\"Cofetaria Scala Oradea\" \/>\n<meta property=\"article:publisher\" content=\"https:\/\/www.facebook.com\/cofetariascalaoradea\" \/>\n<meta property=\"article:modified_time\" content=\"2022-12-02T10:35:43+00:00\" \/>\n<meta name=\"twitter:card\" content=\"summary_large_image\" \/>\n<meta name=\"twitter:label1\" content=\"Becs\u00fclt olvas\u00e1si id\u0151\" \/>\n\t<meta name=\"twitter:data1\" content=\"2 perc\" \/>\n<script type=\"application\/ld+json\" class=\"yoast-schema-graph\">{\"@context\":\"https:\/\/schema.org\",\"@graph\":[{\"@type\":\"WebPage\",\"@id\":\"https:\/\/cofetariascala.11digits.eu\/hu\/esemenyek\/\",\"url\":\"https:\/\/cofetariascala.11digits.eu\/hu\/esemenyek\/\",\"name\":\"Esem\u00e9nyek - Cofetaria Scala Oradea\",\"isPartOf\":{\"@id\":\"https:\/\/cofetariascala.11digits.eu\/hu\/#website\"},\"datePublished\":\"2020-05-25T18:17:15+00:00\",\"dateModified\":\"2022-12-02T10:35:43+00:00\",\"breadcrumb\":{\"@id\":\"https:\/\/cofetariascala.11digits.eu\/hu\/esemenyek\/#breadcrumb\"},\"inLanguage\":\"hu\",\"potentialAction\":[{\"@type\":\"ReadAction\",\"target\":[\"https:\/\/cofetariascala.11digits.eu\/hu\/esemenyek\/\"]}]},{\"@type\":\"BreadcrumbList\",\"@id\":\"https:\/\/cofetariascala.11digits.eu\/hu\/esemenyek\/#breadcrumb\",\"itemListElement\":[{\"@type\":\"ListItem\",\"position\":1,\"name\":\"Prima pagin\u0103\",\"item\":\"https:\/\/cofetariascala.11digits.eu\/hu\/\"},{\"@type\":\"ListItem\",\"position\":2,\"name\":\"Esem\u00e9nyek\"}]},{\"@type\":\"WebSite\",\"@id\":\"https:\/\/cofetariascala.11digits.eu\/hu\/#website\",\"url\":\"https:\/\/cofetariascala.11digits.eu\/hu\/\",\"name\":\"Cofetaria Scala Oradea\",\"description\":\"-\",\"publisher\":{\"@id\":\"https:\/\/cofetariascala.11digits.eu\/hu\/#organization\"},\"potentialAction\":[{\"@type\":\"SearchAction\",\"target\":{\"@type\":\"EntryPoint\",\"urlTemplate\":\"https:\/\/cofetariascala.11digits.eu\/hu\/?s={search_term_string}\"},\"query-input\":\"required name=search_term_string\"}],\"inLanguage\":\"hu\"},{\"@type\":\"Organization\",\"@id\":\"https:\/\/cofetariascala.11digits.eu\/hu\/#organization\",\"name\":\"Cofetaria Scala Oradea\",\"url\":\"https:\/\/cofetariascala.11digits.eu\/hu\/\",\"logo\":{\"@type\":\"ImageObject\",\"inLanguage\":\"hu\",\"@id\":\"https:\/\/cofetariascala.11digits.eu\/hu\/#\/schema\/logo\/image\/\",\"url\":\"https:\/\/cofetariascalaoradea.ro\/wp-content\/uploads\/2020\/05\/logo-cofetaria-scala-oradea.png\",\"contentUrl\":\"https:\/\/cofetariascalaoradea.ro\/wp-content\/uploads\/2020\/05\/logo-cofetaria-scala-oradea.png\",\"width\":300,\"height\":90,\"caption\":\"Cofetaria Scala Oradea\"},\"image\":{\"@id\":\"https:\/\/cofetariascala.11digits.eu\/hu\/#\/schema\/logo\/image\/\"},\"sameAs\":[\"https:\/\/www.facebook.com\/cofetariascalaoradea\",\"https:\/\/www.instagram.com\/cofetariascalaoradea\"]}]}<\/script>\n<!-- \/ Yoast SEO plugin. -->","yoast_head_json":{"title":"Esem\u00e9nyek - Cofetaria Scala Oradea","robots":{"index":"index","follow":"follow","max-snippet":"max-snippet:-1","max-image-preview":"max-image-preview:large","max-video-preview":"max-video-preview:-1"},"canonical":"https:\/\/cofetariascala.11digits.eu\/hu\/esemenyek\/","og_locale":"hu_HU","og_type":"article","og_title":"Esem\u00e9nyek - Cofetaria Scala Oradea","og_description":"Legal\u00e1bb 30 \u00e9ve k\u00e9sz\u00edt\u00fcnk szeretettel \u00e9s a r\u00e9szletekre odafigyelve tort\u00e1kat \u00e9s s\u00fctem\u00e9nyeket az \u00d6n \u00e9let\u00e9nek k\u00fcl\u00f6nleges esem\u00e9nyeihez. Annak \u00e9rdek\u00e9ben, hogy mindig alkalmazkodni tudjunk az \u00faj ig\u00e9nyekhez, egy \u00faj, egyedi laborat\u00f3riumot hoztunk l\u00e9tre egy speci\u00e1lis csapattal, amelyre sz\u00fcks\u00e9ge van a felejthetetlen \u00e9des pillanatok megteremt\u00e9s\u00e9hez. Ak\u00e1r mag\u00e1npartit, ak\u00e1r keresztel\u0151t, esk\u00fcv\u0151t vagy c\u00e9ges rendezv\u00e9nyt szervez, portf\u00f3li\u00f3nkban megtal\u00e1lja a [&hellip;]","og_url":"https:\/\/cofetariascala.11digits.eu\/hu\/esemenyek\/","og_site_name":"Cofetaria Scala Oradea","article_publisher":"https:\/\/www.facebook.com\/cofetariascalaoradea","article_modified_time":"2022-12-02T10:35:43+00:00","twitter_card":"summary_large_image","twitter_misc":{"Becs\u00fclt olvas\u00e1si id\u0151":"2 perc"},"schema":{"@context":"https:\/\/schema.org","@graph":[{"@type":"WebPage","@id":"https:\/\/cofetariascala.11digits.eu\/hu\/esemenyek\/","url":"https:\/\/cofetariascala.11digits.eu\/hu\/esemenyek\/","name":"Esem\u00e9nyek - Cofetaria Scala Oradea","isPartOf":{"@id":"https:\/\/cofetariascala.11digits.eu\/hu\/#website"},"datePublished":"2020-05-25T18:17:15+00:00","dateModified":"2022-12-02T10:35:43+00:00","breadcrumb":{"@id":"https:\/\/cofetariascala.11digits.eu\/hu\/esemenyek\/#breadcrumb"},"inLanguage":"hu","potentialAction":[{"@type":"ReadAction","target":["https:\/\/cofetariascala.11digits.eu\/hu\/esemenyek\/"]}]},{"@type":"BreadcrumbList","@id":"https:\/\/cofetariascala.11digits.eu\/hu\/esemenyek\/#breadcrumb","itemListElement":[{"@type":"ListItem","position":1,"name":"Prima pagin\u0103","item":"https:\/\/cofetariascala.11digits.eu\/hu\/"},{"@type":"ListItem","position":2,"name":"Esem\u00e9nyek"}]},{"@type":"WebSite","@id":"https:\/\/cofetariascala.11digits.eu\/hu\/#website","url":"https:\/\/cofetariascala.11digits.eu\/hu\/","name":"Cofetaria Scala Oradea","description":"-","publisher":{"@id":"https:\/\/cofetariascala.11digits.eu\/hu\/#organization"},"potentialAction":[{"@type":"SearchAction","target":{"@type":"EntryPoint","urlTemplate":"https:\/\/cofetariascala.11digits.eu\/hu\/?s={search_term_string}"},"query-input":"required name=search_term_string"}],"inLanguage":"hu"},{"@type":"Organization","@id":"https:\/\/cofetariascala.11digits.eu\/hu\/#organization","name":"Cofetaria Scala Oradea","url":"https:\/\/cofetariascala.11digits.eu\/hu\/","logo":{"@type":"ImageObject","inLanguage":"hu","@id":"https:\/\/cofetariascala.11digits.eu\/hu\/#\/schema\/logo\/image\/","url":"https:\/\/cofetariascalaoradea.ro\/wp-content\/uploads\/2020\/05\/logo-cofetaria-scala-oradea.png","contentUrl":"https:\/\/cofetariascalaoradea.ro\/wp-content\/uploads\/2020\/05\/logo-cofetaria-scala-oradea.png","width":300,"height":90,"caption":"Cofetaria Scala Oradea"},"image":{"@id":"https:\/\/cofetariascala.11digits.eu\/hu\/#\/schema\/logo\/image\/"},"sameAs":["https:\/\/www.facebook.com\/cofetariascalaoradea","https:\/\/www.instagram.com\/cofetariascalaoradea"]}]}},"_links":{"self":[{"href":"https:\/\/cofetariascala.11digits.eu\/hu\/wp-json\/wp\/v2\/pages\/7578"}],"collection":[{"href":"https:\/\/cofetariascala.11digits.eu\/hu\/wp-json\/wp\/v2\/pages"}],"about":[{"href":"https:\/\/cofetariascala.11digits.eu\/hu\/wp-json\/wp\/v2\/types\/page"}],"author":[{"embeddable":true,"href":"https:\/\/cofetariascala.11digits.eu\/hu\/wp-json\/wp\/v2\/users\/1"}],"replies":[{"embeddable":true,"href":"https:\/\/cofetariascala.11digits.eu\/hu\/wp-json\/wp\/v2\/comments?post=7578"}],"version-history":[{"count":0,"href":"https:\/\/cofetariascala.11digits.eu\/hu\/wp-json\/wp\/v2\/pages\/7578\/revisions"}],"wp:attachment":[{"href":"https:\/\/cofetariascala.11digits.eu\/hu\/wp-json\/wp\/v2\/media?parent=7578"}],"curies":[{"name":"wp","href":"https:\/\/api.w.org\/{rel}","templated":true}]}}