{"id":7633,"date":"2020-05-25T20:34:32","date_gmt":"2020-05-25T17:34:32","guid":{"rendered":"https:\/\/cofetariascalaoradea.ro\/a-mi-tortenetunk\/"},"modified":"2022-12-02T12:35:43","modified_gmt":"2022-12-02T10:35:43","slug":"a-mi-tortenetunk","status":"publish","type":"page","link":"https:\/\/cofetariascala.11digits.eu\/hu\/a-mi-tortenetunk\/","title":{"rendered":"A mi t\u00f6rt\u00e9net\u00fcnk"},"content":{"rendered":"<p>[et_pb_section fb_built=&#8221;1&#8243; fullwidth=&#8221;on&#8221; _builder_version=&#8221;4.4.7&#8243;][et_pb_fullwidth_image src=&#8221;https:\/\/cofetariascalaoradea.ro\/wp-content\/uploads\/2020\/09\/Cofetaria-006.jpg&#8221; title_text=&#8221;Cukr\u00e1szda-006&#8243; _builder_version=&#8221;4.5.1&#8243; hover_enabled=&#8221;0&#8243;][\/et_pb_fullwidth_image][\/et_pb_section][et_pb_section fb_built=&#8221;1&#8243; module_id=&#8221;r\u00f3lunk&#8221; _builder_version=&#8221;4.4.7&#8243;][et_pb_row _builder_version=&#8221;4.4.7&#8243;][et_pb_column type=&#8221;4_4&#8243; _builder_version=&#8221;4.4.7&#8243;][et_pb_text _builder_version=&#8221;4.5.1&#8243; custom_margin=&#8221;||0px||false|false&#8221; custom_padding=&#8221;||||false|false&#8221;]<\/p>\n<h1 style=\"text-align: center;\">A mi t\u00f6rt\u00e9net\u00fcnk<\/h1>\n<p>[\/et_pb_text][et_pb_menu menu_id=&#8221;21&#8243; menu_style=&#8221;centered&#8221; active_link_color=&#8221;#be212e&#8221; _builder_version=&#8221;4.4.7&#8243; menu_font=&#8221;|||on|||||&#8221; menu_text_color=&#8221;#394663&#8243;][\/et_pb_menu][et_pb_text _builder_version=&#8221;4.5.1&#8243; header_2_font=&#8221;||||||||&#8221; header_3_font=&#8221;|600||||on|||&#8221; header_3_font_size=&#8221;18px&#8221;]<\/p>\n<p>Az 1990. november 7-\u00e9n megnyitott SCALA Cukr\u00e1szda az egyik els\u0151 cukr\u00e1szda, amely Nagyv\u00e1radon indult, k\u00f6zponti helyen, a Decebal k\u00f6r\u00faton, amely az\u00f3ta is forgalmas ter\u00fclet.<\/p>\n<p><em>A hagyom\u00e1nyos term\u00e9keir\u0151l, eredeti receptjeir\u0151l \u00e9s az otthonr\u00f3l sz\u00e1rmaz\u00f3 \u00e9dess\u00e9gekr\u0151l ismert p\u00e9ks\u00e9g saj\u00e1t laborat\u00f3riumaiban gy\u00e1rtja az \u00e9let\u00fcnk fontos esem\u00e9nyeihez sz\u00fcks\u00e9ges \u00e9dess\u00e9geket, nevezetesen: tort\u00e1kat \u00e9s s\u00fctem\u00e9nyeket esk\u00fcv\u0151kre, keresztel\u0151kre, sz\u00fclet\u00e9snapokra vagy m\u00e1s mag\u00e1n- \u00e9s v\u00e1llalati rendezv\u00e9nyekre.<\/em><\/p>\n<p>B\u00fcszk\u00e9n eml\u00edtj\u00fck, hogy 2015-ben Carrefour Market partnerek lett\u00fcnk, 2020-ban pedig a Carrefour Market, a Mega Image \u00e9s a La Doi Pasi, valamint m\u00e1s helyi \u00fczletek is felker\u00fcltek partnereink k\u00f6z\u00e9.<\/p>\n<p>A term\u00e9kek min\u0151s\u00e9g\u00e9vel el\u00e9gedett v\u00e1s\u00e1rl\u00f3kt\u00f3l kapott pozit\u00edv visszajelz\u00e9sek miatt 2016-ban \u00fagy d\u00f6nt\u00f6tt\u00fcnk, hogy \u00faj, modern, az \u00faj trendekhez igazod\u00f3, de a kor\u00e1bbiakhoz hasonl\u00f3an m\u00e1s v\u00e1s\u00e1rl\u00f3i kateg\u00f3ri\u00e1khoz is igazod\u00f3 telephelyet \u00e9p\u00edt\u00fcnk. Ennek eredm\u00e9nyek\u00e9nt 2018 febru\u00e1rj\u00e1ban megny\u00edlt a SCALA Iosia cukr\u00e1szda.<\/p>\n<p>V\u00e1s\u00e1rl\u00f3inknak olyan hagyom\u00e1nyos term\u00e9keket k\u00edn\u00e1lunk, mint az Amandina, az Eclerul vagy a Savarina, amelyek mindegyike a legmagasabb min\u0151s\u00e9g\u0171 alapanyagokb\u00f3l k\u00e9sz\u00fclt, de emellett v\u00e1ltozatos term\u00e9keket is k\u00edn\u00e1lunk minden \u00edzl\u00e9s \u00e9s minden koroszt\u00e1ly sz\u00e1m\u00e1ra.<\/p>\n<p>Igyeksz\u00fcnk mindenkinek v\u00e1ltozatos v\u00e1laszt\u00e9kot k\u00edn\u00e1lni s\u00fctem\u00e9nyekb\u0151l, tort\u00e1kb\u00f3l, tort\u00e1kb\u00f3l, tort\u00e1kb\u00f3l, s\u00fctem\u00e9nyekb\u0151l, mini tort\u00e1kb\u00f3l, tort\u00e1kb\u00f3l vagy baiglib\u0151l, valamint seg\u00edts\u00e9get ny\u00fajtunk b\u00e1rmilyen egyedi megrendel\u00e9shez.<\/p>\n<p>Mivel a SCALA Cukr\u00e1szda mott\u00f3ja &#8222;Az \u00e9des eml\u00e9kek \u00edze&#8221;, c\u00e9lunk, hogy folyamatosan jav\u00edtsuk term\u00e9keink min\u0151s\u00e9g\u00e9t \u00e9s a lehet\u0151 legnagyobb m\u00e9rt\u00e9kben diverzifik\u00e1ljuk a term\u00e9kk\u00edn\u00e1latot, hogy a legig\u00e9nyesebb \u00edzl\u00e9st is kiel\u00e9g\u00edts\u00fck, hogy val\u00f3ban csak \u00e9des eml\u00e9keket k\u00edn\u00e1lhassunk.<\/p>\n<p>&nbsp;<\/p>\n<p>&nbsp;<\/p>\n<p>[\/et_pb_text][et_pb_button button_url=&#8221;#contact&#8221; button_text=&#8221;Kapcsolatfelv\u00e9tel&#8221; button_alignment=&#8221;center&#8221; _builder_version=&#8221;4.4.7&#8243;][\/et_pb_button][\/et_pb_column][\/et_pb_row][\/et_pb_section][et_pb_section fb_built=&#8221;1&#8243; module_id=&#8221;gal\u00e9ria&#8221; _builder_version=&#8221;4.4.7&#8243; background_color=&#8221;#f3f3f3&#8243;][et_pb_row _builder_version=&#8221;4.4.7&#8243; width=&#8221;98%&#8221; max_width=&#8221;2560px&#8221; module_alignment=&#8221;center&#8221;][et_pb_column type=&#8221;4_4&#8243; _builder_version=&#8221;4.4.7&#8243;][et_pb_gallery gallery_ids=&#8221;6582,6585,6588,6591,6594,6597,6600,6603,6606,6609,6612,6615,6618&#8243; gallery_orderby=&#8221;rand&#8221; posts_number=&#8221;12&#8243; show_title_and_caption=&#8221;off&#8221; show_pagination=&#8221;off&#8221; _builder_version=&#8221;4.5.1&#8243;][\/et_pb_gallery][\/et_pb_column][\/et_pb_row][\/et_pb_section][et_pb_section fb_built=&#8221;1&#8243; module_id=&#8221;partnerek&#8221; _builder_version=&#8221;4.4.7&#8243; background_color=&#8221;#f3f3f3&#8243;][et_pb_row _builder_version=&#8221;4.4.7&#8243;][et_pb_column type=&#8221;4_4&#8243; _builder_version=&#8221;4.4.7&#8243;][et_pb_text _builder_version=&#8221;4.4.7&#8243; header_2_font=&#8221;|600|||||||&#8221;]<\/p>\n<h2 style=\"text-align: center;\">PARTNERS<\/h2>\n<p>[\/et_pb_text][et_pb_code _builder_version=&#8221;4.5.1&#8243;]\n\n\n<div id=\"wpv-view-layout-400\" class=\"js-wpv-view-layout js-wpv-layout-responsive js-wpv-view-layout-400\" data-viewnumber=\"400\" data-pagination=\"{&quot;id&quot;:400,&quot;query&quot;:&quot;normal&quot;,&quot;type&quot;:&quot;disabled&quot;,&quot;effect&quot;:&quot;fade&quot;,&quot;duration&quot;:500,&quot;speed&quot;:5,&quot;pause_on_hover&quot;:&quot;disabled&quot;,&quot;stop_rollover&quot;:&quot;false&quot;,&quot;cache_pages&quot;:&quot;enabled&quot;,&quot;preload_images&quot;:&quot;enabled&quot;,&quot;preload_pages&quot;:&quot;enabled&quot;,&quot;preload_reach&quot;:1,&quot;spinner&quot;:&quot;builtin&quot;,&quot;spinner_image&quot;:&quot;https:\/\/cofetariascalaoradea.ro\/wp-content\/plugins\/wp-views\/embedded\/res\/img\/ajax-loader.gif&quot;,&quot;callback_next&quot;:&quot;&quot;,&quot;manage_history&quot;:&quot;enabled&quot;,&quot;has_controls_in_form&quot;:&quot;disabled&quot;,&quot;infinite_tolerance&quot;:&quot;0&quot;,&quot;max_pages&quot;:0,&quot;page&quot;:1,&quot;base_permalink&quot;:&quot;\/hu\/wp-json\/wp\/v2\/pages\/7633?wpv_view_count=400&amp;wpv_paged=WPV_PAGE_NUM&quot;,&quot;loop&quot;:{&quot;type&quot;:&quot;&quot;,&quot;name&quot;:&quot;&quot;,&quot;data&quot;:[],&quot;id&quot;:0}}\" data-permalink=\"\/hu\/wp-json\/wp\/v2\/pages\/7633?wpv_view_count=400\">\n\n\t\n\t<div class=\"parteneri\">\n\t\n\t\n      <div class=\"partener\">\n<div class=\"wp-block-toolset-blocks-container tb-container\" data-toolset-blocks-container=\"ed3832aa6201cbec5b1e5b902dc067e2\"><div class=\"wp-block-image\">\n<figure class=\" tb-image tb-image-dynamic aligncenter\" data-toolset-blocks-image=\"ac19cb1e8fd7a556de407fffa7bd6dd8\"><img decoding=\"async\" loading=\"lazy\" src=\"https:\/\/i0.wp.com\/cofetariascala.11digits.eu\/wp-content\/uploads\/2020\/05\/partener-2-1.png?fit=378%2C84&#038;ssl=1\" alt=\"\" class=\"\"\/><\/figure>\n<\/div><\/div>\n<\/div>\n\t\n      <div class=\"partener\">\n<div class=\"wp-block-toolset-blocks-container tb-container\" data-toolset-blocks-container=\"ed3832aa6201cbec5b1e5b902dc067e2\"><div class=\"wp-block-image\">\n<figure class=\" tb-image tb-image-dynamic aligncenter\" data-toolset-blocks-image=\"ac19cb1e8fd7a556de407fffa7bd6dd8\"><img decoding=\"async\" loading=\"lazy\" src=\"https:\/\/i0.wp.com\/cofetariascala.11digits.eu\/wp-content\/uploads\/2020\/05\/partener-1-1.png?fit=202%2C84&#038;ssl=1\" alt=\"\" class=\"\"\/><\/figure>\n<\/div><\/div>\n<\/div>\n\t\n      <div class=\"partener\">\n<div class=\"wp-block-toolset-blocks-container tb-container\" data-toolset-blocks-container=\"ed3832aa6201cbec5b1e5b902dc067e2\"><div class=\"wp-block-image\">\n<figure class=\" tb-image tb-image-dynamic aligncenter\" data-toolset-blocks-image=\"ac19cb1e8fd7a556de407fffa7bd6dd8\"><img decoding=\"async\" loading=\"lazy\" src=\"https:\/\/i0.wp.com\/cofetariascala.11digits.eu\/wp-content\/uploads\/2020\/05\/partener-1.png?fit=432%2C84&#038;ssl=1\" alt=\"\" class=\"\"\/><\/figure>\n<\/div><\/div>\n<\/div>\n\t\n      <div class=\"partener\">\n<div class=\"wp-block-toolset-blocks-container tb-container\" data-toolset-blocks-container=\"ed3832aa6201cbec5b1e5b902dc067e2\"><div class=\"wp-block-image\">\n<figure class=\" tb-image tb-image-dynamic aligncenter\" data-toolset-blocks-image=\"ac19cb1e8fd7a556de407fffa7bd6dd8\"><img decoding=\"async\" loading=\"lazy\" src=\"https:\/\/i0.wp.com\/cofetariascala.11digits.eu\/wp-content\/uploads\/2020\/05\/partener-3-1.png?fit=84%2C84&#038;ssl=1\" alt=\"\" class=\"\"\/><\/figure>\n<\/div><\/div>\n<\/div>\n\t\n\t\n\t<\/div>  \n\t\n\t\n<\/div>\n[\/et_pb_code][\/et_pb_column][\/et_pb_row][\/et_pb_section][et_pb_section fb_built=&#8221;1&#8243; module_id=&#8221;amit kapsz&#8221; _builder_version=&#8221;4.4.7&#8243; custom_margin=&#8221;||||false|false&#8221; custom_padding=&#8221;||0px||false|false&#8221; link_option_url=&#8221;\/magazin\/&#8221; global_module=&#8221;286&#8243; saved_tabs=&#8221;all&#8221;][et_pb_row _builder_version=&#8221;4.4.7&#8243; custom_margin=&#8221;||||false|false&#8221; custom_padding=&#8221;||0px||false|false&#8221;][et_pb_column type=&#8221;4_4&#8243; _builder_version=&#8221;4.4.7&#8243;][et_pb_text _builder_version=&#8221;4.4.7&#8243; header_2_font=&#8221;|600|||||||&#8221; custom_margin=&#8221;||0px||false|false&#8221;]<\/p>\n<h2 style=\"text-align: center;\">Mit k\u00edn\u00e1lunk?<\/h2>\n<p>[\/et_pb_text][et_pb_code _builder_version=&#8221;4.4.8&#8243; text_orientation=&#8221;center&#8221; custom_margin=&#8221;||||false|false&#8221; custom_padding=&#8221;||||false|false&#8221;]<div class=\"woocommerce columns-4\"><ul class=\"products columns-4\">\n<li class=\"product-category product first\">\n\t<\/li>\n<li class=\"product-category product\">\n\t<\/li>\n<li class=\"product-category product\">\n\t<\/li>\n<\/ul>\n<\/div>[\/et_pb_code][\/et_pb_column][\/et_pb_row][\/et_pb_section]<\/p>\n","protected":false},"excerpt":{"rendered":"<p>A mi t\u00f6rt\u00e9net\u00fcnkAz 1990. november 7-\u00e9n megnyitott SCALA Cukr\u00e1szda az egyik els\u0151 cukr\u00e1szda, amely Nagyv\u00e1radon indult, k\u00f6zponti helyen, a Decebal k\u00f6r\u00faton, amely az\u00f3ta is forgalmas ter\u00fclet. A hagyom\u00e1nyos term\u00e9keir\u0151l, eredeti receptjeir\u0151l \u00e9s az otthonr\u00f3l sz\u00e1rmaz\u00f3 \u00e9dess\u00e9gekr\u0151l ismert p\u00e9ks\u00e9g saj\u00e1t laborat\u00f3riumaiban gy\u00e1rtja az \u00e9let\u00fcnk fontos esem\u00e9nyeihez sz\u00fcks\u00e9ges \u00e9dess\u00e9geket, nevezetesen: tort\u00e1kat \u00e9s s\u00fctem\u00e9nyeket esk\u00fcv\u0151kre, keresztel\u0151kre, sz\u00fclet\u00e9snapokra vagy [&hellip;]<\/p>\n","protected":false},"author":1,"featured_media":0,"parent":0,"menu_order":2,"comment_status":"closed","ping_status":"closed","template":"","meta":{"_et_pb_use_builder":"on","_et_pb_old_content":"","_et_gb_content_width":""},"acf":[],"yoast_head":"<!-- This site is optimized with the Yoast SEO plugin v20.9 - https:\/\/yoast.com\/wordpress\/plugins\/seo\/ -->\n<title>A mi t\u00f6rt\u00e9net\u00fcnk - Cofetaria Scala Oradea<\/title>\n<meta name=\"robots\" content=\"index, follow, max-snippet:-1, max-image-preview:large, max-video-preview:-1\" \/>\n<link rel=\"canonical\" href=\"https:\/\/cofetariascala.11digits.eu\/hu\/a-mi-tortenetunk\/\" \/>\n<meta property=\"og:locale\" content=\"hu_HU\" \/>\n<meta property=\"og:type\" content=\"article\" \/>\n<meta property=\"og:title\" content=\"A mi t\u00f6rt\u00e9net\u00fcnk - Cofetaria Scala Oradea\" \/>\n<meta property=\"og:description\" content=\"A mi t\u00f6rt\u00e9net\u00fcnkAz 1990. november 7-\u00e9n megnyitott SCALA Cukr\u00e1szda az egyik els\u0151 cukr\u00e1szda, amely Nagyv\u00e1radon indult, k\u00f6zponti helyen, a Decebal k\u00f6r\u00faton, amely az\u00f3ta is forgalmas ter\u00fclet. A hagyom\u00e1nyos term\u00e9keir\u0151l, eredeti receptjeir\u0151l \u00e9s az otthonr\u00f3l sz\u00e1rmaz\u00f3 \u00e9dess\u00e9gekr\u0151l ismert p\u00e9ks\u00e9g saj\u00e1t laborat\u00f3riumaiban gy\u00e1rtja az \u00e9let\u00fcnk fontos esem\u00e9nyeihez sz\u00fcks\u00e9ges \u00e9dess\u00e9geket, nevezetesen: tort\u00e1kat \u00e9s s\u00fctem\u00e9nyeket esk\u00fcv\u0151kre, keresztel\u0151kre, sz\u00fclet\u00e9snapokra vagy [&hellip;]\" \/>\n<meta property=\"og:url\" content=\"https:\/\/cofetariascala.11digits.eu\/hu\/a-mi-tortenetunk\/\" \/>\n<meta property=\"og:site_name\" content=\"Cofetaria Scala Oradea\" \/>\n<meta property=\"article:publisher\" content=\"https:\/\/www.facebook.com\/cofetariascalaoradea\" \/>\n<meta property=\"article:modified_time\" content=\"2022-12-02T10:35:43+00:00\" \/>\n<meta name=\"twitter:card\" content=\"summary_large_image\" \/>\n<meta name=\"twitter:label1\" content=\"Becs\u00fclt olvas\u00e1si id\u0151\" \/>\n\t<meta name=\"twitter:data1\" content=\"4 perc\" \/>\n<script type=\"application\/ld+json\" class=\"yoast-schema-graph\">{\"@context\":\"https:\/\/schema.org\",\"@graph\":[{\"@type\":\"WebPage\",\"@id\":\"https:\/\/cofetariascala.11digits.eu\/hu\/a-mi-tortenetunk\/\",\"url\":\"https:\/\/cofetariascala.11digits.eu\/hu\/a-mi-tortenetunk\/\",\"name\":\"A mi t\u00f6rt\u00e9net\u00fcnk - Cofetaria Scala Oradea\",\"isPartOf\":{\"@id\":\"https:\/\/cofetariascala.11digits.eu\/hu\/#website\"},\"datePublished\":\"2020-05-25T17:34:32+00:00\",\"dateModified\":\"2022-12-02T10:35:43+00:00\",\"breadcrumb\":{\"@id\":\"https:\/\/cofetariascala.11digits.eu\/hu\/a-mi-tortenetunk\/#breadcrumb\"},\"inLanguage\":\"hu\",\"potentialAction\":[{\"@type\":\"ReadAction\",\"target\":[\"https:\/\/cofetariascala.11digits.eu\/hu\/a-mi-tortenetunk\/\"]}]},{\"@type\":\"BreadcrumbList\",\"@id\":\"https:\/\/cofetariascala.11digits.eu\/hu\/a-mi-tortenetunk\/#breadcrumb\",\"itemListElement\":[{\"@type\":\"ListItem\",\"position\":1,\"name\":\"Prima pagin\u0103\",\"item\":\"https:\/\/cofetariascala.11digits.eu\/hu\/\"},{\"@type\":\"ListItem\",\"position\":2,\"name\":\"A mi t\u00f6rt\u00e9net\u00fcnk\"}]},{\"@type\":\"WebSite\",\"@id\":\"https:\/\/cofetariascala.11digits.eu\/hu\/#website\",\"url\":\"https:\/\/cofetariascala.11digits.eu\/hu\/\",\"name\":\"Cofetaria Scala Oradea\",\"description\":\"-\",\"publisher\":{\"@id\":\"https:\/\/cofetariascala.11digits.eu\/hu\/#organization\"},\"potentialAction\":[{\"@type\":\"SearchAction\",\"target\":{\"@type\":\"EntryPoint\",\"urlTemplate\":\"https:\/\/cofetariascala.11digits.eu\/hu\/?s={search_term_string}\"},\"query-input\":\"required name=search_term_string\"}],\"inLanguage\":\"hu\"},{\"@type\":\"Organization\",\"@id\":\"https:\/\/cofetariascala.11digits.eu\/hu\/#organization\",\"name\":\"Cofetaria Scala Oradea\",\"url\":\"https:\/\/cofetariascala.11digits.eu\/hu\/\",\"logo\":{\"@type\":\"ImageObject\",\"inLanguage\":\"hu\",\"@id\":\"https:\/\/cofetariascala.11digits.eu\/hu\/#\/schema\/logo\/image\/\",\"url\":\"https:\/\/cofetariascalaoradea.ro\/wp-content\/uploads\/2020\/05\/logo-cofetaria-scala-oradea.png\",\"contentUrl\":\"https:\/\/cofetariascalaoradea.ro\/wp-content\/uploads\/2020\/05\/logo-cofetaria-scala-oradea.png\",\"width\":300,\"height\":90,\"caption\":\"Cofetaria Scala Oradea\"},\"image\":{\"@id\":\"https:\/\/cofetariascala.11digits.eu\/hu\/#\/schema\/logo\/image\/\"},\"sameAs\":[\"https:\/\/www.facebook.com\/cofetariascalaoradea\",\"https:\/\/www.instagram.com\/cofetariascalaoradea\"]}]}<\/script>\n<!-- \/ Yoast SEO plugin. -->","yoast_head_json":{"title":"A mi t\u00f6rt\u00e9net\u00fcnk - Cofetaria Scala Oradea","robots":{"index":"index","follow":"follow","max-snippet":"max-snippet:-1","max-image-preview":"max-image-preview:large","max-video-preview":"max-video-preview:-1"},"canonical":"https:\/\/cofetariascala.11digits.eu\/hu\/a-mi-tortenetunk\/","og_locale":"hu_HU","og_type":"article","og_title":"A mi t\u00f6rt\u00e9net\u00fcnk - Cofetaria Scala Oradea","og_description":"A mi t\u00f6rt\u00e9net\u00fcnkAz 1990. november 7-\u00e9n megnyitott SCALA Cukr\u00e1szda az egyik els\u0151 cukr\u00e1szda, amely Nagyv\u00e1radon indult, k\u00f6zponti helyen, a Decebal k\u00f6r\u00faton, amely az\u00f3ta is forgalmas ter\u00fclet. A hagyom\u00e1nyos term\u00e9keir\u0151l, eredeti receptjeir\u0151l \u00e9s az otthonr\u00f3l sz\u00e1rmaz\u00f3 \u00e9dess\u00e9gekr\u0151l ismert p\u00e9ks\u00e9g saj\u00e1t laborat\u00f3riumaiban gy\u00e1rtja az \u00e9let\u00fcnk fontos esem\u00e9nyeihez sz\u00fcks\u00e9ges \u00e9dess\u00e9geket, nevezetesen: tort\u00e1kat \u00e9s s\u00fctem\u00e9nyeket esk\u00fcv\u0151kre, keresztel\u0151kre, sz\u00fclet\u00e9snapokra vagy [&hellip;]","og_url":"https:\/\/cofetariascala.11digits.eu\/hu\/a-mi-tortenetunk\/","og_site_name":"Cofetaria Scala Oradea","article_publisher":"https:\/\/www.facebook.com\/cofetariascalaoradea","article_modified_time":"2022-12-02T10:35:43+00:00","twitter_card":"summary_large_image","twitter_misc":{"Becs\u00fclt olvas\u00e1si id\u0151":"4 perc"},"schema":{"@context":"https:\/\/schema.org","@graph":[{"@type":"WebPage","@id":"https:\/\/cofetariascala.11digits.eu\/hu\/a-mi-tortenetunk\/","url":"https:\/\/cofetariascala.11digits.eu\/hu\/a-mi-tortenetunk\/","name":"A mi t\u00f6rt\u00e9net\u00fcnk - Cofetaria Scala Oradea","isPartOf":{"@id":"https:\/\/cofetariascala.11digits.eu\/hu\/#website"},"datePublished":"2020-05-25T17:34:32+00:00","dateModified":"2022-12-02T10:35:43+00:00","breadcrumb":{"@id":"https:\/\/cofetariascala.11digits.eu\/hu\/a-mi-tortenetunk\/#breadcrumb"},"inLanguage":"hu","potentialAction":[{"@type":"ReadAction","target":["https:\/\/cofetariascala.11digits.eu\/hu\/a-mi-tortenetunk\/"]}]},{"@type":"BreadcrumbList","@id":"https:\/\/cofetariascala.11digits.eu\/hu\/a-mi-tortenetunk\/#breadcrumb","itemListElement":[{"@type":"ListItem","position":1,"name":"Prima pagin\u0103","item":"https:\/\/cofetariascala.11digits.eu\/hu\/"},{"@type":"ListItem","position":2,"name":"A mi t\u00f6rt\u00e9net\u00fcnk"}]},{"@type":"WebSite","@id":"https:\/\/cofetariascala.11digits.eu\/hu\/#website","url":"https:\/\/cofetariascala.11digits.eu\/hu\/","name":"Cofetaria Scala Oradea","description":"-","publisher":{"@id":"https:\/\/cofetariascala.11digits.eu\/hu\/#organization"},"potentialAction":[{"@type":"SearchAction","target":{"@type":"EntryPoint","urlTemplate":"https:\/\/cofetariascala.11digits.eu\/hu\/?s={search_term_string}"},"query-input":"required name=search_term_string"}],"inLanguage":"hu"},{"@type":"Organization","@id":"https:\/\/cofetariascala.11digits.eu\/hu\/#organization","name":"Cofetaria Scala Oradea","url":"https:\/\/cofetariascala.11digits.eu\/hu\/","logo":{"@type":"ImageObject","inLanguage":"hu","@id":"https:\/\/cofetariascala.11digits.eu\/hu\/#\/schema\/logo\/image\/","url":"https:\/\/cofetariascalaoradea.ro\/wp-content\/uploads\/2020\/05\/logo-cofetaria-scala-oradea.png","contentUrl":"https:\/\/cofetariascalaoradea.ro\/wp-content\/uploads\/2020\/05\/logo-cofetaria-scala-oradea.png","width":300,"height":90,"caption":"Cofetaria Scala Oradea"},"image":{"@id":"https:\/\/cofetariascala.11digits.eu\/hu\/#\/schema\/logo\/image\/"},"sameAs":["https:\/\/www.facebook.com\/cofetariascalaoradea","https:\/\/www.instagram.com\/cofetariascalaoradea"]}]}},"_links":{"self":[{"href":"https:\/\/cofetariascala.11digits.eu\/hu\/wp-json\/wp\/v2\/pages\/7633"}],"collection":[{"href":"https:\/\/cofetariascala.11digits.eu\/hu\/wp-json\/wp\/v2\/pages"}],"about":[{"href":"https:\/\/cofetariascala.11digits.eu\/hu\/wp-json\/wp\/v2\/types\/page"}],"author":[{"embeddable":true,"href":"https:\/\/cofetariascala.11digits.eu\/hu\/wp-json\/wp\/v2\/users\/1"}],"replies":[{"embeddable":true,"href":"https:\/\/cofetariascala.11digits.eu\/hu\/wp-json\/wp\/v2\/comments?post=7633"}],"version-history":[{"count":3,"href":"https:\/\/cofetariascala.11digits.eu\/hu\/wp-json\/wp\/v2\/pages\/7633\/revisions"}],"predecessor-version":[{"id":7650,"href":"https:\/\/cofetariascala.11digits.eu\/hu\/wp-json\/wp\/v2\/pages\/7633\/revisions\/7650"}],"wp:attachment":[{"href":"https:\/\/cofetariascala.11digits.eu\/hu\/wp-json\/wp\/v2\/media?parent=7633"}],"curies":[{"name":"wp","href":"https:\/\/api.w.org\/{rel}","templated":true}]}}