{"id":5552,"date":"2022-06-04T14:30:46","date_gmt":"2022-06-04T11:30:46","guid":{"rendered":"https:\/\/cofetariascalaoradea.ro\/?post_type=product&#038;p=5552"},"modified":"2022-06-04T14:44:15","modified_gmt":"2022-06-04T11:44:15","slug":"robby-bubble-zmeura-0-75-l","status":"publish","type":"product","link":"https:\/\/cofetariascala.11digits.eu\/hu\/produs\/robby-bubble-zmeura-0-75-l\/","title":{"rendered":"Robby Bubble Zmeura 0.75 L"},"content":{"rendered":"<div class=\"sc-4anko1-6 loqQEY\" data-testid=\"accordion-item-ingredients\">\n<div class=\"sc-45z6bh-1 fkQDMm\" data-testid=\"more-than\">\n<h5 class=\"sc-14mbxjb-1 fuwtDU\">Ingrediente<\/h5>\n<div class=\"sc-14mbxjb-0 hASLB\">Apa, zahar, suc de struguri rosii (3,8%) din suc concentrat de struguri rosii, suc de capsuni (1,8%) din suc concentrat de capsuni, suc de cirese (1,2%) din suc concentrat de cirese, dioxid de carbon, acidifiant: acid citric, aroma, conservant: dimetilpirocarbonat. Continut de fruct (min. 6,8%).<\/div>\n<\/div>\n<\/div>\n<div class=\"sc-4anko1-6 loqQEY\" data-testid=\"accordion-item-Detalii de utilizare\">\n<div class=\"sc-45z6bh-1 fkQDMm\" data-testid=\"more-than\">\n<h5 class=\"sc-14mbxjb-1 fuwtDU\">Detalii de utilizare<\/h5>\n<div class=\"sc-14mbxjb-0 hASLB\">Continutul este sub presiune. A se deschide in prezenta unui adult. Alcoolul dauneaza grav sanatatii. Consumati cu moderatie. Este interzisa vanzarea catre persoanele sub 18 ani.<\/div>\n<\/div>\n<\/div>\n<div class=\"sc-4anko1-6 loqQEY\" data-testid=\"accordion-item-Detalii pastrare produs\">\n<div class=\"sc-45z6bh-1 fkQDMm\" data-testid=\"more-than\">\n<h5 class=\"sc-14mbxjb-1 fuwtDU\">Detalii pastrare produs<\/h5>\n<div class=\"sc-14mbxjb-0 hASLB\">Se serveste racit, odata deschis se pastreaza la frigider si se consuma in 48 ore.<\/div>\n<\/div>\n<\/div>\n","protected":false},"excerpt":{"rendered":"<p><b>ROBBY BUBBLE <\/b>a inventat conceptul de \u201e\u015fampanie pentru copii\u201d \u00een lume, fiind produs\u0103 pentru prima dat\u0103 \u00een 1994 de c\u0103tre grupul german Schloss Wachenheim, grup din care ZAREA face parte.<\/p>\n<p>Fiind g\u00e2ndit\u0103 pentru copii <strong>nu con\u0163ine, evident, alcool<\/strong> \u015fi <em>are un gust de fructe bine definit \u015fi pl\u0103cut.<\/em> Este oferit\u0103 \u00een 5 sortimente: c\u0103p\u015funi, piersic\u0103, cire\u015fe, zmeur\u0103 \u015fi tropical<\/p>\n","protected":false},"featured_media":5547,"comment_status":"closed","ping_status":"closed","template":"","meta":{"_et_pb_use_builder":"","_et_pb_old_content":"","_et_gb_content_width":"","jetpack_publicize_message":"","jetpack_is_tweetstorm":false,"jetpack_publicize_feature_enabled":true,"jetpack_social_post_already_shared":false,"jetpack_social_options":{"image_generator_settings":{"template":"highway","enabled":false}}},"product_cat":[80],"product_tag":[74,76,77,78,79],"jetpack_publicize_connections":[],"acf":[],"yoast_head":"<!-- This site is optimized with the Yoast SEO plugin v20.9 - https:\/\/yoast.com\/wordpress\/plugins\/seo\/ -->\n<title>Robby Bubble Zmeura 0.75 L - Cofetaria Scala Oradea<\/title>\n<meta name=\"robots\" content=\"index, follow, max-snippet:-1, max-image-preview:large, max-video-preview:-1\" \/>\n<link rel=\"canonical\" href=\"https:\/\/cofetariascala.11digits.eu\/hu\/produs\/robby-bubble-zmeura-0-75-l\/\" \/>\n<meta property=\"og:locale\" content=\"hu_HU\" \/>\n<meta property=\"og:type\" content=\"article\" \/>\n<meta property=\"og:title\" content=\"Robby Bubble Zmeura 0.75 L - Cofetaria Scala Oradea\" \/>\n<meta property=\"og:description\" content=\"ROBBY BUBBLE a inventat conceptul de \u201e\u015fampanie pentru copii\u201d \u00een lume, fiind produs\u0103 pentru prima dat\u0103 \u00een 1994 de c\u0103tre grupul german Schloss Wachenheim, grup din care ZAREA face parte.  Fiind g\u00e2ndit\u0103 pentru copii nu con\u0163ine, evident, alcool \u015fi are un gust de fructe bine definit \u015fi pl\u0103cut. Este oferit\u0103 \u00een 5 sortimente: c\u0103p\u015funi, piersic\u0103, cire\u015fe, zmeur\u0103 \u015fi tropical\" \/>\n<meta property=\"og:url\" content=\"https:\/\/cofetariascala.11digits.eu\/hu\/produs\/robby-bubble-zmeura-0-75-l\/\" \/>\n<meta property=\"og:site_name\" content=\"Cofetaria Scala Oradea\" \/>\n<meta property=\"article:publisher\" content=\"https:\/\/www.facebook.com\/cofetariascalaoradea\" \/>\n<meta property=\"article:modified_time\" content=\"2022-06-04T11:44:15+00:00\" \/>\n<meta property=\"og:image\" content=\"https:\/\/i0.wp.com\/cofetariascala.11digits.eu\/wp-content\/uploads\/2022\/06\/robby_bubble_zmeura_0.75l.jpg?fit=1000%2C1000&ssl=1\" \/>\n\t<meta property=\"og:image:width\" content=\"1000\" \/>\n\t<meta property=\"og:image:height\" content=\"1000\" \/>\n\t<meta property=\"og:image:type\" content=\"image\/jpeg\" \/>\n<meta name=\"twitter:card\" content=\"summary_large_image\" \/>\n<meta name=\"twitter:label1\" content=\"Becs\u00fclt olvas\u00e1si id\u0151\" \/>\n\t<meta name=\"twitter:data1\" content=\"1 perc\" \/>\n<script type=\"application\/ld+json\" class=\"yoast-schema-graph\">{\"@context\":\"https:\/\/schema.org\",\"@graph\":[{\"@type\":\"WebPage\",\"@id\":\"https:\/\/cofetariascala.11digits.eu\/hu\/produs\/robby-bubble-zmeura-0-75-l\/\",\"url\":\"https:\/\/cofetariascala.11digits.eu\/hu\/produs\/robby-bubble-zmeura-0-75-l\/\",\"name\":\"Robby Bubble Zmeura 0.75 L - Cofetaria Scala Oradea\",\"isPartOf\":{\"@id\":\"https:\/\/cofetariascala.11digits.eu\/hu\/#website\"},\"datePublished\":\"2022-06-04T11:30:46+00:00\",\"dateModified\":\"2022-06-04T11:44:15+00:00\",\"breadcrumb\":{\"@id\":\"https:\/\/cofetariascala.11digits.eu\/hu\/produs\/robby-bubble-zmeura-0-75-l\/#breadcrumb\"},\"inLanguage\":\"hu\",\"potentialAction\":[{\"@type\":\"ReadAction\",\"target\":[\"https:\/\/cofetariascala.11digits.eu\/hu\/produs\/robby-bubble-zmeura-0-75-l\/\"]}]},{\"@type\":\"BreadcrumbList\",\"@id\":\"https:\/\/cofetariascala.11digits.eu\/hu\/produs\/robby-bubble-zmeura-0-75-l\/#breadcrumb\",\"itemListElement\":[{\"@type\":\"ListItem\",\"position\":1,\"name\":\"Prima pagin\u0103\",\"item\":\"https:\/\/cofetariascala.11digits.eu\/hu\/\"},{\"@type\":\"ListItem\",\"position\":2,\"name\":\"Bolt\",\"item\":\"https:\/\/cofetariascala.11digits.eu\/hu\/bolt\/\"},{\"@type\":\"ListItem\",\"position\":3,\"name\":\"Robby Bubble Zmeura 0.75 L\"}]},{\"@type\":\"WebSite\",\"@id\":\"https:\/\/cofetariascala.11digits.eu\/hu\/#website\",\"url\":\"https:\/\/cofetariascala.11digits.eu\/hu\/\",\"name\":\"Cofetaria Scala Oradea\",\"description\":\"-\",\"publisher\":{\"@id\":\"https:\/\/cofetariascala.11digits.eu\/hu\/#organization\"},\"potentialAction\":[{\"@type\":\"SearchAction\",\"target\":{\"@type\":\"EntryPoint\",\"urlTemplate\":\"https:\/\/cofetariascala.11digits.eu\/hu\/?s={search_term_string}\"},\"query-input\":\"required name=search_term_string\"}],\"inLanguage\":\"hu\"},{\"@type\":\"Organization\",\"@id\":\"https:\/\/cofetariascala.11digits.eu\/hu\/#organization\",\"name\":\"Cofetaria Scala Oradea\",\"url\":\"https:\/\/cofetariascala.11digits.eu\/hu\/\",\"logo\":{\"@type\":\"ImageObject\",\"inLanguage\":\"hu\",\"@id\":\"https:\/\/cofetariascala.11digits.eu\/hu\/#\/schema\/logo\/image\/\",\"url\":\"https:\/\/cofetariascalaoradea.ro\/wp-content\/uploads\/2020\/05\/logo-cofetaria-scala-oradea.png\",\"contentUrl\":\"https:\/\/cofetariascalaoradea.ro\/wp-content\/uploads\/2020\/05\/logo-cofetaria-scala-oradea.png\",\"width\":300,\"height\":90,\"caption\":\"Cofetaria Scala Oradea\"},\"image\":{\"@id\":\"https:\/\/cofetariascala.11digits.eu\/hu\/#\/schema\/logo\/image\/\"},\"sameAs\":[\"https:\/\/www.facebook.com\/cofetariascalaoradea\",\"https:\/\/www.instagram.com\/cofetariascalaoradea\"]}]}<\/script>\n<!-- \/ Yoast SEO plugin. -->","yoast_head_json":{"title":"Robby Bubble Zmeura 0.75 L - Cofetaria Scala Oradea","robots":{"index":"index","follow":"follow","max-snippet":"max-snippet:-1","max-image-preview":"max-image-preview:large","max-video-preview":"max-video-preview:-1"},"canonical":"https:\/\/cofetariascala.11digits.eu\/hu\/produs\/robby-bubble-zmeura-0-75-l\/","og_locale":"hu_HU","og_type":"article","og_title":"Robby Bubble Zmeura 0.75 L - Cofetaria Scala Oradea","og_description":"ROBBY BUBBLE a inventat conceptul de \u201e\u015fampanie pentru copii\u201d \u00een lume, fiind produs\u0103 pentru prima dat\u0103 \u00een 1994 de c\u0103tre grupul german Schloss Wachenheim, grup din care ZAREA face parte.  Fiind g\u00e2ndit\u0103 pentru copii nu con\u0163ine, evident, alcool \u015fi are un gust de fructe bine definit \u015fi pl\u0103cut. Este oferit\u0103 \u00een 5 sortimente: c\u0103p\u015funi, piersic\u0103, cire\u015fe, zmeur\u0103 \u015fi tropical","og_url":"https:\/\/cofetariascala.11digits.eu\/hu\/produs\/robby-bubble-zmeura-0-75-l\/","og_site_name":"Cofetaria Scala Oradea","article_publisher":"https:\/\/www.facebook.com\/cofetariascalaoradea","article_modified_time":"2022-06-04T11:44:15+00:00","og_image":[{"width":1000,"height":1000,"url":"https:\/\/i0.wp.com\/cofetariascala.11digits.eu\/wp-content\/uploads\/2022\/06\/robby_bubble_zmeura_0.75l.jpg?fit=1000%2C1000&ssl=1","type":"image\/jpeg"}],"twitter_card":"summary_large_image","twitter_misc":{"Becs\u00fclt olvas\u00e1si id\u0151":"1 perc"},"schema":{"@context":"https:\/\/schema.org","@graph":[{"@type":"WebPage","@id":"https:\/\/cofetariascala.11digits.eu\/hu\/produs\/robby-bubble-zmeura-0-75-l\/","url":"https:\/\/cofetariascala.11digits.eu\/hu\/produs\/robby-bubble-zmeura-0-75-l\/","name":"Robby Bubble Zmeura 0.75 L - Cofetaria Scala Oradea","isPartOf":{"@id":"https:\/\/cofetariascala.11digits.eu\/hu\/#website"},"datePublished":"2022-06-04T11:30:46+00:00","dateModified":"2022-06-04T11:44:15+00:00","breadcrumb":{"@id":"https:\/\/cofetariascala.11digits.eu\/hu\/produs\/robby-bubble-zmeura-0-75-l\/#breadcrumb"},"inLanguage":"hu","potentialAction":[{"@type":"ReadAction","target":["https:\/\/cofetariascala.11digits.eu\/hu\/produs\/robby-bubble-zmeura-0-75-l\/"]}]},{"@type":"BreadcrumbList","@id":"https:\/\/cofetariascala.11digits.eu\/hu\/produs\/robby-bubble-zmeura-0-75-l\/#breadcrumb","itemListElement":[{"@type":"ListItem","position":1,"name":"Prima pagin\u0103","item":"https:\/\/cofetariascala.11digits.eu\/hu\/"},{"@type":"ListItem","position":2,"name":"Bolt","item":"https:\/\/cofetariascala.11digits.eu\/hu\/bolt\/"},{"@type":"ListItem","position":3,"name":"Robby Bubble Zmeura 0.75 L"}]},{"@type":"WebSite","@id":"https:\/\/cofetariascala.11digits.eu\/hu\/#website","url":"https:\/\/cofetariascala.11digits.eu\/hu\/","name":"Cofetaria Scala Oradea","description":"-","publisher":{"@id":"https:\/\/cofetariascala.11digits.eu\/hu\/#organization"},"potentialAction":[{"@type":"SearchAction","target":{"@type":"EntryPoint","urlTemplate":"https:\/\/cofetariascala.11digits.eu\/hu\/?s={search_term_string}"},"query-input":"required name=search_term_string"}],"inLanguage":"hu"},{"@type":"Organization","@id":"https:\/\/cofetariascala.11digits.eu\/hu\/#organization","name":"Cofetaria Scala Oradea","url":"https:\/\/cofetariascala.11digits.eu\/hu\/","logo":{"@type":"ImageObject","inLanguage":"hu","@id":"https:\/\/cofetariascala.11digits.eu\/hu\/#\/schema\/logo\/image\/","url":"https:\/\/cofetariascalaoradea.ro\/wp-content\/uploads\/2020\/05\/logo-cofetaria-scala-oradea.png","contentUrl":"https:\/\/cofetariascalaoradea.ro\/wp-content\/uploads\/2020\/05\/logo-cofetaria-scala-oradea.png","width":300,"height":90,"caption":"Cofetaria Scala Oradea"},"image":{"@id":"https:\/\/cofetariascala.11digits.eu\/hu\/#\/schema\/logo\/image\/"},"sameAs":["https:\/\/www.facebook.com\/cofetariascalaoradea","https:\/\/www.instagram.com\/cofetariascalaoradea"]}]}},"_links":{"self":[{"href":"https:\/\/cofetariascala.11digits.eu\/hu\/wp-json\/wp\/v2\/product\/5552"}],"collection":[{"href":"https:\/\/cofetariascala.11digits.eu\/hu\/wp-json\/wp\/v2\/product"}],"about":[{"href":"https:\/\/cofetariascala.11digits.eu\/hu\/wp-json\/wp\/v2\/types\/product"}],"replies":[{"embeddable":true,"href":"https:\/\/cofetariascala.11digits.eu\/hu\/wp-json\/wp\/v2\/comments?post=5552"}],"wp:featuredmedia":[{"embeddable":true,"href":"https:\/\/cofetariascala.11digits.eu\/hu\/wp-json\/wp\/v2\/media\/5547"}],"wp:attachment":[{"href":"https:\/\/cofetariascala.11digits.eu\/hu\/wp-json\/wp\/v2\/media?parent=5552"}],"wp:term":[{"taxonomy":"product_cat","embeddable":true,"href":"https:\/\/cofetariascala.11digits.eu\/hu\/wp-json\/wp\/v2\/product_cat?post=5552"},{"taxonomy":"product_tag","embeddable":true,"href":"https:\/\/cofetariascala.11digits.eu\/hu\/wp-json\/wp\/v2\/product_tag?post=5552"}],"curies":[{"name":"wp","href":"https:\/\/api.w.org\/{rel}","templated":true}]}}